{"id":1739,"date":"2019-07-20T00:12:34","date_gmt":"2019-07-20T00:12:34","guid":{"rendered":"https:\/\/goya.everthemes.com\/demo-decor\/?page_id=12"},"modified":"2024-10-06T14:46:32","modified_gmt":"2024-10-06T14:46:32","slug":"terminos-condiciones","status":"publish","type":"page","link":"https:\/\/elcrochetderose.com\/?page_id=1739","title":{"rendered":"T\u00e9rminos y condiciones"},"content":{"rendered":"\n<h2 class=\"wp-block-heading\">Introducci\u00f3n<\/h2>\n\n\n\n<p>Las presentes Condiciones de Uso as\u00ed como las condiciones particulares que puedan establecerse, regulan el uso del sitio web www.elcrochetderose.com (en adelante \u201celcrochetderose.com\u201d), del que es titular y gestiona <strong>El Crochet de Rose (Rosa \u00c1ngela Galindo Zarco, ES49755169M)<\/strong>.<\/p>\n\n\n\n<p>La navegaci\u00f3n por el sitio web, la utilizaci\u00f3n y\/o la compra de cualquiera de los productos expuestos en El Crochet de Rose, suponen la total aceptaci\u00f3n por parte del usuario\/comprador de todas y cada una de las presentes Condiciones de Uso, as\u00ed como en su caso, de las Condiciones Particulares que pudieran ser establecidas.<\/p>\n\n\n\n<h3 class=\"wp-block-heading\">Pedidos<\/h3>\n\n\n\n<p>1. Los precios mostrados en el sitio web incluyen IVA. El IVA aplicado es el vigente en cada momento en Espa\u00f1a, pa\u00eds donde est\u00e1 ubicada la raz\u00f3n social de la compa\u00f1\u00eda.<\/p>\n\n\n\n<p>2. Para evitar errores, todos los pedidos deben realizarse on-line, o por escrito v\u00eda email.<\/p>\n\n\n\n<p>3. Los colores y otros acabados de las im\u00e1genes de los productos ofrecidos en elcrochetderose.com pueden variar respecto a los del producto final.<\/p>\n\n\n\n<p>4. Las fotograf\u00edas, archivos descargables, representaciones gr\u00e1ficas o iconogr\u00e1ficas relativas a los productos ofrecidos, incluyendo nombres comerciales, marcas, signos distintivos de cualquier clase o denominaciones contenidas en elcrochetderose.com, \u00fanicamente tienen efectos ilustrativos u orientativos, con el fin de ofrecer la mayor informaci\u00f3n posible al usuario, pero sin que tengan car\u00e1cter contractual con ECDR.<\/p>\n\n\n\n<p>5. En un plazo de 48 horas desde el encargo del pedido en nuestra web, el cliente recibir\u00e1 una confirmaci\u00f3n de su pedido y la factura pro-forma v\u00eda email, con el plazo de entrega, importe final, listado de productos, colores o acabados, etc. Es imprescindible verificar los datos del pedido, ya que cualquier recargo posterior ocasionado por un error en el pedido ser\u00e1 responsabilidad del cliente.<\/p>\n\n\n\n<p>6. ECDR no desarrollar\u00e1 ning\u00fan pedido hasta que el cliente realice el pago acordado en la factura pro-forma.<\/p>\n\n\n\n<p>7. Para los pedidos adquiridos por ECDR bajo petici\u00f3n expresa del cliente, una vez abierto el proceso de encargo al fabricante, NO habr\u00e1 posibilidad de cancelaci\u00f3n ni de modificaci\u00f3n en ninguna circunstancia. El cliente pagar\u00e1 el 100% del precio facturado al reconocer que ECDR debe pagar a sus proveedores igualmente por la adquisici\u00f3n de dichos productos. Esta cl\u00e1usula no se aplica en el marco del ejercicio del derecho de desistimiento.<\/p>\n\n\n\n<p>8. ECDR no se hace responsable de las consecuencias legales y de los gastos que puedan derivarse de la compra a trav\u00e9s de dihweb.com por parte de un menor de edad o una persona carente de aptitud legal, siendo en todo caso responsable los padres o tutores que tengan a su cargo.<\/p>\n\n\n\n<h3 class=\"wp-block-heading\">Entregas<\/h3>\n\n\n\n<p>9. Entregamos pedidos en Espa\u00f1a.<\/p>\n\n\n\n<p>10. Los plazos de entrega mostrados en nuestro sitio web son orientativos. Este plazo empieza a contar desde el momento en que ECDR recibe el pago y puede realizar la factura correspondiente al pedido.<\/p>\n\n\n\n<p>11. Los gastos de env\u00edo corren a cargo del cliente.<\/p>\n\n\n\n<p>12. El cliente debe facilitar un tel\u00e9fono y una direcci\u00f3n de email donde el transportista pueda localizarlo\/a para concertar el momento de la entrega.<\/p>\n\n\n\n<p>13. Los paquetes ser\u00e1n devueltos a nuestro almac\u00e9n si el transportista no logra contactar con el cliente por tel\u00e9fono o email durante 3 d\u00edas seguidos. Si el cliente expresa posteriormente su deseo de recibir el pedido, deber\u00e1 pagar los gastos de transporte de un nuevo env\u00edo.<\/p>\n\n\n\n<p>14. El cliente tiene la obligaci\u00f3n de indicar cualquier detalle importante para la entrega. Cualquier gasto adicional por dificultades de acceso a la direcci\u00f3n de entrega, correr\u00e1 a cargo del cliente.<\/p>\n\n\n\n<p>15. Si observa alg\u00fan desperfecto en el producto ocasionado durante el transporte, debe comunicarlo en un plazo de 24h desde su recepci\u00f3n a nuestro Servicio de Atenci\u00f3n al Cliente, llamando al 617831206 o remitiendo los datos del pedido al correo electr\u00f3nico info@elcrochetderose.com. ECDR s\u00f3lo garantiza la reposici\u00f3n del producto da\u00f1ado si avisa dentro de este plazo de 24h y si hace constar \u201cConforme salvo examen\u201d junto a su firma en el albar\u00e1n del transportista.<\/p>\n\n\n\n<p>16. Se ruega ponerse en contacto con nuestro Servicio T\u00e9cnico para verificar las medidas exactas de un producto antes de realizar el pedido.<\/p>\n\n\n\n<p>17. El material se entrega perfectamente embalado y protegido dentro de su caja. Si por cualquier motivo usted ordena el desembalaje del mismo antes de llegar a su destino final, cualquier desperfecto causado estar\u00e1 fuera de nuestra responsabilidad.<\/p>\n\n\n\n<p>18. ECDR no se responsabiliza de los retrasos ocasionados por el transporte, ya que se trata de un servicio externo fuera de nuestro control, pero ayudar\u00e1 con la gesti\u00f3n para cualquier reclamaci\u00f3n al respecto. El cliente puede dirigirse directamente a la empresa de transporte. En el momento de la compra usted contrata ese servicio fuera de nuestra competencia.<\/p>\n\n\n\n<h3 class=\"wp-block-heading\">Condiciones de pago<\/h3>\n\n\n\n<p>19. M\u00e9todos de pago: transferencia bancaria, bizum, tarjeta de cr\u00e9dito o PayPal.<\/p>\n\n\n\n<p>20. El cliente debe abonar el 100% del importe de la factura pro forma para realizar un pedido.<\/p>\n\n\n\n<p>21. Si despu\u00e9s de 2 meses desde que los productos solicitados est\u00e9n disponibles en los almacenes de ECDR, el cliente a\u00fan no los ha recogido, deber\u00e1 pagar los gastos de almacenaje.<\/p>\n\n\n\n<p>22. En el caso de pedidos de art\u00edculos fuera de stock, adquiridos por ECDR bajo petici\u00f3n expresa del cliente, NO habr\u00e1 posibilidad de cancelaci\u00f3n ni de modificaci\u00f3n en ninguna circunstancia. El cliente pagar\u00e1 el 100% del precio facturado al reconocer que ECDR debe pagar a sus proveedores igualmente por la adquisici\u00f3n de dichos productos. Esta cl\u00e1usula no se aplica en el marco del ejercicio del derecho de desistimiento.<\/p>\n\n\n\n<p><strong>Productos defectuosos o errorres en el pedido<\/strong><\/p>\n\n\n\n<p>23. Si ha habido un error en su pedido o si ha recibido un art\u00edculo con defecto, puede reclamar en un plazo de 14 d\u00edas naturales despu\u00e9s de haber recibido la mercanc\u00eda, escribiendo un email a: info@elcrochetderose.com.<\/p>\n\n\n\n<p>24. Durante ese plazo de 14 d\u00edas naturales, el cliente debe conservar el embalaje original del producto en perfecto estado. Sin este embalaje, ECDR no acepta devoluciones de ning\u00fan tipo.<\/p>\n\n\n\n<p>25. Si el defecto ha sido ocasionado por rotura (golpes, ara\u00f1azos, etc.) si observa el embalaje en mal estado debe indicarlo en el albar\u00e1n de entrega del transportista. Si no lo indica, al firmar el albar\u00e1n expresa su conformidad con la entrega y la empresa de transporte no se har\u00e1 responsable de ning\u00fan da\u00f1o de este tipo.<\/p>\n\n\n\n<p>26. Igualmente, debe indicar si falta alg\u00fan producto en el albar\u00e1n de entrega. Si no lo hace, la empresa de transporte no se har\u00e1 responsable de errores en la entrega ni de p\u00e9rdida de mercanc\u00edas.<\/p>\n\n\n\n<p>27. En caso de da\u00f1os ocasionados durante el transporte, tiene un plazo de 24 horas tras recibir la mercanc\u00eda para notificar los desperfectos al Departamento de Incidencias: info@elcrochetderose.com.<\/p>\n\n\n\n<p>28. Recuerde enviar fotograf\u00edas del producto y del embalaje por email, mostrando el error o desperfecto. Sin fotograf\u00edas no podemos tramitar la incidencia, estas nos ayudan a gestionar el reembolso o la gesti\u00f3n de reposici\u00f3n del producto.<\/p>\n\n\n\n<p>29. La reposici\u00f3n del producto defectuoso o la subsanaci\u00f3n de un error en el pedido por nuestra parte no supondr\u00e1 ning\u00fan gasto adicional para el cliente. Si no acepta la reposici\u00f3n o subsanaci\u00f3n, el cliente debe pagar los gastos de transporte de ida y de vuelta de la mercanc\u00eda.<\/p>\n\n\n\n<p>30. En caso de devoluci\u00f3n por cualquier otra causa que no sea desperfecto del producto o error en el pedido, el cliente debe pagar los gastos de transporte de ida y de vuelta de la mercanc\u00eda.<\/p>\n\n\n\n<p>31. En cualquier caso, s\u00f3lo aceptamos devoluciones de productos que no hayan sido montados ni utilizados, y que conserven el embalaje original en perfecto estado.<\/p>\n\n\n\n<p>32. Una vez que ECDR haya recibido la mercanc\u00eda, comprobaremos su estado, y procederemos al abono al cliente si corresponde.<\/p>\n\n\n\n<p>33. Las descripciones de todos los art\u00edculos del sitio web contienen las medidas y los colores del producto. Estos datos son aproximados y no se ajustan 100% a la realidad. Si para el cliente es imprescindible conocer con exactitud estas caracter\u00edsticas, contacte con nuestro Servicio T\u00e9cnico. Los gastos de transporte de ida y de vuelta de devoluciones por motivos t\u00e9cnicos de este tipo, correr\u00e1n a cargo del cliente.<\/p>\n\n\n\n<p><strong>Condiciones de devoluci\u00f3n<\/strong><\/p>\n\n\n\n<p>34.\u00a0\u00a0\u00a0\u00a0\u00a0\u00a0 El derecho de desistimiento no ser\u00e1 aplicable a los pedidos que se refieran a:<\/p>\n\n\n\n<ul class=\"wp-block-list\">\n<li>Productos confeccionados, caracterizados o claramente personalizados seg\u00fan las especificaciones del cliente.<\/li>\n\n\n\n<li>Productos que puedan deteriorarse o caducar con rapidez.<\/li>\n\n\n\n<li>Productos adquiridos por ECDR bajo petici\u00f3n expresa del cliente.<\/li>\n<\/ul>\n\n\n\n<p>35.\u00a0\u00a0\u00a0\u00a0\u00a0\u00a0 En cualquier caso, s\u00f3lo aceptaremos devoluciones de\u00a0productos que no hayan sido montados, ni usados\u00a0y que\u00a0conserven el embalaje original en perfecto estado.<\/p>\n\n\n\n<p><strong>Derecho de desistimiento<\/strong><\/p>\n\n\n\n<p>36. El cliente tiene derecho a desistir de cualquier compra sin necesidad de justificaci\u00f3n, en un plazo de\u00a014 d\u00edas naturales\u00a0desde el d\u00eda en que el cliente o un tercero indicado por \u00e9l, distinto del transportista, recibe la mercanc\u00eda. Para ejercer este derecho, deber\u00e1 notificar su decisi\u00f3n de desistir del contrato antes de que venza el plazo de 14 d\u00edas, por correo ordinario o correo electr\u00f3nico:<\/p>\n\n\n\n<hr class=\"wp-block-separator has-alpha-channel-opacity\"\/>\n\n\n\n<p><strong>El Crochet de Rose (Rosa \u00c1ngela Galindo Zarco, ES49755169M)<\/strong>.<\/p>\n\n\n\n<p>Av. Francesc Maci\u00e0, 7, 2B, porta 2, 25007, Lleida (L\u00e9rida), L\u00e9rida, Espa\u00f1a<\/p>\n\n\n\n<p>Telf. 617831206<\/p>\n\n\n\n<p>Correo electr\u00f3nico:\u00a0<a href=\"mailto:info@designersinhome.com\">info@<\/a>elcrochetrose.com<\/p>\n\n\n\n<hr class=\"wp-block-separator has-alpha-channel-opacity\"\/>\n\n\n\n<p>37. Podr\u00e1 utilizar el modelo de notificaci\u00f3n de desistimiento que figura a continuaci\u00f3n, aunque su uso no es obligatorio:<\/p>\n\n\n\n<hr class=\"wp-block-separator has-alpha-channel-opacity\"\/>\n\n\n\n<p><em>A la atenci\u00f3n de El Crochet de Rose, con direcci\u00f3n en Av. Francesc Maci\u00e0, 7, 2B, porta 2, 25007, Lleida (L\u00e9rida), L\u00e9rida, Espa\u00f1a, tel\u00e9fono 617831206 y direcci\u00f3n de correo electr\u00f3nico info@elcrochetderose.com<\/em><\/p>\n\n\n\n<p><em>Por la presente le comunico que desisto de mi derecho de compra del\/de los siguiente\/s producto\/s: (indicar nombre, referencia y cantidad del producto que desea devolver).<\/em><\/p>\n\n\n\n<p><em>N\u00famero del pedido<\/em><br><em>Direcci\u00f3n de entrega del pedido<\/em><br><em>Nombre completo del cliente<\/em><br><em>Motivo del desistimiento<\/em><br><em>Fecha y firma, en caso de presentarse por correo ordinario<\/em><\/p>\n\n\n\n<hr class=\"wp-block-separator has-alpha-channel-opacity\"\/>\n\n\n\n<p>38. En caso de desistimiento por su parte, le devolveremos todos los pagos realizados por usted, excepto los gastos de env\u00edo o los gastos adicionales resultantes de la elecci\u00f3n por su parte de una modalidad de entrega diferente a la modalidad menos costosa de entrega ordinaria que ofrezcamos, sin ninguna demora indebida y, en todo caso, a m\u00e1s tardar 14 d\u00edas naturales a partir de la fecha en la que nos informe de su decisi\u00f3n de desistir del contrato de compra.<\/p>\n\n\n\n<p>39. Efectuaremos el reembolso utilizando el mismo medio de pago que usted emple\u00f3 para la transacci\u00f3n inicial, a no ser que indique expresamente lo contrario. En todo caso, no incurrir\u00e1 en ning\u00fan gasto como consecuencia del reembolso. Podremos retener el reembolso hasta haber recibido los productos, o bien hasta que usted haya presentado una prueba de la devoluci\u00f3n de los mismos.<\/p>\n\n\n\n<p>40. Para llevar a cabo la devoluci\u00f3n, debe ponerse en contacto con ECDR. En ning\u00fan caso el cliente debe devolver la mercanc\u00eda a ECDR por sus propios medios. ECDR no se har\u00e1 responsable de la mercanc\u00eda si el cliente la devuelve por sus propios medios.<\/p>\n\n\n\n<p>41. Los gastos de env\u00edo de la devoluci\u00f3n de los productos correr\u00e1n a cargo del cliente. La disminuci\u00f3n de valor de los productos devueltos por una manipulaci\u00f3n distinta a la necesaria para establecer la naturaleza, las caracter\u00edsticas y el funcionamiento de los mismos, ser\u00e1n responsabilidad exclusiva del cliente, que deber\u00e1 recompensar a ECDR por los perjuicios ocasionados.<\/p>\n\n\n\n<p><strong>Garant\u00eda<\/strong><\/p>\n\n\n\n<p>42. Todos los productos tienen una garant\u00eda desde la fecha de factura, s\u00f3lo para defectos de fabricaci\u00f3n.<\/p>\n\n\n\n<p>43. La garant\u00eda le asegura la sustituci\u00f3n o reparaci\u00f3n del art\u00edculo tantas veces como sea necesario sin ning\u00fan coste, pero nunca se devuelve la totalidad del importe pagado pasados los 14 d\u00edas de la entrega.<\/p>\n\n\n\n<h3 class=\"wp-block-heading\">Divergencias<\/h3>\n\n\n\n<p>44. Para cualquier divergencia originada por el incumplimiento de las condiciones de compra-venta, las dos partes se someter\u00e1n a proceso judicial en los juzgados o tribunales de Ciudad de Lleida renunciando a los suyos propios si fueran otros.<\/p>\n\n\n\n<h3 class=\"wp-block-heading\">Registro de datos<\/h3>\n\n\n\n<p>46. Para poder prestar el servicio, el usuario deber\u00e1 registrarse en\u00a0elcrochetderose.com. Sus datos ser\u00e1n almacenados de forma automatizada en servidores de bases de datos alojados en Espa\u00f1a. Dicha informaci\u00f3n se tratar\u00e1 de modo totalmente confidencial para uso administrativo y operativo.<\/p>\n","protected":false},"excerpt":{"rendered":"<p>Introducci\u00f3n Las presentes Condiciones de Uso as\u00ed como las condiciones particulares que puedan establecerse, regulan el uso del sitio web www.elcrochetderose.com (en adelante \u201celcrochetderose.com\u201d), del que es titular y gestiona El Crochet de Rose (Rosa \u00c1ngela Galindo Zarco, ES49755169M). La navegaci\u00f3n por el sitio web, la utilizaci\u00f3n y\/o la compra [&hellip;]<\/p>\n","protected":false},"author":1,"featured_media":0,"parent":0,"menu_order":0,"comment_status":"closed","ping_status":"closed","template":"","meta":{"footnotes":""},"class_list":["post-1739","page","type-page","status-publish","hentry"],"yoast_head":"<!-- This site is optimized with the Yoast SEO plugin v27.3 - https:\/\/yoast.com\/product\/yoast-seo-wordpress\/ -->\n<title>T\u00e9rminos y condiciones - El crochet de Rose<\/title>\n<meta name=\"description\" content=\"Conoce nuestros t\u00e9rminos y condiciones que est\u00e1n sujetos a las legislaciones del estado espa\u00f1ol y europeo, aqu\u00ed en El Crochet de Rose.\" \/>\n<meta name=\"robots\" content=\"index, follow, max-snippet:-1, max-image-preview:large, max-video-preview:-1\" \/>\n<link rel=\"canonical\" href=\"https:\/\/elcrochetderose.com\/?page_id=1739\" \/>\n<meta property=\"og:locale\" content=\"es_ES\" \/>\n<meta property=\"og:type\" content=\"article\" \/>\n<meta property=\"og:title\" content=\"T\u00e9rminos y condiciones - El crochet de Rose\" \/>\n<meta property=\"og:description\" content=\"Conoce nuestros t\u00e9rminos y condiciones que est\u00e1n sujetos a las legislaciones del estado espa\u00f1ol y europeo, aqu\u00ed en El Crochet de Rose.\" \/>\n<meta property=\"og:url\" content=\"https:\/\/elcrochetderose.com\/?page_id=1739\" \/>\n<meta property=\"og:site_name\" content=\"El crochet de Rose\" \/>\n<meta property=\"article:modified_time\" content=\"2024-10-06T14:46:32+00:00\" \/>\n<meta name=\"twitter:card\" content=\"summary_large_image\" \/>\n<meta name=\"twitter:label1\" content=\"Tiempo de lectura\" \/>\n\t<meta name=\"twitter:data1\" content=\"9 minutos\" \/>\n<script type=\"application\/ld+json\" class=\"yoast-schema-graph\">{\"@context\":\"https:\\\/\\\/schema.org\",\"@graph\":[{\"@type\":\"WebPage\",\"@id\":\"https:\\\/\\\/elcrochetderose.com\\\/?page_id=1739\",\"url\":\"https:\\\/\\\/elcrochetderose.com\\\/?page_id=1739\",\"name\":\"T\u00e9rminos y condiciones - El crochet de Rose\",\"isPartOf\":{\"@id\":\"https:\\\/\\\/elcrochetderose.com\\\/#website\"},\"datePublished\":\"2019-07-20T00:12:34+00:00\",\"dateModified\":\"2024-10-06T14:46:32+00:00\",\"description\":\"Conoce nuestros t\u00e9rminos y condiciones que est\u00e1n sujetos a las legislaciones del estado espa\u00f1ol y europeo, aqu\u00ed en El Crochet de Rose.\",\"breadcrumb\":{\"@id\":\"https:\\\/\\\/elcrochetderose.com\\\/?page_id=1739#breadcrumb\"},\"inLanguage\":\"es\",\"potentialAction\":[{\"@type\":\"ReadAction\",\"target\":[\"https:\\\/\\\/elcrochetderose.com\\\/?page_id=1739\"]}]},{\"@type\":\"BreadcrumbList\",\"@id\":\"https:\\\/\\\/elcrochetderose.com\\\/?page_id=1739#breadcrumb\",\"itemListElement\":[{\"@type\":\"ListItem\",\"position\":1,\"name\":\"Home\",\"item\":\"https:\\\/\\\/elcrochetderose.com\\\/\"},{\"@type\":\"ListItem\",\"position\":2,\"name\":\"T\u00e9rminos y condiciones\"}]},{\"@type\":\"WebSite\",\"@id\":\"https:\\\/\\\/elcrochetderose.com\\\/#website\",\"url\":\"https:\\\/\\\/elcrochetderose.com\\\/\",\"name\":\"El crochet de Rose\",\"description\":\"\",\"publisher\":{\"@id\":\"https:\\\/\\\/elcrochetderose.com\\\/#organization\"},\"potentialAction\":[{\"@type\":\"SearchAction\",\"target\":{\"@type\":\"EntryPoint\",\"urlTemplate\":\"https:\\\/\\\/elcrochetderose.com\\\/?s={search_term_string}\"},\"query-input\":{\"@type\":\"PropertyValueSpecification\",\"valueRequired\":true,\"valueName\":\"search_term_string\"}}],\"inLanguage\":\"es\"},{\"@type\":\"Organization\",\"@id\":\"https:\\\/\\\/elcrochetderose.com\\\/#organization\",\"name\":\"El crochet de Rose\",\"url\":\"https:\\\/\\\/elcrochetderose.com\\\/\",\"logo\":{\"@type\":\"ImageObject\",\"inLanguage\":\"es\",\"@id\":\"https:\\\/\\\/elcrochetderose.com\\\/#\\\/schema\\\/logo\\\/image\\\/\",\"url\":\"https:\\\/\\\/elcrochetderose.com\\\/wp-content\\\/uploads\\\/2024\\\/07\\\/cropped-logo-mostaza-el-crochet-de-rose.png\",\"contentUrl\":\"https:\\\/\\\/elcrochetderose.com\\\/wp-content\\\/uploads\\\/2024\\\/07\\\/cropped-logo-mostaza-el-crochet-de-rose.png\",\"width\":266,\"height\":80,\"caption\":\"El crochet de Rose\"},\"image\":{\"@id\":\"https:\\\/\\\/elcrochetderose.com\\\/#\\\/schema\\\/logo\\\/image\\\/\"}}]}<\/script>\n<!-- \/ Yoast SEO plugin. -->","yoast_head_json":{"title":"T\u00e9rminos y condiciones - El crochet de Rose","description":"Conoce nuestros t\u00e9rminos y condiciones que est\u00e1n sujetos a las legislaciones del estado espa\u00f1ol y europeo, aqu\u00ed en El Crochet de Rose.","robots":{"index":"index","follow":"follow","max-snippet":"max-snippet:-1","max-image-preview":"max-image-preview:large","max-video-preview":"max-video-preview:-1"},"canonical":"https:\/\/elcrochetderose.com\/?page_id=1739","og_locale":"es_ES","og_type":"article","og_title":"T\u00e9rminos y condiciones - El crochet de Rose","og_description":"Conoce nuestros t\u00e9rminos y condiciones que est\u00e1n sujetos a las legislaciones del estado espa\u00f1ol y europeo, aqu\u00ed en El Crochet de Rose.","og_url":"https:\/\/elcrochetderose.com\/?page_id=1739","og_site_name":"El crochet de Rose","article_modified_time":"2024-10-06T14:46:32+00:00","twitter_card":"summary_large_image","twitter_misc":{"Tiempo de lectura":"9 minutos"},"schema":{"@context":"https:\/\/schema.org","@graph":[{"@type":"WebPage","@id":"https:\/\/elcrochetderose.com\/?page_id=1739","url":"https:\/\/elcrochetderose.com\/?page_id=1739","name":"T\u00e9rminos y condiciones - El crochet de Rose","isPartOf":{"@id":"https:\/\/elcrochetderose.com\/#website"},"datePublished":"2019-07-20T00:12:34+00:00","dateModified":"2024-10-06T14:46:32+00:00","description":"Conoce nuestros t\u00e9rminos y condiciones que est\u00e1n sujetos a las legislaciones del estado espa\u00f1ol y europeo, aqu\u00ed en El Crochet de Rose.","breadcrumb":{"@id":"https:\/\/elcrochetderose.com\/?page_id=1739#breadcrumb"},"inLanguage":"es","potentialAction":[{"@type":"ReadAction","target":["https:\/\/elcrochetderose.com\/?page_id=1739"]}]},{"@type":"BreadcrumbList","@id":"https:\/\/elcrochetderose.com\/?page_id=1739#breadcrumb","itemListElement":[{"@type":"ListItem","position":1,"name":"Home","item":"https:\/\/elcrochetderose.com\/"},{"@type":"ListItem","position":2,"name":"T\u00e9rminos y condiciones"}]},{"@type":"WebSite","@id":"https:\/\/elcrochetderose.com\/#website","url":"https:\/\/elcrochetderose.com\/","name":"El crochet de Rose","description":"","publisher":{"@id":"https:\/\/elcrochetderose.com\/#organization"},"potentialAction":[{"@type":"SearchAction","target":{"@type":"EntryPoint","urlTemplate":"https:\/\/elcrochetderose.com\/?s={search_term_string}"},"query-input":{"@type":"PropertyValueSpecification","valueRequired":true,"valueName":"search_term_string"}}],"inLanguage":"es"},{"@type":"Organization","@id":"https:\/\/elcrochetderose.com\/#organization","name":"El crochet de Rose","url":"https:\/\/elcrochetderose.com\/","logo":{"@type":"ImageObject","inLanguage":"es","@id":"https:\/\/elcrochetderose.com\/#\/schema\/logo\/image\/","url":"https:\/\/elcrochetderose.com\/wp-content\/uploads\/2024\/07\/cropped-logo-mostaza-el-crochet-de-rose.png","contentUrl":"https:\/\/elcrochetderose.com\/wp-content\/uploads\/2024\/07\/cropped-logo-mostaza-el-crochet-de-rose.png","width":266,"height":80,"caption":"El crochet de Rose"},"image":{"@id":"https:\/\/elcrochetderose.com\/#\/schema\/logo\/image\/"}}]}},"brizy_media":[],"_links":{"self":[{"href":"https:\/\/elcrochetderose.com\/index.php?rest_route=\/wp\/v2\/pages\/1739","targetHints":{"allow":["GET"]}}],"collection":[{"href":"https:\/\/elcrochetderose.com\/index.php?rest_route=\/wp\/v2\/pages"}],"about":[{"href":"https:\/\/elcrochetderose.com\/index.php?rest_route=\/wp\/v2\/types\/page"}],"author":[{"embeddable":true,"href":"https:\/\/elcrochetderose.com\/index.php?rest_route=\/wp\/v2\/users\/1"}],"replies":[{"embeddable":true,"href":"https:\/\/elcrochetderose.com\/index.php?rest_route=%2Fwp%2Fv2%2Fcomments&post=1739"}],"version-history":[{"count":3,"href":"https:\/\/elcrochetderose.com\/index.php?rest_route=\/wp\/v2\/pages\/1739\/revisions"}],"predecessor-version":[{"id":2310,"href":"https:\/\/elcrochetderose.com\/index.php?rest_route=\/wp\/v2\/pages\/1739\/revisions\/2310"}],"wp:attachment":[{"href":"https:\/\/elcrochetderose.com\/index.php?rest_route=%2Fwp%2Fv2%2Fmedia&parent=1739"}],"curies":[{"name":"wp","href":"https:\/\/api.w.org\/{rel}","templated":true}]}}