{"id":340,"date":"2019-07-24T01:37:17","date_gmt":"2019-07-24T01:37:17","guid":{"rendered":"https:\/\/goya.everthemes.com\/demo-decor\/?page_id=340"},"modified":"2024-09-28T19:17:55","modified_gmt":"2024-09-28T19:17:55","slug":"sobre-el-crochet-de-rose","status":"publish","type":"page","link":"https:\/\/elcrochetderose.com\/?page_id=340","title":{"rendered":"Sobre m\u00ed"},"content":{"rendered":"<div class=\"wpb-content-wrapper\">[vc_row et_full_width=\u00bbtrue\u00bb et_row_padding=\u00bbtrue\u00bb et_column_align=\u00bbalign-center\u00bb parallax=\u00bbcontent-moving\u00bb][vc_column et_column_color=\u00bbet-light-column\u00bb]\r\n\t\t<div class=\"et-banner-69fc5d4f06e77 et-banner content-full  image-type-css vh-height text-color-light hover-effect hover-zoom \"  style=\"height: 70vh;\"><div class=\"et-banner-image\" role=\"img\" aria-label=\"sobre-mi-crochet-de-rose\" data-image=\"https:\/\/elcrochetderose.com\/wp-content\/uploads\/2024\/09\/sobre-mi-crochet-de-rose.jpg\" style=\"background-image: url(https:\/\/elcrochetderose.com\/wp-content\/uploads\/2024\/09\/sobre-mi-crochet-de-rose.jpg);\"><\/div>\r\n\t\t\t<div class=\"et-banner-content\">\r\n\t\t\t\t<div class=\"et-banner-content-inner container\">\r\n\t\t\t\t\t<div class=\"et-banner-text h_center v_center align_center\">\r\n\t\t\t\t\t\t<div class=\"et-banner-text-inner animated\" data-animate=\"et-fadeInUp\"><h2 class=\"et-banner-title color- xxlarge\">Sobre m\u00ed<\/h2><div class=\"et-banner-paragraph\"><p>Mi proyecto de crochet<\/p>\n<\/div><\/div>\r\n\t\t\t\t\t<\/div>\r\n\t\t\t\t<\/div>\r\n\t\t\t<\/div>\r\n\t\t<\/div>[\/vc_column][\/vc_row][vc_row et_column_align=\u00bbalign-center\u00bb css=\u00bb.vc_custom_1579121915525{padding-top: 60px !important;padding-bottom: 40px !important;}\u00bb][vc_column animation=\u00bbanimation bottom-to-top\u00bb offset=\u00bbvc_col-lg-8&#8243;][vc_row_inner et_column_align=\u00bbalign-center\u00bb][vc_column_inner][vc_column_text css=\u00bb\u00bb]\n<h2>El Crochet de Rose<\/h2>\n[\/vc_column_text][vc_column_text css=\u00bb\u00bb]<strong>El Crochet de Rose<\/strong> es mi marca dedicada al mundo del crochet en Lleida, a trav\u00e9s de la cual vendo una amplia variedad de productos y servicios. En mi estudio, puedes encontrar amigurumis hechos a mano, productos de crochet personalizados, y materiales de alta calidad para que puedas realizar tus propias creaciones.<\/p>\n<p>Adem\u00e1s, ofrezco clases presenciales, donde ense\u00f1o desde los conceptos b\u00e1sicos hasta t\u00e9cnicas avanzadas. Tambi\u00e9n tengo un canal de YouTube donde comparto tutoriales, tips y proyectos, y un perfil de Instagram donde muestro los talleres que realizo, los trabajos de mis alumnas, y mis propios patrones de crochet. A trav\u00e9s de <strong>Crochet de Rose<\/strong>, busco inspirar y acompa\u00f1ar a quienes, como yo, disfrutan del arte de tejer.[\/vc_column_text][\/vc_column_inner][\/vc_row_inner][vc_row_inner et_column_align=\u00bbalign-center\u00bb][vc_column_inner width=\u00bb1\/3&#8243;][vc_column_text css=\u00bb\u00bb]\n<h4 class=\"vc_custom_heading\">Mi misi\u00f3n<\/h4>\n[\/vc_column_text][\/vc_column_inner][vc_column_inner width=\u00bb2\/3&#8243;][vc_column_text css=\u00bb\u00bb]<span style=\"font-weight: 400;\">Poder desarrollarme a nivel creativo y ver que otras personas se pueden beneficiar de lo mejor del crochet: la tranquilidad mental, paz, entretenimiento, satisfacci\u00f3n de terminar un proyecto y ver algo bonito en el que puedes reflejarte<\/span>[\/vc_column_text][\/vc_column_inner][\/vc_row_inner][vc_row_inner et_column_align=\u00bbalign-center\u00bb][vc_column_inner width=\u00bb1\/3&#8243;][vc_column_text css=\u00bb\u00bb]\n<h4 class=\"vc_custom_heading\">Mi visi\u00f3n<\/h4>\n[\/vc_column_text][\/vc_column_inner][vc_column_inner width=\u00bb2\/3&#8243;][vc_column_text css=\u00bb\u00bb]\n<div class=\"flex-shrink-0 flex flex-col relative items-end\">\n<div>\n<div class=\"pt-0\">\n<div class=\"gizmo-shadow-stroke flex h-8 w-8 items-center justify-center overflow-hidden rounded-full\">\n<div class=\"h-full w-full\"><\/div>\n<\/div>\n<\/div>\n<\/div>\n<\/div>\n<div class=\"group\/conversation-turn relative flex w-full min-w-0 flex-col agent-turn\">\n<div class=\"flex-col gap-1 md:gap-3\">\n<div class=\"flex max-w-full flex-col flex-grow\">\n<div class=\"min-h-8 text-message flex w-full flex-col items-end gap-2 whitespace-normal break-words [.text-message+&amp;]:mt-5\" dir=\"auto\" data-message-author-role=\"assistant\" data-message-id=\"945be4fb-e8c9-47d4-bc86-d7b0c5aa602e\">\n<div class=\"flex w-full flex-col gap-1 empty:hidden first:pt-[3px]\">\n<div class=\"markdown prose w-full break-words dark:prose-invert light\">\n<p>Convertir El Crochet de Rose en una marca de referencia en el mundo del crochet, ofreciendo productos y servicios de alta calidad que inspiran a personas de todas las edades a desarrollar su creatividad. Quiero ser reconocida no solo por mis creaciones artesanales y materiales, sino tambi\u00e9n por la formaci\u00f3n que brindo y mi capacidad de crear una comunidad apasionada por el crochet.<\/p>\n<\/div>\n<\/div>\n<\/div>\n<\/div>\n<\/div>\n<\/div>\n[\/vc_column_text][\/vc_column_inner][\/vc_row_inner][\/vc_column][\/vc_row][vc_row][vc_column][vc_row_inner][vc_column_inner animation=\u00bbanimation bottom-to-top\u00bb]\t<div class=\"et-image-647 et-image aligncenter    et_image_link\">\n\t\t<div class=\"et-image-inner animation bottom-to-top\">\n\t\t\t\t\t\t\t<div class=\"et-image-thumb \">\n\t\t\t\t\t<img fetchpriority=\"high\" decoding=\"async\" width=\"1707\" height=\"2560\" src=\"https:\/\/elcrochetderose.com\/wp-content\/uploads\/2024\/09\/el-crochet-de-rose-scaled.jpg\" class=\"attachment-full\" alt=\"\" title=\"el-crochet-de-rose\" srcset=\"https:\/\/elcrochetderose.com\/wp-content\/uploads\/2024\/09\/el-crochet-de-rose-scaled.jpg 1707w, https:\/\/elcrochetderose.com\/wp-content\/uploads\/2024\/09\/el-crochet-de-rose-200x300.jpg 200w, https:\/\/elcrochetderose.com\/wp-content\/uploads\/2024\/09\/el-crochet-de-rose-683x1024.jpg 683w, https:\/\/elcrochetderose.com\/wp-content\/uploads\/2024\/09\/el-crochet-de-rose-768x1152.jpg 768w, https:\/\/elcrochetderose.com\/wp-content\/uploads\/2024\/09\/el-crochet-de-rose-1024x1536.jpg 1024w, https:\/\/elcrochetderose.com\/wp-content\/uploads\/2024\/09\/el-crochet-de-rose-1365x2048.jpg 1365w, https:\/\/elcrochetderose.com\/wp-content\/uploads\/2024\/09\/el-crochet-de-rose-8x12.jpg 8w, https:\/\/elcrochetderose.com\/wp-content\/uploads\/2024\/09\/el-crochet-de-rose-100x150.jpg 100w, https:\/\/elcrochetderose.com\/wp-content\/uploads\/2024\/09\/el-crochet-de-rose-600x900.jpg 600w, https:\/\/elcrochetderose.com\/wp-content\/uploads\/2024\/09\/el-crochet-de-rose-900x1350.jpg 900w\" sizes=\"(max-width: 1707px) 100vw, 1707px\" \/>\t\t\t\t<\/div>\n\t\t\t\t\t\t\t\t\t\t\t<\/div>\n\t<\/div>\n  [\/vc_column_inner][\/vc_row_inner][\/vc_column][\/vc_row][vc_row et_column_align=\u00bbalign-center\u00bb css=\u00bb.vc_custom_1579121928936{padding-top: 60px !important;padding-bottom: 60px !important;}\u00bb][vc_column offset=\u00bbvc_col-lg-8&#8243;][vc_column_text css=\u00bb\u00bb]\n<h2>Marcas con las que colaboro<\/h2>\n[\/vc_column_text][vc_column_text css=\u00bb\u00bb]Estas son algunas de las marcas con las que colaboro:[\/vc_column_text][vc_row_inner][vc_column_inner width=\u00bb1\/3&#8243;][\/vc_column_inner][vc_column_inner width=\u00bb1\/3&#8243;]  <div class=\"et-team-member animation bottom-to-top\">\n  \t<div class=\"et-team-member-image default\">\n\t  \t<figure style=\"background-image:url('https:\/\/elcrochetderose.com\/wp-content\/uploads\/2024\/09\/casasol.jpg')\">\n\t\t \t\t<div class=\"overlay\">\n\t\t\t\t\t<div class=\"et-member-social\">\n\t\t\t\t\t\t\t\t\t\t\t\t\t<a href=\"https:\/\/www.facebook.com\/casasol.filicor\/\" class=\"facebook\" target=\"_blank\"><span class=\"et-icon et-facebook\"><\/span><\/a>\n\t\t\t\t\t\t\t\t\t\t\t\t\t\t\t\t\t\t\t\t\t\t\t\t\t\t\t\t\t\t\t\t\t\t\t\t\t<a href=\"https:\/\/www.instagram.com\/casasol.filicor\/\" class=\"instagram\" target=\"_blank\"><span class=\"et-icon et-instagram\"><\/span><\/a>\n\t\t\t\t\t\t\t\t\t\t\t\t\t\t\t\t\t<\/div>\n\t\t\t\t<\/div>\n\t  \t<\/figure>\n\t\t<\/div>\n\t\t<div class=\"et-member-information\">\n\t\t\t\t\t\t\t<h5>Casasol<\/h5>\n\t\t\t\t  \t\t  \t\t<p>Especialistas en hilos, cordeles y cuerdas<\/p>\n\t  \t  \t<\/div>\n\t<\/div>\n  [\/vc_column_inner][vc_column_inner width=\u00bb1\/3&#8243;][\/vc_column_inner][\/vc_row_inner][\/vc_column][\/vc_row]\n<\/div>","protected":false},"excerpt":{"rendered":"<p>[vc_row et_full_width=\u00bbtrue\u00bb et_row_padding=\u00bbtrue\u00bb et_column_align=\u00bbalign-center\u00bb parallax=\u00bbcontent-moving\u00bb][vc_column et_column_color=\u00bbet-light-column\u00bb][\/vc_column][\/vc_row][vc_row et_column_align=\u00bbalign-center\u00bb css=\u00bb.vc_custom_1579121915525{padding-top: 60px !important;padding-bottom: 40px !important;}\u00bb][vc_column animation=\u00bbanimation bottom-to-top\u00bb offset=\u00bbvc_col-lg-8&#8243;][vc_row_inner et_column_align=\u00bbalign-center\u00bb][vc_column_inner][vc_column_text css=\u00bb\u00bb] El Crochet de Rose [\/vc_column_text][vc_column_text css=\u00bb\u00bb]El Crochet de Rose es mi marca dedicada al mundo del crochet en Lleida, a trav\u00e9s de la cual vendo una amplia variedad de productos y servicios. En [&hellip;]<\/p>\n","protected":false},"author":1,"featured_media":0,"parent":0,"menu_order":0,"comment_status":"closed","ping_status":"closed","template":"","meta":{"footnotes":""},"class_list":["post-340","page","type-page","status-publish","hentry"],"yoast_head":"<!-- This site is optimized with the Yoast SEO plugin v27.3 - https:\/\/yoast.com\/product\/yoast-seo-wordpress\/ -->\n<title>Sobre m\u00ed - El crochet de Rose<\/title>\n<meta name=\"description\" content=\"Te cuento todo sobre mi proyecto El Crochet de Rose. Conoce m\u00e1s informaci\u00f3n sobre las marcas con las que colaboro y mi misi\u00f3n con el crochet.\" \/>\n<meta name=\"robots\" content=\"index, follow, max-snippet:-1, max-image-preview:large, max-video-preview:-1\" \/>\n<link rel=\"canonical\" href=\"https:\/\/elcrochetderose.com\/?page_id=340\" \/>\n<meta property=\"og:locale\" content=\"es_ES\" \/>\n<meta property=\"og:type\" content=\"article\" \/>\n<meta property=\"og:title\" content=\"Sobre m\u00ed - El crochet de Rose\" \/>\n<meta property=\"og:description\" content=\"Te cuento todo sobre mi proyecto El Crochet de Rose. Conoce m\u00e1s informaci\u00f3n sobre las marcas con las que colaboro y mi misi\u00f3n con el crochet.\" \/>\n<meta property=\"og:url\" content=\"https:\/\/elcrochetderose.com\/?page_id=340\" \/>\n<meta property=\"og:site_name\" content=\"El crochet de Rose\" \/>\n<meta property=\"article:modified_time\" content=\"2024-09-28T19:17:55+00:00\" \/>\n<meta name=\"twitter:card\" content=\"summary_large_image\" \/>\n<meta name=\"twitter:label1\" content=\"Tiempo de lectura\" \/>\n\t<meta name=\"twitter:data1\" content=\"2 minutos\" \/>\n<script type=\"application\/ld+json\" class=\"yoast-schema-graph\">{\"@context\":\"https:\\\/\\\/schema.org\",\"@graph\":[{\"@type\":\"WebPage\",\"@id\":\"https:\\\/\\\/elcrochetderose.com\\\/?page_id=340\",\"url\":\"https:\\\/\\\/elcrochetderose.com\\\/?page_id=340\",\"name\":\"Sobre m\u00ed - El crochet de Rose\",\"isPartOf\":{\"@id\":\"https:\\\/\\\/elcrochetderose.com\\\/#website\"},\"datePublished\":\"2019-07-24T01:37:17+00:00\",\"dateModified\":\"2024-09-28T19:17:55+00:00\",\"description\":\"Te cuento todo sobre mi proyecto El Crochet de Rose. Conoce m\u00e1s informaci\u00f3n sobre las marcas con las que colaboro y mi misi\u00f3n con el crochet.\",\"breadcrumb\":{\"@id\":\"https:\\\/\\\/elcrochetderose.com\\\/?page_id=340#breadcrumb\"},\"inLanguage\":\"es\",\"potentialAction\":[{\"@type\":\"ReadAction\",\"target\":[\"https:\\\/\\\/elcrochetderose.com\\\/?page_id=340\"]}]},{\"@type\":\"BreadcrumbList\",\"@id\":\"https:\\\/\\\/elcrochetderose.com\\\/?page_id=340#breadcrumb\",\"itemListElement\":[{\"@type\":\"ListItem\",\"position\":1,\"name\":\"Home\",\"item\":\"https:\\\/\\\/elcrochetderose.com\\\/\"},{\"@type\":\"ListItem\",\"position\":2,\"name\":\"Sobre m\u00ed\"}]},{\"@type\":\"WebSite\",\"@id\":\"https:\\\/\\\/elcrochetderose.com\\\/#website\",\"url\":\"https:\\\/\\\/elcrochetderose.com\\\/\",\"name\":\"El crochet de Rose\",\"description\":\"\",\"publisher\":{\"@id\":\"https:\\\/\\\/elcrochetderose.com\\\/#organization\"},\"potentialAction\":[{\"@type\":\"SearchAction\",\"target\":{\"@type\":\"EntryPoint\",\"urlTemplate\":\"https:\\\/\\\/elcrochetderose.com\\\/?s={search_term_string}\"},\"query-input\":{\"@type\":\"PropertyValueSpecification\",\"valueRequired\":true,\"valueName\":\"search_term_string\"}}],\"inLanguage\":\"es\"},{\"@type\":\"Organization\",\"@id\":\"https:\\\/\\\/elcrochetderose.com\\\/#organization\",\"name\":\"El crochet de Rose\",\"url\":\"https:\\\/\\\/elcrochetderose.com\\\/\",\"logo\":{\"@type\":\"ImageObject\",\"inLanguage\":\"es\",\"@id\":\"https:\\\/\\\/elcrochetderose.com\\\/#\\\/schema\\\/logo\\\/image\\\/\",\"url\":\"https:\\\/\\\/elcrochetderose.com\\\/wp-content\\\/uploads\\\/2024\\\/07\\\/cropped-logo-mostaza-el-crochet-de-rose.png\",\"contentUrl\":\"https:\\\/\\\/elcrochetderose.com\\\/wp-content\\\/uploads\\\/2024\\\/07\\\/cropped-logo-mostaza-el-crochet-de-rose.png\",\"width\":266,\"height\":80,\"caption\":\"El crochet de Rose\"},\"image\":{\"@id\":\"https:\\\/\\\/elcrochetderose.com\\\/#\\\/schema\\\/logo\\\/image\\\/\"}}]}<\/script>\n<!-- \/ Yoast SEO plugin. -->","yoast_head_json":{"title":"Sobre m\u00ed - El crochet de Rose","description":"Te cuento todo sobre mi proyecto El Crochet de Rose. Conoce m\u00e1s informaci\u00f3n sobre las marcas con las que colaboro y mi misi\u00f3n con el crochet.","robots":{"index":"index","follow":"follow","max-snippet":"max-snippet:-1","max-image-preview":"max-image-preview:large","max-video-preview":"max-video-preview:-1"},"canonical":"https:\/\/elcrochetderose.com\/?page_id=340","og_locale":"es_ES","og_type":"article","og_title":"Sobre m\u00ed - El crochet de Rose","og_description":"Te cuento todo sobre mi proyecto El Crochet de Rose. Conoce m\u00e1s informaci\u00f3n sobre las marcas con las que colaboro y mi misi\u00f3n con el crochet.","og_url":"https:\/\/elcrochetderose.com\/?page_id=340","og_site_name":"El crochet de Rose","article_modified_time":"2024-09-28T19:17:55+00:00","twitter_card":"summary_large_image","twitter_misc":{"Tiempo de lectura":"2 minutos"},"schema":{"@context":"https:\/\/schema.org","@graph":[{"@type":"WebPage","@id":"https:\/\/elcrochetderose.com\/?page_id=340","url":"https:\/\/elcrochetderose.com\/?page_id=340","name":"Sobre m\u00ed - El crochet de Rose","isPartOf":{"@id":"https:\/\/elcrochetderose.com\/#website"},"datePublished":"2019-07-24T01:37:17+00:00","dateModified":"2024-09-28T19:17:55+00:00","description":"Te cuento todo sobre mi proyecto El Crochet de Rose. Conoce m\u00e1s informaci\u00f3n sobre las marcas con las que colaboro y mi misi\u00f3n con el crochet.","breadcrumb":{"@id":"https:\/\/elcrochetderose.com\/?page_id=340#breadcrumb"},"inLanguage":"es","potentialAction":[{"@type":"ReadAction","target":["https:\/\/elcrochetderose.com\/?page_id=340"]}]},{"@type":"BreadcrumbList","@id":"https:\/\/elcrochetderose.com\/?page_id=340#breadcrumb","itemListElement":[{"@type":"ListItem","position":1,"name":"Home","item":"https:\/\/elcrochetderose.com\/"},{"@type":"ListItem","position":2,"name":"Sobre m\u00ed"}]},{"@type":"WebSite","@id":"https:\/\/elcrochetderose.com\/#website","url":"https:\/\/elcrochetderose.com\/","name":"El crochet de Rose","description":"","publisher":{"@id":"https:\/\/elcrochetderose.com\/#organization"},"potentialAction":[{"@type":"SearchAction","target":{"@type":"EntryPoint","urlTemplate":"https:\/\/elcrochetderose.com\/?s={search_term_string}"},"query-input":{"@type":"PropertyValueSpecification","valueRequired":true,"valueName":"search_term_string"}}],"inLanguage":"es"},{"@type":"Organization","@id":"https:\/\/elcrochetderose.com\/#organization","name":"El crochet de Rose","url":"https:\/\/elcrochetderose.com\/","logo":{"@type":"ImageObject","inLanguage":"es","@id":"https:\/\/elcrochetderose.com\/#\/schema\/logo\/image\/","url":"https:\/\/elcrochetderose.com\/wp-content\/uploads\/2024\/07\/cropped-logo-mostaza-el-crochet-de-rose.png","contentUrl":"https:\/\/elcrochetderose.com\/wp-content\/uploads\/2024\/07\/cropped-logo-mostaza-el-crochet-de-rose.png","width":266,"height":80,"caption":"El crochet de Rose"},"image":{"@id":"https:\/\/elcrochetderose.com\/#\/schema\/logo\/image\/"}}]}},"brizy_media":[],"_links":{"self":[{"href":"https:\/\/elcrochetderose.com\/index.php?rest_route=\/wp\/v2\/pages\/340","targetHints":{"allow":["GET"]}}],"collection":[{"href":"https:\/\/elcrochetderose.com\/index.php?rest_route=\/wp\/v2\/pages"}],"about":[{"href":"https:\/\/elcrochetderose.com\/index.php?rest_route=\/wp\/v2\/types\/page"}],"author":[{"embeddable":true,"href":"https:\/\/elcrochetderose.com\/index.php?rest_route=\/wp\/v2\/users\/1"}],"replies":[{"embeddable":true,"href":"https:\/\/elcrochetderose.com\/index.php?rest_route=%2Fwp%2Fv2%2Fcomments&post=340"}],"version-history":[{"count":6,"href":"https:\/\/elcrochetderose.com\/index.php?rest_route=\/wp\/v2\/pages\/340\/revisions"}],"predecessor-version":[{"id":2235,"href":"https:\/\/elcrochetderose.com\/index.php?rest_route=\/wp\/v2\/pages\/340\/revisions\/2235"}],"wp:attachment":[{"href":"https:\/\/elcrochetderose.com\/index.php?rest_route=%2Fwp%2Fv2%2Fmedia&parent=340"}],"curies":[{"name":"wp","href":"https:\/\/api.w.org\/{rel}","templated":true}]}}