{"id":197,"date":"2024-07-21T02:25:07","date_gmt":"2024-07-21T00:25:07","guid":{"rendered":"https:\/\/goya.everthemes.com\/demo-decor\/?post_type=product&#038;p=197"},"modified":"2025-10-28T10:34:17","modified_gmt":"2025-10-28T09:34:17","slug":"clean-cut-dining-chair","status":"publish","type":"product","link":"https:\/\/elcrochetderose.com\/?product=clean-cut-dining-chair","title":{"rendered":"Ovillo lana merino y acr\u00edlico Crudo Eureka &#8211; Ovillo Crudo"},"content":{"rendered":"<p>El ovillo crudo de la colecci\u00f3n Eureka de Casasol es una elecci\u00f3n atemporal y vers\u00e1til que a\u00f1ade un toque de calidez y simplicidad a tus proyectos. Su tonalidad neutra, que se asemeja a un beige suave, es ideal para crear una amplia gama de prendas, accesorios y decoraciones que se adaptan a cualquier estilo.<\/p>\n<h2>Ovillo Crudo, colecci\u00f3n Eureka<\/h2>\n<p>Fabricado con materiales de alta calidad, este ovillo ofrece una textura suave y agradable al tacto, garantizando una experiencia de tejido c\u00f3moda y un acabado duradero. Perfecto tanto para principiantes como para expertos, el ovillo color crudo es una base excelente para dar vida a tus ideas creativas.<\/p>\n<p>&nbsp;<\/p>\n<h3>Detalles del producto<\/h3>\n<ul>\n<li><strong>Material<\/strong>: 50% Lana, 50% Pc Acr\u00edlico<\/li>\n<li><strong>Peso:<\/strong> 100 gr\/ 200 m<\/li>\n<li><strong>Agujas recomendadas: <\/strong>4 mm, 4,5 mm, 5 mm, 5,5 mm<\/li>\n<li><strong>Color:<\/strong> Crudo 10433<\/li>\n<li><strong>Fabricante:<\/strong> Casasol<\/li>\n<\/ul>\n","protected":false},"excerpt":{"rendered":"<ul>\n<li><strong>Material<\/strong>: 50% Lana, 50% Pc Acr\u00edlico<\/li>\n<li><strong>Peso:<\/strong> 100 gr\/ 200 m<\/li>\n<li><strong>Agujas recomendadas: <\/strong>4 mm, 4,5 mm, 5 mm, 5,5 mm<\/li>\n<li><strong>Color:<\/strong> Crudo 10433<\/li>\n<li><strong>Fabricante:<\/strong> Casasol<\/li>\n<\/ul>\n","protected":false},"featured_media":2401,"comment_status":"open","ping_status":"closed","template":"","meta":[],"product_brand":[],"product_cat":[68,40],"product_tag":[34,41],"class_list":{"0":"post-197","1":"product","2":"type-product","3":"status-publish","4":"has-post-thumbnail","6":"product_cat-hilo-eureka","7":"product_cat-material-de-crochet","8":"product_tag-dining","9":"product_tag-living","11":"first","12":"instock","13":"taxable","14":"shipping-taxable","15":"purchasable","16":"product-type-simple"},"yoast_head":"<!-- This site is optimized with the Yoast SEO plugin v27.3 - https:\/\/yoast.com\/product\/yoast-seo-wordpress\/ -->\n<title>Ovillo lana merino y acr\u00edlico Crudo Eureka - Ovillo Crudo - El crochet de Rose<\/title>\n<meta name=\"description\" content=\"El ovillo crudo de la colecci\u00f3n Eureka de Casasol es una elecci\u00f3n atemporal y vers\u00e1til que a\u00f1ade un toque de calidez y simplicidad a tus proyectos.\" \/>\n<meta name=\"robots\" content=\"index, follow, max-snippet:-1, max-image-preview:large, max-video-preview:-1\" \/>\n<link rel=\"canonical\" href=\"https:\/\/elcrochetderose.com\/?product=clean-cut-dining-chair\" \/>\n<meta property=\"og:locale\" content=\"es_ES\" \/>\n<meta property=\"og:type\" content=\"article\" \/>\n<meta property=\"og:title\" content=\"Ovillo lana merino y acr\u00edlico Crudo Eureka - Ovillo Crudo - El crochet de Rose\" \/>\n<meta property=\"og:description\" content=\"El ovillo crudo de la colecci\u00f3n Eureka de Casasol es una elecci\u00f3n atemporal y vers\u00e1til que a\u00f1ade un toque de calidez y simplicidad a tus proyectos.\" \/>\n<meta property=\"og:url\" content=\"https:\/\/elcrochetderose.com\/?product=clean-cut-dining-chair\" \/>\n<meta property=\"og:site_name\" content=\"El crochet de Rose\" \/>\n<meta property=\"article:modified_time\" content=\"2025-10-28T09:34:17+00:00\" \/>\n<meta property=\"og:image\" content=\"https:\/\/elcrochetderose.com\/wp-content\/uploads\/2019\/07\/eureka-crudo.jpg\" \/>\n\t<meta property=\"og:image:width\" content=\"1800\" \/>\n\t<meta property=\"og:image:height\" content=\"1800\" \/>\n\t<meta property=\"og:image:type\" content=\"image\/jpeg\" \/>\n<meta name=\"twitter:card\" content=\"summary_large_image\" \/>\n<meta name=\"twitter:label1\" content=\"Tiempo de lectura\" \/>\n\t<meta name=\"twitter:data1\" content=\"1 minuto\" \/>\n<script type=\"application\/ld+json\" class=\"yoast-schema-graph\">{\"@context\":\"https:\\\/\\\/schema.org\",\"@graph\":[{\"@type\":\"WebPage\",\"@id\":\"https:\\\/\\\/elcrochetderose.com\\\/?product=clean-cut-dining-chair\",\"url\":\"https:\\\/\\\/elcrochetderose.com\\\/?product=clean-cut-dining-chair\",\"name\":\"Ovillo lana merino y acr\u00edlico Crudo Eureka - Ovillo Crudo - El crochet de Rose\",\"isPartOf\":{\"@id\":\"https:\\\/\\\/elcrochetderose.com\\\/#website\"},\"primaryImageOfPage\":{\"@id\":\"https:\\\/\\\/elcrochetderose.com\\\/?product=clean-cut-dining-chair#primaryimage\"},\"image\":{\"@id\":\"https:\\\/\\\/elcrochetderose.com\\\/?product=clean-cut-dining-chair#primaryimage\"},\"thumbnailUrl\":\"https:\\\/\\\/elcrochetderose.com\\\/wp-content\\\/uploads\\\/2019\\\/07\\\/eureka-crudo.jpg\",\"datePublished\":\"2024-07-21T00:25:07+00:00\",\"dateModified\":\"2025-10-28T09:34:17+00:00\",\"description\":\"El ovillo crudo de la colecci\u00f3n Eureka de Casasol es una elecci\u00f3n atemporal y vers\u00e1til que a\u00f1ade un toque de calidez y simplicidad a tus proyectos.\",\"breadcrumb\":{\"@id\":\"https:\\\/\\\/elcrochetderose.com\\\/?product=clean-cut-dining-chair#breadcrumb\"},\"inLanguage\":\"es\",\"potentialAction\":[{\"@type\":\"ReadAction\",\"target\":[\"https:\\\/\\\/elcrochetderose.com\\\/?product=clean-cut-dining-chair\"]}]},{\"@type\":\"ImageObject\",\"inLanguage\":\"es\",\"@id\":\"https:\\\/\\\/elcrochetderose.com\\\/?product=clean-cut-dining-chair#primaryimage\",\"url\":\"https:\\\/\\\/elcrochetderose.com\\\/wp-content\\\/uploads\\\/2019\\\/07\\\/eureka-crudo.jpg\",\"contentUrl\":\"https:\\\/\\\/elcrochetderose.com\\\/wp-content\\\/uploads\\\/2019\\\/07\\\/eureka-crudo.jpg\",\"width\":1800,\"height\":1800,\"caption\":\"Conoce el ovillo crudo de la colecci\u00f3n eureka de casasol\"},{\"@type\":\"BreadcrumbList\",\"@id\":\"https:\\\/\\\/elcrochetderose.com\\\/?product=clean-cut-dining-chair#breadcrumb\",\"itemListElement\":[{\"@type\":\"ListItem\",\"position\":1,\"name\":\"Home\",\"item\":\"https:\\\/\\\/elcrochetderose.com\\\/\"},{\"@type\":\"ListItem\",\"position\":2,\"name\":\"Tienda de crochet\",\"item\":\"https:\\\/\\\/elcrochetderose.com\\\/?page_id=1734\"},{\"@type\":\"ListItem\",\"position\":3,\"name\":\"Ovillo lana merino y acr\u00edlico Crudo Eureka &#8211; Ovillo Crudo\"}]},{\"@type\":\"WebSite\",\"@id\":\"https:\\\/\\\/elcrochetderose.com\\\/#website\",\"url\":\"https:\\\/\\\/elcrochetderose.com\\\/\",\"name\":\"El crochet de Rose\",\"description\":\"\",\"publisher\":{\"@id\":\"https:\\\/\\\/elcrochetderose.com\\\/#organization\"},\"potentialAction\":[{\"@type\":\"SearchAction\",\"target\":{\"@type\":\"EntryPoint\",\"urlTemplate\":\"https:\\\/\\\/elcrochetderose.com\\\/?s={search_term_string}\"},\"query-input\":{\"@type\":\"PropertyValueSpecification\",\"valueRequired\":true,\"valueName\":\"search_term_string\"}}],\"inLanguage\":\"es\"},{\"@type\":\"Organization\",\"@id\":\"https:\\\/\\\/elcrochetderose.com\\\/#organization\",\"name\":\"El crochet de Rose\",\"url\":\"https:\\\/\\\/elcrochetderose.com\\\/\",\"logo\":{\"@type\":\"ImageObject\",\"inLanguage\":\"es\",\"@id\":\"https:\\\/\\\/elcrochetderose.com\\\/#\\\/schema\\\/logo\\\/image\\\/\",\"url\":\"https:\\\/\\\/elcrochetderose.com\\\/wp-content\\\/uploads\\\/2024\\\/07\\\/cropped-logo-mostaza-el-crochet-de-rose.png\",\"contentUrl\":\"https:\\\/\\\/elcrochetderose.com\\\/wp-content\\\/uploads\\\/2024\\\/07\\\/cropped-logo-mostaza-el-crochet-de-rose.png\",\"width\":266,\"height\":80,\"caption\":\"El crochet de Rose\"},\"image\":{\"@id\":\"https:\\\/\\\/elcrochetderose.com\\\/#\\\/schema\\\/logo\\\/image\\\/\"}}]}<\/script>\n<!-- \/ Yoast SEO plugin. -->","yoast_head_json":{"title":"Ovillo lana merino y acr\u00edlico Crudo Eureka - Ovillo Crudo - El crochet de Rose","description":"El ovillo crudo de la colecci\u00f3n Eureka de Casasol es una elecci\u00f3n atemporal y vers\u00e1til que a\u00f1ade un toque de calidez y simplicidad a tus proyectos.","robots":{"index":"index","follow":"follow","max-snippet":"max-snippet:-1","max-image-preview":"max-image-preview:large","max-video-preview":"max-video-preview:-1"},"canonical":"https:\/\/elcrochetderose.com\/?product=clean-cut-dining-chair","og_locale":"es_ES","og_type":"article","og_title":"Ovillo lana merino y acr\u00edlico Crudo Eureka - Ovillo Crudo - El crochet de Rose","og_description":"El ovillo crudo de la colecci\u00f3n Eureka de Casasol es una elecci\u00f3n atemporal y vers\u00e1til que a\u00f1ade un toque de calidez y simplicidad a tus proyectos.","og_url":"https:\/\/elcrochetderose.com\/?product=clean-cut-dining-chair","og_site_name":"El crochet de Rose","article_modified_time":"2025-10-28T09:34:17+00:00","og_image":[{"width":1800,"height":1800,"url":"https:\/\/elcrochetderose.com\/wp-content\/uploads\/2019\/07\/eureka-crudo.jpg","type":"image\/jpeg"}],"twitter_card":"summary_large_image","twitter_misc":{"Tiempo de lectura":"1 minuto"},"schema":{"@context":"https:\/\/schema.org","@graph":[{"@type":"WebPage","@id":"https:\/\/elcrochetderose.com\/?product=clean-cut-dining-chair","url":"https:\/\/elcrochetderose.com\/?product=clean-cut-dining-chair","name":"Ovillo lana merino y acr\u00edlico Crudo Eureka - Ovillo Crudo - El crochet de Rose","isPartOf":{"@id":"https:\/\/elcrochetderose.com\/#website"},"primaryImageOfPage":{"@id":"https:\/\/elcrochetderose.com\/?product=clean-cut-dining-chair#primaryimage"},"image":{"@id":"https:\/\/elcrochetderose.com\/?product=clean-cut-dining-chair#primaryimage"},"thumbnailUrl":"https:\/\/elcrochetderose.com\/wp-content\/uploads\/2019\/07\/eureka-crudo.jpg","datePublished":"2024-07-21T00:25:07+00:00","dateModified":"2025-10-28T09:34:17+00:00","description":"El ovillo crudo de la colecci\u00f3n Eureka de Casasol es una elecci\u00f3n atemporal y vers\u00e1til que a\u00f1ade un toque de calidez y simplicidad a tus proyectos.","breadcrumb":{"@id":"https:\/\/elcrochetderose.com\/?product=clean-cut-dining-chair#breadcrumb"},"inLanguage":"es","potentialAction":[{"@type":"ReadAction","target":["https:\/\/elcrochetderose.com\/?product=clean-cut-dining-chair"]}]},{"@type":"ImageObject","inLanguage":"es","@id":"https:\/\/elcrochetderose.com\/?product=clean-cut-dining-chair#primaryimage","url":"https:\/\/elcrochetderose.com\/wp-content\/uploads\/2019\/07\/eureka-crudo.jpg","contentUrl":"https:\/\/elcrochetderose.com\/wp-content\/uploads\/2019\/07\/eureka-crudo.jpg","width":1800,"height":1800,"caption":"Conoce el ovillo crudo de la colecci\u00f3n eureka de casasol"},{"@type":"BreadcrumbList","@id":"https:\/\/elcrochetderose.com\/?product=clean-cut-dining-chair#breadcrumb","itemListElement":[{"@type":"ListItem","position":1,"name":"Home","item":"https:\/\/elcrochetderose.com\/"},{"@type":"ListItem","position":2,"name":"Tienda de crochet","item":"https:\/\/elcrochetderose.com\/?page_id=1734"},{"@type":"ListItem","position":3,"name":"Ovillo lana merino y acr\u00edlico Crudo Eureka &#8211; Ovillo Crudo"}]},{"@type":"WebSite","@id":"https:\/\/elcrochetderose.com\/#website","url":"https:\/\/elcrochetderose.com\/","name":"El crochet de Rose","description":"","publisher":{"@id":"https:\/\/elcrochetderose.com\/#organization"},"potentialAction":[{"@type":"SearchAction","target":{"@type":"EntryPoint","urlTemplate":"https:\/\/elcrochetderose.com\/?s={search_term_string}"},"query-input":{"@type":"PropertyValueSpecification","valueRequired":true,"valueName":"search_term_string"}}],"inLanguage":"es"},{"@type":"Organization","@id":"https:\/\/elcrochetderose.com\/#organization","name":"El crochet de Rose","url":"https:\/\/elcrochetderose.com\/","logo":{"@type":"ImageObject","inLanguage":"es","@id":"https:\/\/elcrochetderose.com\/#\/schema\/logo\/image\/","url":"https:\/\/elcrochetderose.com\/wp-content\/uploads\/2024\/07\/cropped-logo-mostaza-el-crochet-de-rose.png","contentUrl":"https:\/\/elcrochetderose.com\/wp-content\/uploads\/2024\/07\/cropped-logo-mostaza-el-crochet-de-rose.png","width":266,"height":80,"caption":"El crochet de Rose"},"image":{"@id":"https:\/\/elcrochetderose.com\/#\/schema\/logo\/image\/"}}]}},"_links":{"self":[{"href":"https:\/\/elcrochetderose.com\/index.php?rest_route=\/wp\/v2\/product\/197","targetHints":{"allow":["GET"]}}],"collection":[{"href":"https:\/\/elcrochetderose.com\/index.php?rest_route=\/wp\/v2\/product"}],"about":[{"href":"https:\/\/elcrochetderose.com\/index.php?rest_route=\/wp\/v2\/types\/product"}],"replies":[{"embeddable":true,"href":"https:\/\/elcrochetderose.com\/index.php?rest_route=%2Fwp%2Fv2%2Fcomments&post=197"}],"wp:featuredmedia":[{"embeddable":true,"href":"https:\/\/elcrochetderose.com\/index.php?rest_route=\/wp\/v2\/media\/2401"}],"wp:attachment":[{"href":"https:\/\/elcrochetderose.com\/index.php?rest_route=%2Fwp%2Fv2%2Fmedia&parent=197"}],"wp:term":[{"taxonomy":"product_brand","embeddable":true,"href":"https:\/\/elcrochetderose.com\/index.php?rest_route=%2Fwp%2Fv2%2Fproduct_brand&post=197"},{"taxonomy":"product_cat","embeddable":true,"href":"https:\/\/elcrochetderose.com\/index.php?rest_route=%2Fwp%2Fv2%2Fproduct_cat&post=197"},{"taxonomy":"product_tag","embeddable":true,"href":"https:\/\/elcrochetderose.com\/index.php?rest_route=%2Fwp%2Fv2%2Fproduct_tag&post=197"}],"curies":[{"name":"wp","href":"https:\/\/api.w.org\/{rel}","templated":true}]}}