{"id":2335,"date":"2024-10-12T17:57:03","date_gmt":"2024-10-12T15:57:03","guid":{"rendered":"https:\/\/elcrochetderose.com\/?post_type=product&#038;p=2335"},"modified":"2025-09-10T13:52:47","modified_gmt":"2025-09-10T11:52:47","slug":"hilos-dulce-de-hilaturas-ovillo-gris-100-gr","status":"publish","type":"product","link":"https:\/\/elcrochetderose.com\/?product=hilos-dulce-de-hilaturas-ovillo-gris-100-gr","title":{"rendered":"Chenilla color gris Dulce &#8211; Hilaturas"},"content":{"rendered":"<p>Este ovillo gris de Dulce de Hilaturas, hecho de terciopelo tipo chenilla y 100% poli\u00e9ster, es ideal para el invierno. Su textura suave y agradable lo convierte en la opci\u00f3n perfecta para proyectos como ropa de beb\u00e9, ponchos, abrigos, mantas y otros complementos.<\/p>\n<h2>Hilos Dulce de Hilaturas: Ovillo Gris<\/h2>\n<p>La calidad de la chenilla es similar a la textura de un peluche, lo que facilita su tejido, ya que no se engancha ni se deshilacha con facilidad. Tejer con este ovillo gris es una experiencia placentera, incluso para hacer amigurumis, obteniendo mu\u00f1ecos de peluche grandes y adorables.<\/p>\n<h4>Detalles de los hilos Dulce de Hilaturas: ovillo gris<\/h4>\n<ul>\n<li><strong>Peso \u2013 metros<\/strong>: 100 gramos, 120 metros aprox.<\/li>\n<li><strong>Agujas recomendadas:<\/strong>\u00a0tricot 6-7, ganchillo 6 mm.<\/li>\n<li><strong>Composici\u00f3n<\/strong>: 100% POLIESTER<\/li>\n<li><strong>Usos frecuentes<\/strong>: gorros, bufandas, complementos, mantas, abrigos o amigurumis XXL tipo peluche.<\/li>\n<li><strong>Fabricante<\/strong>: Hilaturas LM<\/li>\n<\/ul>\n<p>&nbsp;<\/p>\n<p>&nbsp;<\/p>\n","protected":false},"excerpt":{"rendered":"<ul>\n<li><strong>Peso \u2013 metros<\/strong>: 100 gramos, 120 metros aprox.<\/li>\n<li><strong>Agujas recomendadas:<\/strong>\u00a0tricot 6-7, ganchillo 6 mm.<\/li>\n<li><strong>Composici\u00f3n<\/strong>: 100% POLIESTER<\/li>\n<li><strong>Fabricante<\/strong>: Hilaturas LM<\/li>\n<\/ul>\n","protected":false},"featured_media":2324,"comment_status":"open","ping_status":"closed","template":"","meta":[],"product_brand":[84],"product_cat":[40,45],"product_tag":[81,82,83],"class_list":{"0":"post-2335","1":"product","2":"type-product","3":"status-publish","4":"has-post-thumbnail","6":"product_brand-hilaturas","7":"product_cat-material-de-crochet","8":"product_cat-hilos-dulce-hilaturas","9":"product_tag-chenilla","10":"product_tag-polyester","11":"product_tag-terciopelo","13":"first","14":"instock","15":"featured","16":"taxable","17":"shipping-taxable","18":"purchasable","19":"product-type-simple"},"yoast_head":"<!-- This site is optimized with the Yoast SEO plugin v27.3 - https:\/\/yoast.com\/product\/yoast-seo-wordpress\/ -->\n<title>Chenilla color gris Dulce - Hilaturas - El crochet de Rose<\/title>\n<meta name=\"description\" content=\"Te presentamos nuestro cat\u00e1logo de los hilos Dulce de Hilaturas. Aqu\u00ed encontrar\u00e1s el ovillo gris en nuestra tienda online para tus proyectos de crochet.\" \/>\n<meta name=\"robots\" content=\"index, follow, max-snippet:-1, max-image-preview:large, max-video-preview:-1\" \/>\n<link rel=\"canonical\" href=\"https:\/\/elcrochetderose.com\/?product=hilos-dulce-de-hilaturas-ovillo-gris-100-gr\" \/>\n<meta property=\"og:locale\" content=\"es_ES\" \/>\n<meta property=\"og:type\" content=\"article\" \/>\n<meta property=\"og:title\" content=\"Chenilla color gris Dulce - Hilaturas - El crochet de Rose\" \/>\n<meta property=\"og:description\" content=\"Te presentamos nuestro cat\u00e1logo de los hilos Dulce de Hilaturas. Aqu\u00ed encontrar\u00e1s el ovillo gris en nuestra tienda online para tus proyectos de crochet.\" \/>\n<meta property=\"og:url\" content=\"https:\/\/elcrochetderose.com\/?product=hilos-dulce-de-hilaturas-ovillo-gris-100-gr\" \/>\n<meta property=\"og:site_name\" content=\"El crochet de Rose\" \/>\n<meta property=\"article:modified_time\" content=\"2025-09-10T11:52:47+00:00\" \/>\n<meta property=\"og:image\" content=\"https:\/\/elcrochetderose.com\/wp-content\/uploads\/2019\/07\/hilo-dulce-gris.jpg\" \/>\n\t<meta property=\"og:image:width\" content=\"1800\" \/>\n\t<meta property=\"og:image:height\" content=\"1800\" \/>\n\t<meta property=\"og:image:type\" content=\"image\/jpeg\" \/>\n<meta name=\"twitter:card\" content=\"summary_large_image\" \/>\n<meta name=\"twitter:label1\" content=\"Tiempo de lectura\" \/>\n\t<meta name=\"twitter:data1\" content=\"1 minuto\" \/>\n<script type=\"application\/ld+json\" class=\"yoast-schema-graph\">{\"@context\":\"https:\\\/\\\/schema.org\",\"@graph\":[{\"@type\":\"WebPage\",\"@id\":\"https:\\\/\\\/elcrochetderose.com\\\/?product=hilos-dulce-de-hilaturas-ovillo-gris-100-gr\",\"url\":\"https:\\\/\\\/elcrochetderose.com\\\/?product=hilos-dulce-de-hilaturas-ovillo-gris-100-gr\",\"name\":\"Chenilla color gris Dulce - Hilaturas - El crochet de Rose\",\"isPartOf\":{\"@id\":\"https:\\\/\\\/elcrochetderose.com\\\/#website\"},\"primaryImageOfPage\":{\"@id\":\"https:\\\/\\\/elcrochetderose.com\\\/?product=hilos-dulce-de-hilaturas-ovillo-gris-100-gr#primaryimage\"},\"image\":{\"@id\":\"https:\\\/\\\/elcrochetderose.com\\\/?product=hilos-dulce-de-hilaturas-ovillo-gris-100-gr#primaryimage\"},\"thumbnailUrl\":\"https:\\\/\\\/elcrochetderose.com\\\/wp-content\\\/uploads\\\/2019\\\/07\\\/hilo-dulce-gris.jpg\",\"datePublished\":\"2024-10-12T15:57:03+00:00\",\"dateModified\":\"2025-09-10T11:52:47+00:00\",\"description\":\"Te presentamos nuestro cat\u00e1logo de los hilos Dulce de Hilaturas. Aqu\u00ed encontrar\u00e1s el ovillo gris en nuestra tienda online para tus proyectos de crochet.\",\"breadcrumb\":{\"@id\":\"https:\\\/\\\/elcrochetderose.com\\\/?product=hilos-dulce-de-hilaturas-ovillo-gris-100-gr#breadcrumb\"},\"inLanguage\":\"es\",\"potentialAction\":[{\"@type\":\"ReadAction\",\"target\":[\"https:\\\/\\\/elcrochetderose.com\\\/?product=hilos-dulce-de-hilaturas-ovillo-gris-100-gr\"]}]},{\"@type\":\"ImageObject\",\"inLanguage\":\"es\",\"@id\":\"https:\\\/\\\/elcrochetderose.com\\\/?product=hilos-dulce-de-hilaturas-ovillo-gris-100-gr#primaryimage\",\"url\":\"https:\\\/\\\/elcrochetderose.com\\\/wp-content\\\/uploads\\\/2019\\\/07\\\/hilo-dulce-gris.jpg\",\"contentUrl\":\"https:\\\/\\\/elcrochetderose.com\\\/wp-content\\\/uploads\\\/2019\\\/07\\\/hilo-dulce-gris.jpg\",\"width\":1800,\"height\":1800,\"caption\":\"Ll\u00e9vate nuestro hilos dulce de hilaturas\"},{\"@type\":\"BreadcrumbList\",\"@id\":\"https:\\\/\\\/elcrochetderose.com\\\/?product=hilos-dulce-de-hilaturas-ovillo-gris-100-gr#breadcrumb\",\"itemListElement\":[{\"@type\":\"ListItem\",\"position\":1,\"name\":\"Home\",\"item\":\"https:\\\/\\\/elcrochetderose.com\\\/\"},{\"@type\":\"ListItem\",\"position\":2,\"name\":\"Tienda de crochet\",\"item\":\"https:\\\/\\\/elcrochetderose.com\\\/?page_id=1734\"},{\"@type\":\"ListItem\",\"position\":3,\"name\":\"Chenilla color gris Dulce &#8211; Hilaturas\"}]},{\"@type\":\"WebSite\",\"@id\":\"https:\\\/\\\/elcrochetderose.com\\\/#website\",\"url\":\"https:\\\/\\\/elcrochetderose.com\\\/\",\"name\":\"El crochet de Rose\",\"description\":\"\",\"publisher\":{\"@id\":\"https:\\\/\\\/elcrochetderose.com\\\/#organization\"},\"potentialAction\":[{\"@type\":\"SearchAction\",\"target\":{\"@type\":\"EntryPoint\",\"urlTemplate\":\"https:\\\/\\\/elcrochetderose.com\\\/?s={search_term_string}\"},\"query-input\":{\"@type\":\"PropertyValueSpecification\",\"valueRequired\":true,\"valueName\":\"search_term_string\"}}],\"inLanguage\":\"es\"},{\"@type\":\"Organization\",\"@id\":\"https:\\\/\\\/elcrochetderose.com\\\/#organization\",\"name\":\"El crochet de Rose\",\"url\":\"https:\\\/\\\/elcrochetderose.com\\\/\",\"logo\":{\"@type\":\"ImageObject\",\"inLanguage\":\"es\",\"@id\":\"https:\\\/\\\/elcrochetderose.com\\\/#\\\/schema\\\/logo\\\/image\\\/\",\"url\":\"https:\\\/\\\/elcrochetderose.com\\\/wp-content\\\/uploads\\\/2024\\\/07\\\/cropped-logo-mostaza-el-crochet-de-rose.png\",\"contentUrl\":\"https:\\\/\\\/elcrochetderose.com\\\/wp-content\\\/uploads\\\/2024\\\/07\\\/cropped-logo-mostaza-el-crochet-de-rose.png\",\"width\":266,\"height\":80,\"caption\":\"El crochet de Rose\"},\"image\":{\"@id\":\"https:\\\/\\\/elcrochetderose.com\\\/#\\\/schema\\\/logo\\\/image\\\/\"}}]}<\/script>\n<!-- \/ Yoast SEO plugin. -->","yoast_head_json":{"title":"Chenilla color gris Dulce - Hilaturas - El crochet de Rose","description":"Te presentamos nuestro cat\u00e1logo de los hilos Dulce de Hilaturas. Aqu\u00ed encontrar\u00e1s el ovillo gris en nuestra tienda online para tus proyectos de crochet.","robots":{"index":"index","follow":"follow","max-snippet":"max-snippet:-1","max-image-preview":"max-image-preview:large","max-video-preview":"max-video-preview:-1"},"canonical":"https:\/\/elcrochetderose.com\/?product=hilos-dulce-de-hilaturas-ovillo-gris-100-gr","og_locale":"es_ES","og_type":"article","og_title":"Chenilla color gris Dulce - Hilaturas - El crochet de Rose","og_description":"Te presentamos nuestro cat\u00e1logo de los hilos Dulce de Hilaturas. Aqu\u00ed encontrar\u00e1s el ovillo gris en nuestra tienda online para tus proyectos de crochet.","og_url":"https:\/\/elcrochetderose.com\/?product=hilos-dulce-de-hilaturas-ovillo-gris-100-gr","og_site_name":"El crochet de Rose","article_modified_time":"2025-09-10T11:52:47+00:00","og_image":[{"width":1800,"height":1800,"url":"https:\/\/elcrochetderose.com\/wp-content\/uploads\/2019\/07\/hilo-dulce-gris.jpg","type":"image\/jpeg"}],"twitter_card":"summary_large_image","twitter_misc":{"Tiempo de lectura":"1 minuto"},"schema":{"@context":"https:\/\/schema.org","@graph":[{"@type":"WebPage","@id":"https:\/\/elcrochetderose.com\/?product=hilos-dulce-de-hilaturas-ovillo-gris-100-gr","url":"https:\/\/elcrochetderose.com\/?product=hilos-dulce-de-hilaturas-ovillo-gris-100-gr","name":"Chenilla color gris Dulce - Hilaturas - El crochet de Rose","isPartOf":{"@id":"https:\/\/elcrochetderose.com\/#website"},"primaryImageOfPage":{"@id":"https:\/\/elcrochetderose.com\/?product=hilos-dulce-de-hilaturas-ovillo-gris-100-gr#primaryimage"},"image":{"@id":"https:\/\/elcrochetderose.com\/?product=hilos-dulce-de-hilaturas-ovillo-gris-100-gr#primaryimage"},"thumbnailUrl":"https:\/\/elcrochetderose.com\/wp-content\/uploads\/2019\/07\/hilo-dulce-gris.jpg","datePublished":"2024-10-12T15:57:03+00:00","dateModified":"2025-09-10T11:52:47+00:00","description":"Te presentamos nuestro cat\u00e1logo de los hilos Dulce de Hilaturas. Aqu\u00ed encontrar\u00e1s el ovillo gris en nuestra tienda online para tus proyectos de crochet.","breadcrumb":{"@id":"https:\/\/elcrochetderose.com\/?product=hilos-dulce-de-hilaturas-ovillo-gris-100-gr#breadcrumb"},"inLanguage":"es","potentialAction":[{"@type":"ReadAction","target":["https:\/\/elcrochetderose.com\/?product=hilos-dulce-de-hilaturas-ovillo-gris-100-gr"]}]},{"@type":"ImageObject","inLanguage":"es","@id":"https:\/\/elcrochetderose.com\/?product=hilos-dulce-de-hilaturas-ovillo-gris-100-gr#primaryimage","url":"https:\/\/elcrochetderose.com\/wp-content\/uploads\/2019\/07\/hilo-dulce-gris.jpg","contentUrl":"https:\/\/elcrochetderose.com\/wp-content\/uploads\/2019\/07\/hilo-dulce-gris.jpg","width":1800,"height":1800,"caption":"Ll\u00e9vate nuestro hilos dulce de hilaturas"},{"@type":"BreadcrumbList","@id":"https:\/\/elcrochetderose.com\/?product=hilos-dulce-de-hilaturas-ovillo-gris-100-gr#breadcrumb","itemListElement":[{"@type":"ListItem","position":1,"name":"Home","item":"https:\/\/elcrochetderose.com\/"},{"@type":"ListItem","position":2,"name":"Tienda de crochet","item":"https:\/\/elcrochetderose.com\/?page_id=1734"},{"@type":"ListItem","position":3,"name":"Chenilla color gris Dulce &#8211; Hilaturas"}]},{"@type":"WebSite","@id":"https:\/\/elcrochetderose.com\/#website","url":"https:\/\/elcrochetderose.com\/","name":"El crochet de Rose","description":"","publisher":{"@id":"https:\/\/elcrochetderose.com\/#organization"},"potentialAction":[{"@type":"SearchAction","target":{"@type":"EntryPoint","urlTemplate":"https:\/\/elcrochetderose.com\/?s={search_term_string}"},"query-input":{"@type":"PropertyValueSpecification","valueRequired":true,"valueName":"search_term_string"}}],"inLanguage":"es"},{"@type":"Organization","@id":"https:\/\/elcrochetderose.com\/#organization","name":"El crochet de Rose","url":"https:\/\/elcrochetderose.com\/","logo":{"@type":"ImageObject","inLanguage":"es","@id":"https:\/\/elcrochetderose.com\/#\/schema\/logo\/image\/","url":"https:\/\/elcrochetderose.com\/wp-content\/uploads\/2024\/07\/cropped-logo-mostaza-el-crochet-de-rose.png","contentUrl":"https:\/\/elcrochetderose.com\/wp-content\/uploads\/2024\/07\/cropped-logo-mostaza-el-crochet-de-rose.png","width":266,"height":80,"caption":"El crochet de Rose"},"image":{"@id":"https:\/\/elcrochetderose.com\/#\/schema\/logo\/image\/"}}]}},"_links":{"self":[{"href":"https:\/\/elcrochetderose.com\/index.php?rest_route=\/wp\/v2\/product\/2335","targetHints":{"allow":["GET"]}}],"collection":[{"href":"https:\/\/elcrochetderose.com\/index.php?rest_route=\/wp\/v2\/product"}],"about":[{"href":"https:\/\/elcrochetderose.com\/index.php?rest_route=\/wp\/v2\/types\/product"}],"replies":[{"embeddable":true,"href":"https:\/\/elcrochetderose.com\/index.php?rest_route=%2Fwp%2Fv2%2Fcomments&post=2335"}],"wp:featuredmedia":[{"embeddable":true,"href":"https:\/\/elcrochetderose.com\/index.php?rest_route=\/wp\/v2\/media\/2324"}],"wp:attachment":[{"href":"https:\/\/elcrochetderose.com\/index.php?rest_route=%2Fwp%2Fv2%2Fmedia&parent=2335"}],"wp:term":[{"taxonomy":"product_brand","embeddable":true,"href":"https:\/\/elcrochetderose.com\/index.php?rest_route=%2Fwp%2Fv2%2Fproduct_brand&post=2335"},{"taxonomy":"product_cat","embeddable":true,"href":"https:\/\/elcrochetderose.com\/index.php?rest_route=%2Fwp%2Fv2%2Fproduct_cat&post=2335"},{"taxonomy":"product_tag","embeddable":true,"href":"https:\/\/elcrochetderose.com\/index.php?rest_route=%2Fwp%2Fv2%2Fproduct_tag&post=2335"}],"curies":[{"name":"wp","href":"https:\/\/api.w.org\/{rel}","templated":true}]}}