{"id":2468,"date":"2024-10-24T18:42:10","date_gmt":"2024-10-24T16:42:10","guid":{"rendered":"https:\/\/elcrochetderose.com\/?post_type=product&#038;p=2468"},"modified":"2024-11-08T12:06:04","modified_gmt":"2024-11-08T11:06:04","slug":"amigurumi-rey-leon-hand-made","status":"publish","type":"product","link":"https:\/\/elcrochetderose.com\/?product=amigurumi-rey-leon-hand-made","title":{"rendered":"Amigurumi Rey Le\u00f3n Hand Made"},"content":{"rendered":"<p>Majestuoso y adorable, este <strong>Amigurumi Rey Le\u00f3n<\/strong> est\u00e1 dise\u00f1ado para cautivar corazones con su dulce expresi\u00f3n. Tejido a mano con hilo de algod\u00f3n de alta calidad y relleno suave y seguro, este peque\u00f1o le\u00f3n es ideal tanto para decorar habitaciones infantiles como para regalar en ocasiones especiales. Sus patas robustas y detallados rasgos faciales le dan vida a este rey de la selva, agregando un toque de aventura y ternura a cualquier espacio. \u00a1Haz que la magia y el encanto del reino animal cobren vida con este encantador amigurumi!<\/p>\n<h2>Amigurumi Rey Le\u00f3n Crochet<\/h2>\n<div class=\"flex-shrink-0 flex flex-col relative items-end\">\n<div>\n<div class=\"pt-0\">\n<div class=\"gizmo-bot-avatar flex h-8 w-8 items-center justify-center overflow-hidden rounded-full\"><\/div>\n<\/div>\n<\/div>\n<\/div>\n<div class=\"group\/conversation-turn relative flex w-full min-w-0 flex-col agent-turn\">\n<div class=\"flex-col gap-1 md:gap-3\">\n<div class=\"flex max-w-full flex-col flex-grow\">\n<div class=\"min-h-8 text-message flex w-full flex-col items-end gap-2 whitespace-normal break-words [.text-message+&amp;]:mt-5\" dir=\"auto\" data-message-author-role=\"assistant\" data-message-id=\"9913a4ca-805a-4e6d-b7cb-53203670c4ae\" data-message-model-slug=\"gpt-4o\">\n<div class=\"flex w-full flex-col gap-1 empty:hidden first:pt-[3px]\">\n<div class=\"markdown prose w-full break-words dark:prose-invert light\">\n<p>Conoce a nuestro majestuoso Amigurumi Rey Le\u00f3n, una pieza tejida a mano con un dise\u00f1o \u00fanico y lleno de encanto. Este adorable le\u00f3n est\u00e1 hecho con delicados puntos de crochet que le otorgan volumen y textura. Cada pata est\u00e1 tejida con precisi\u00f3n para brindar estabilidad, permitiendo que este peque\u00f1o rey se mantenga firme.<\/p>\n<h3>Detalles del Amigurumi Rey Le\u00f3n<\/h3>\n<ul>\n<li><strong>Hilos:<\/strong><\/li>\n<li><strong>Tama\u00f1o:<\/strong><\/li>\n<li><strong>Horas trabajadas:<\/strong><\/li>\n<\/ul>\n<p>&nbsp;<\/p>\n<\/div>\n<\/div>\n<\/div>\n<\/div>\n<\/div>\n<\/div>\n","protected":false},"excerpt":{"rendered":"<h3>Detalles del Amigurumi Rey Le\u00f3n<\/h3>\n<ul>\n<li><strong>Hilos:<\/strong><\/li>\n<li><strong>Tama\u00f1o:<\/strong><\/li>\n<li><strong>Horas trabajadas:<\/strong><\/li>\n<\/ul>\n","protected":false},"featured_media":2194,"comment_status":"open","ping_status":"closed","template":"","meta":[],"product_brand":[],"product_cat":[32],"product_tag":[],"class_list":{"0":"post-2468","1":"product","2":"type-product","3":"status-publish","4":"has-post-thumbnail","6":"product_cat-amigurumis","8":"first","9":"instock","10":"taxable","11":"shipping-taxable","12":"purchasable","13":"product-type-simple"},"yoast_head":"<!-- This site is optimized with the Yoast SEO plugin v27.3 - https:\/\/yoast.com\/product\/yoast-seo-wordpress\/ -->\n<title>Amigurumi Rey Le\u00f3n Hand Made - El crochet de Rose<\/title>\n<meta name=\"description\" content=\"Majestuoso y adorable, este Amigurumi Rey Le\u00f3n est\u00e1 dise\u00f1ado para cautivar corazones. Tejido a mano con hilo de algod\u00f3n de alta calidad.\" \/>\n<meta name=\"robots\" content=\"index, follow, max-snippet:-1, max-image-preview:large, max-video-preview:-1\" \/>\n<link rel=\"canonical\" href=\"https:\/\/elcrochetderose.com\/?product=amigurumi-rey-leon-hand-made\" \/>\n<meta property=\"og:locale\" content=\"es_ES\" \/>\n<meta property=\"og:type\" content=\"article\" \/>\n<meta property=\"og:title\" content=\"Amigurumi Rey Le\u00f3n Hand Made - El crochet de Rose\" \/>\n<meta property=\"og:description\" content=\"Majestuoso y adorable, este Amigurumi Rey Le\u00f3n est\u00e1 dise\u00f1ado para cautivar corazones. Tejido a mano con hilo de algod\u00f3n de alta calidad.\" \/>\n<meta property=\"og:url\" content=\"https:\/\/elcrochetderose.com\/?product=amigurumi-rey-leon-hand-made\" \/>\n<meta property=\"og:site_name\" content=\"El crochet de Rose\" \/>\n<meta property=\"article:modified_time\" content=\"2024-11-08T11:06:04+00:00\" \/>\n<meta property=\"og:image\" content=\"https:\/\/elcrochetderose.com\/wp-content\/uploads\/2024\/08\/rey-leon-crochet.jpg\" \/>\n\t<meta property=\"og:image:width\" content=\"1800\" \/>\n\t<meta property=\"og:image:height\" content=\"1800\" \/>\n\t<meta property=\"og:image:type\" content=\"image\/jpeg\" \/>\n<meta name=\"twitter:card\" content=\"summary_large_image\" \/>\n<meta name=\"twitter:label1\" content=\"Tiempo de lectura\" \/>\n\t<meta name=\"twitter:data1\" content=\"1 minuto\" \/>\n<script type=\"application\/ld+json\" class=\"yoast-schema-graph\">{\"@context\":\"https:\\\/\\\/schema.org\",\"@graph\":[{\"@type\":\"WebPage\",\"@id\":\"https:\\\/\\\/elcrochetderose.com\\\/?product=amigurumi-rey-leon-hand-made\",\"url\":\"https:\\\/\\\/elcrochetderose.com\\\/?product=amigurumi-rey-leon-hand-made\",\"name\":\"Amigurumi Rey Le\u00f3n Hand Made - El crochet de Rose\",\"isPartOf\":{\"@id\":\"https:\\\/\\\/elcrochetderose.com\\\/#website\"},\"primaryImageOfPage\":{\"@id\":\"https:\\\/\\\/elcrochetderose.com\\\/?product=amigurumi-rey-leon-hand-made#primaryimage\"},\"image\":{\"@id\":\"https:\\\/\\\/elcrochetderose.com\\\/?product=amigurumi-rey-leon-hand-made#primaryimage\"},\"thumbnailUrl\":\"https:\\\/\\\/elcrochetderose.com\\\/wp-content\\\/uploads\\\/2024\\\/08\\\/rey-leon-crochet.jpg\",\"datePublished\":\"2024-10-24T16:42:10+00:00\",\"dateModified\":\"2024-11-08T11:06:04+00:00\",\"description\":\"Majestuoso y adorable, este Amigurumi Rey Le\u00f3n est\u00e1 dise\u00f1ado para cautivar corazones. Tejido a mano con hilo de algod\u00f3n de alta calidad.\",\"breadcrumb\":{\"@id\":\"https:\\\/\\\/elcrochetderose.com\\\/?product=amigurumi-rey-leon-hand-made#breadcrumb\"},\"inLanguage\":\"es\",\"potentialAction\":[{\"@type\":\"ReadAction\",\"target\":[\"https:\\\/\\\/elcrochetderose.com\\\/?product=amigurumi-rey-leon-hand-made\"]}]},{\"@type\":\"ImageObject\",\"inLanguage\":\"es\",\"@id\":\"https:\\\/\\\/elcrochetderose.com\\\/?product=amigurumi-rey-leon-hand-made#primaryimage\",\"url\":\"https:\\\/\\\/elcrochetderose.com\\\/wp-content\\\/uploads\\\/2024\\\/08\\\/rey-leon-crochet.jpg\",\"contentUrl\":\"https:\\\/\\\/elcrochetderose.com\\\/wp-content\\\/uploads\\\/2024\\\/08\\\/rey-leon-crochet.jpg\",\"width\":1800,\"height\":1800},{\"@type\":\"BreadcrumbList\",\"@id\":\"https:\\\/\\\/elcrochetderose.com\\\/?product=amigurumi-rey-leon-hand-made#breadcrumb\",\"itemListElement\":[{\"@type\":\"ListItem\",\"position\":1,\"name\":\"Home\",\"item\":\"https:\\\/\\\/elcrochetderose.com\\\/\"},{\"@type\":\"ListItem\",\"position\":2,\"name\":\"Tienda de crochet\",\"item\":\"https:\\\/\\\/elcrochetderose.com\\\/?page_id=1734\"},{\"@type\":\"ListItem\",\"position\":3,\"name\":\"Amigurumi Rey Le\u00f3n Hand Made\"}]},{\"@type\":\"WebSite\",\"@id\":\"https:\\\/\\\/elcrochetderose.com\\\/#website\",\"url\":\"https:\\\/\\\/elcrochetderose.com\\\/\",\"name\":\"El crochet de Rose\",\"description\":\"\",\"publisher\":{\"@id\":\"https:\\\/\\\/elcrochetderose.com\\\/#organization\"},\"potentialAction\":[{\"@type\":\"SearchAction\",\"target\":{\"@type\":\"EntryPoint\",\"urlTemplate\":\"https:\\\/\\\/elcrochetderose.com\\\/?s={search_term_string}\"},\"query-input\":{\"@type\":\"PropertyValueSpecification\",\"valueRequired\":true,\"valueName\":\"search_term_string\"}}],\"inLanguage\":\"es\"},{\"@type\":\"Organization\",\"@id\":\"https:\\\/\\\/elcrochetderose.com\\\/#organization\",\"name\":\"El crochet de Rose\",\"url\":\"https:\\\/\\\/elcrochetderose.com\\\/\",\"logo\":{\"@type\":\"ImageObject\",\"inLanguage\":\"es\",\"@id\":\"https:\\\/\\\/elcrochetderose.com\\\/#\\\/schema\\\/logo\\\/image\\\/\",\"url\":\"https:\\\/\\\/elcrochetderose.com\\\/wp-content\\\/uploads\\\/2024\\\/07\\\/cropped-logo-mostaza-el-crochet-de-rose.png\",\"contentUrl\":\"https:\\\/\\\/elcrochetderose.com\\\/wp-content\\\/uploads\\\/2024\\\/07\\\/cropped-logo-mostaza-el-crochet-de-rose.png\",\"width\":266,\"height\":80,\"caption\":\"El crochet de Rose\"},\"image\":{\"@id\":\"https:\\\/\\\/elcrochetderose.com\\\/#\\\/schema\\\/logo\\\/image\\\/\"}}]}<\/script>\n<!-- \/ Yoast SEO plugin. -->","yoast_head_json":{"title":"Amigurumi Rey Le\u00f3n Hand Made - El crochet de Rose","description":"Majestuoso y adorable, este Amigurumi Rey Le\u00f3n est\u00e1 dise\u00f1ado para cautivar corazones. Tejido a mano con hilo de algod\u00f3n de alta calidad.","robots":{"index":"index","follow":"follow","max-snippet":"max-snippet:-1","max-image-preview":"max-image-preview:large","max-video-preview":"max-video-preview:-1"},"canonical":"https:\/\/elcrochetderose.com\/?product=amigurumi-rey-leon-hand-made","og_locale":"es_ES","og_type":"article","og_title":"Amigurumi Rey Le\u00f3n Hand Made - El crochet de Rose","og_description":"Majestuoso y adorable, este Amigurumi Rey Le\u00f3n est\u00e1 dise\u00f1ado para cautivar corazones. Tejido a mano con hilo de algod\u00f3n de alta calidad.","og_url":"https:\/\/elcrochetderose.com\/?product=amigurumi-rey-leon-hand-made","og_site_name":"El crochet de Rose","article_modified_time":"2024-11-08T11:06:04+00:00","og_image":[{"width":1800,"height":1800,"url":"https:\/\/elcrochetderose.com\/wp-content\/uploads\/2024\/08\/rey-leon-crochet.jpg","type":"image\/jpeg"}],"twitter_card":"summary_large_image","twitter_misc":{"Tiempo de lectura":"1 minuto"},"schema":{"@context":"https:\/\/schema.org","@graph":[{"@type":"WebPage","@id":"https:\/\/elcrochetderose.com\/?product=amigurumi-rey-leon-hand-made","url":"https:\/\/elcrochetderose.com\/?product=amigurumi-rey-leon-hand-made","name":"Amigurumi Rey Le\u00f3n Hand Made - El crochet de Rose","isPartOf":{"@id":"https:\/\/elcrochetderose.com\/#website"},"primaryImageOfPage":{"@id":"https:\/\/elcrochetderose.com\/?product=amigurumi-rey-leon-hand-made#primaryimage"},"image":{"@id":"https:\/\/elcrochetderose.com\/?product=amigurumi-rey-leon-hand-made#primaryimage"},"thumbnailUrl":"https:\/\/elcrochetderose.com\/wp-content\/uploads\/2024\/08\/rey-leon-crochet.jpg","datePublished":"2024-10-24T16:42:10+00:00","dateModified":"2024-11-08T11:06:04+00:00","description":"Majestuoso y adorable, este Amigurumi Rey Le\u00f3n est\u00e1 dise\u00f1ado para cautivar corazones. Tejido a mano con hilo de algod\u00f3n de alta calidad.","breadcrumb":{"@id":"https:\/\/elcrochetderose.com\/?product=amigurumi-rey-leon-hand-made#breadcrumb"},"inLanguage":"es","potentialAction":[{"@type":"ReadAction","target":["https:\/\/elcrochetderose.com\/?product=amigurumi-rey-leon-hand-made"]}]},{"@type":"ImageObject","inLanguage":"es","@id":"https:\/\/elcrochetderose.com\/?product=amigurumi-rey-leon-hand-made#primaryimage","url":"https:\/\/elcrochetderose.com\/wp-content\/uploads\/2024\/08\/rey-leon-crochet.jpg","contentUrl":"https:\/\/elcrochetderose.com\/wp-content\/uploads\/2024\/08\/rey-leon-crochet.jpg","width":1800,"height":1800},{"@type":"BreadcrumbList","@id":"https:\/\/elcrochetderose.com\/?product=amigurumi-rey-leon-hand-made#breadcrumb","itemListElement":[{"@type":"ListItem","position":1,"name":"Home","item":"https:\/\/elcrochetderose.com\/"},{"@type":"ListItem","position":2,"name":"Tienda de crochet","item":"https:\/\/elcrochetderose.com\/?page_id=1734"},{"@type":"ListItem","position":3,"name":"Amigurumi Rey Le\u00f3n Hand Made"}]},{"@type":"WebSite","@id":"https:\/\/elcrochetderose.com\/#website","url":"https:\/\/elcrochetderose.com\/","name":"El crochet de Rose","description":"","publisher":{"@id":"https:\/\/elcrochetderose.com\/#organization"},"potentialAction":[{"@type":"SearchAction","target":{"@type":"EntryPoint","urlTemplate":"https:\/\/elcrochetderose.com\/?s={search_term_string}"},"query-input":{"@type":"PropertyValueSpecification","valueRequired":true,"valueName":"search_term_string"}}],"inLanguage":"es"},{"@type":"Organization","@id":"https:\/\/elcrochetderose.com\/#organization","name":"El crochet de Rose","url":"https:\/\/elcrochetderose.com\/","logo":{"@type":"ImageObject","inLanguage":"es","@id":"https:\/\/elcrochetderose.com\/#\/schema\/logo\/image\/","url":"https:\/\/elcrochetderose.com\/wp-content\/uploads\/2024\/07\/cropped-logo-mostaza-el-crochet-de-rose.png","contentUrl":"https:\/\/elcrochetderose.com\/wp-content\/uploads\/2024\/07\/cropped-logo-mostaza-el-crochet-de-rose.png","width":266,"height":80,"caption":"El crochet de Rose"},"image":{"@id":"https:\/\/elcrochetderose.com\/#\/schema\/logo\/image\/"}}]}},"_links":{"self":[{"href":"https:\/\/elcrochetderose.com\/index.php?rest_route=\/wp\/v2\/product\/2468","targetHints":{"allow":["GET"]}}],"collection":[{"href":"https:\/\/elcrochetderose.com\/index.php?rest_route=\/wp\/v2\/product"}],"about":[{"href":"https:\/\/elcrochetderose.com\/index.php?rest_route=\/wp\/v2\/types\/product"}],"replies":[{"embeddable":true,"href":"https:\/\/elcrochetderose.com\/index.php?rest_route=%2Fwp%2Fv2%2Fcomments&post=2468"}],"wp:featuredmedia":[{"embeddable":true,"href":"https:\/\/elcrochetderose.com\/index.php?rest_route=\/wp\/v2\/media\/2194"}],"wp:attachment":[{"href":"https:\/\/elcrochetderose.com\/index.php?rest_route=%2Fwp%2Fv2%2Fmedia&parent=2468"}],"wp:term":[{"taxonomy":"product_brand","embeddable":true,"href":"https:\/\/elcrochetderose.com\/index.php?rest_route=%2Fwp%2Fv2%2Fproduct_brand&post=2468"},{"taxonomy":"product_cat","embeddable":true,"href":"https:\/\/elcrochetderose.com\/index.php?rest_route=%2Fwp%2Fv2%2Fproduct_cat&post=2468"},{"taxonomy":"product_tag","embeddable":true,"href":"https:\/\/elcrochetderose.com\/index.php?rest_route=%2Fwp%2Fv2%2Fproduct_tag&post=2468"}],"curies":[{"name":"wp","href":"https:\/\/api.w.org\/{rel}","templated":true}]}}