{"id":250,"date":"2024-07-23T04:01:28","date_gmt":"2024-07-23T02:01:28","guid":{"rendered":"https:\/\/goya.everthemes.com\/demo-decor\/?post_type=product&#038;p=250"},"modified":"2025-09-10T13:37:45","modified_gmt":"2025-09-10T11:37:45","slug":"reade-tubular-table-lamp","status":"publish","type":"product","link":"https:\/\/elcrochetderose.com\/?product=reade-tubular-table-lamp","title":{"rendered":"Ovillo lana merino y acr\u00edlico Teja Eureka &#8211; Casasol"},"content":{"rendered":"<p>El hilo Eureka color teja de la marca Casasol es una opci\u00f3n c\u00e1lida y terracota, ideal para quienes buscan a\u00f1adir un toque r\u00fastico y acogedor a sus proyectos. Su vibrante tonalidad teja aporta car\u00e1cter y elegancia, siendo perfecto para la creaci\u00f3n de prendas, accesorios o decoraciones con un estilo sofisticado.<\/p>\n<h2>Ovillo Teja, colecci\u00f3n Eureka<\/h2>\n<p>Confeccionado con materiales de alta calidad, el hilo Eureka ofrece una textura suave y resistente, asegurando una experiencia de tejido agradable y un acabado duradero.<\/p>\n<h3>Detalles del producto<\/h3>\n<ul>\n<li><strong>Material:<\/strong> 50% Lana, 50% Pc Acr\u00edlico<\/li>\n<li><strong>Peso:<\/strong> 100 gr\/ 200 m<\/li>\n<li><strong>Agujas recomendadas: <\/strong>4 mm, 4,5 mm, 5 mm, 5,5 mm<\/li>\n<li><strong>Color:<\/strong> Teja 29234<\/li>\n<li><strong>Fabricante:<\/strong> Casasol<\/li>\n<\/ul>\n","protected":false},"excerpt":{"rendered":"<ul>\n<li><strong>Material:<\/strong> 50% Lana, 50% Pc Acr\u00edlico<\/li>\n<li><strong>Peso:<\/strong> 100 gr\/ 200 m<\/li>\n<li><strong>Agujas recomendadas: <\/strong>4 mm, 4,5 mm, 5 mm, 5,5 mm<\/li>\n<li><strong>Color:<\/strong> Teja 29234<\/li>\n<li><strong>Fabricante:<\/strong> Casasol<\/li>\n<\/ul>\n","protected":false},"featured_media":2396,"comment_status":"open","ping_status":"closed","template":"","meta":[],"product_brand":[74],"product_cat":[68,40],"product_tag":[],"class_list":{"0":"post-250","1":"product","2":"type-product","3":"status-publish","4":"has-post-thumbnail","6":"product_brand-casasol","7":"product_cat-hilo-eureka","8":"product_cat-material-de-crochet","10":"first","11":"instock","12":"taxable","13":"shipping-taxable","14":"purchasable","15":"product-type-simple"},"yoast_head":"<!-- This site is optimized with the Yoast SEO plugin v27.3 - https:\/\/yoast.com\/product\/yoast-seo-wordpress\/ -->\n<title>Ovillo lana merino y acr\u00edlico Teja Eureka - Casasol - El crochet de Rose<\/title>\n<meta name=\"description\" content=\"El ovillo teja de la colecci\u00f3n Eureka de la marca Casasol es una opci\u00f3n c\u00e1lida, ideal para a\u00f1adir un toque r\u00fastico y acogedor a tus proyectos.\" \/>\n<meta name=\"robots\" content=\"index, follow, max-snippet:-1, max-image-preview:large, max-video-preview:-1\" \/>\n<link rel=\"canonical\" href=\"https:\/\/elcrochetderose.com\/?product=reade-tubular-table-lamp\" \/>\n<meta property=\"og:locale\" content=\"es_ES\" \/>\n<meta property=\"og:type\" content=\"article\" \/>\n<meta property=\"og:title\" content=\"Ovillo lana merino y acr\u00edlico Teja Eureka - Casasol - El crochet de Rose\" \/>\n<meta property=\"og:description\" content=\"El ovillo teja de la colecci\u00f3n Eureka de la marca Casasol es una opci\u00f3n c\u00e1lida, ideal para a\u00f1adir un toque r\u00fastico y acogedor a tus proyectos.\" \/>\n<meta property=\"og:url\" content=\"https:\/\/elcrochetderose.com\/?product=reade-tubular-table-lamp\" \/>\n<meta property=\"og:site_name\" content=\"El crochet de Rose\" \/>\n<meta property=\"article:modified_time\" content=\"2025-09-10T11:37:45+00:00\" \/>\n<meta property=\"og:image\" content=\"https:\/\/elcrochetderose.com\/wp-content\/uploads\/2019\/07\/eureka-teja.jpg\" \/>\n\t<meta property=\"og:image:width\" content=\"1800\" \/>\n\t<meta property=\"og:image:height\" content=\"1800\" \/>\n\t<meta property=\"og:image:type\" content=\"image\/jpeg\" \/>\n<meta name=\"twitter:card\" content=\"summary_large_image\" \/>\n<meta name=\"twitter:label1\" content=\"Tiempo de lectura\" \/>\n\t<meta name=\"twitter:data1\" content=\"1 minuto\" \/>\n<script type=\"application\/ld+json\" class=\"yoast-schema-graph\">{\"@context\":\"https:\\\/\\\/schema.org\",\"@graph\":[{\"@type\":\"WebPage\",\"@id\":\"https:\\\/\\\/elcrochetderose.com\\\/?product=reade-tubular-table-lamp\",\"url\":\"https:\\\/\\\/elcrochetderose.com\\\/?product=reade-tubular-table-lamp\",\"name\":\"Ovillo lana merino y acr\u00edlico Teja Eureka - Casasol - El crochet de Rose\",\"isPartOf\":{\"@id\":\"https:\\\/\\\/elcrochetderose.com\\\/#website\"},\"primaryImageOfPage\":{\"@id\":\"https:\\\/\\\/elcrochetderose.com\\\/?product=reade-tubular-table-lamp#primaryimage\"},\"image\":{\"@id\":\"https:\\\/\\\/elcrochetderose.com\\\/?product=reade-tubular-table-lamp#primaryimage\"},\"thumbnailUrl\":\"https:\\\/\\\/elcrochetderose.com\\\/wp-content\\\/uploads\\\/2019\\\/07\\\/eureka-teja.jpg\",\"datePublished\":\"2024-07-23T02:01:28+00:00\",\"dateModified\":\"2025-09-10T11:37:45+00:00\",\"description\":\"El ovillo teja de la colecci\u00f3n Eureka de la marca Casasol es una opci\u00f3n c\u00e1lida, ideal para a\u00f1adir un toque r\u00fastico y acogedor a tus proyectos.\",\"breadcrumb\":{\"@id\":\"https:\\\/\\\/elcrochetderose.com\\\/?product=reade-tubular-table-lamp#breadcrumb\"},\"inLanguage\":\"es\",\"potentialAction\":[{\"@type\":\"ReadAction\",\"target\":[\"https:\\\/\\\/elcrochetderose.com\\\/?product=reade-tubular-table-lamp\"]}]},{\"@type\":\"ImageObject\",\"inLanguage\":\"es\",\"@id\":\"https:\\\/\\\/elcrochetderose.com\\\/?product=reade-tubular-table-lamp#primaryimage\",\"url\":\"https:\\\/\\\/elcrochetderose.com\\\/wp-content\\\/uploads\\\/2019\\\/07\\\/eureka-teja.jpg\",\"contentUrl\":\"https:\\\/\\\/elcrochetderose.com\\\/wp-content\\\/uploads\\\/2019\\\/07\\\/eureka-teja.jpg\",\"width\":1800,\"height\":1800,\"caption\":\"Descubre el ovillo teja de la colecci\u00f3n eureka de Casasol\"},{\"@type\":\"BreadcrumbList\",\"@id\":\"https:\\\/\\\/elcrochetderose.com\\\/?product=reade-tubular-table-lamp#breadcrumb\",\"itemListElement\":[{\"@type\":\"ListItem\",\"position\":1,\"name\":\"Home\",\"item\":\"https:\\\/\\\/elcrochetderose.com\\\/\"},{\"@type\":\"ListItem\",\"position\":2,\"name\":\"Tienda de crochet\",\"item\":\"https:\\\/\\\/elcrochetderose.com\\\/?page_id=1734\"},{\"@type\":\"ListItem\",\"position\":3,\"name\":\"Ovillo lana merino y acr\u00edlico Teja Eureka &#8211; Casasol\"}]},{\"@type\":\"WebSite\",\"@id\":\"https:\\\/\\\/elcrochetderose.com\\\/#website\",\"url\":\"https:\\\/\\\/elcrochetderose.com\\\/\",\"name\":\"El crochet de Rose\",\"description\":\"\",\"publisher\":{\"@id\":\"https:\\\/\\\/elcrochetderose.com\\\/#organization\"},\"potentialAction\":[{\"@type\":\"SearchAction\",\"target\":{\"@type\":\"EntryPoint\",\"urlTemplate\":\"https:\\\/\\\/elcrochetderose.com\\\/?s={search_term_string}\"},\"query-input\":{\"@type\":\"PropertyValueSpecification\",\"valueRequired\":true,\"valueName\":\"search_term_string\"}}],\"inLanguage\":\"es\"},{\"@type\":\"Organization\",\"@id\":\"https:\\\/\\\/elcrochetderose.com\\\/#organization\",\"name\":\"El crochet de Rose\",\"url\":\"https:\\\/\\\/elcrochetderose.com\\\/\",\"logo\":{\"@type\":\"ImageObject\",\"inLanguage\":\"es\",\"@id\":\"https:\\\/\\\/elcrochetderose.com\\\/#\\\/schema\\\/logo\\\/image\\\/\",\"url\":\"https:\\\/\\\/elcrochetderose.com\\\/wp-content\\\/uploads\\\/2024\\\/07\\\/cropped-logo-mostaza-el-crochet-de-rose.png\",\"contentUrl\":\"https:\\\/\\\/elcrochetderose.com\\\/wp-content\\\/uploads\\\/2024\\\/07\\\/cropped-logo-mostaza-el-crochet-de-rose.png\",\"width\":266,\"height\":80,\"caption\":\"El crochet de Rose\"},\"image\":{\"@id\":\"https:\\\/\\\/elcrochetderose.com\\\/#\\\/schema\\\/logo\\\/image\\\/\"}}]}<\/script>\n<!-- \/ Yoast SEO plugin. -->","yoast_head_json":{"title":"Ovillo lana merino y acr\u00edlico Teja Eureka - Casasol - El crochet de Rose","description":"El ovillo teja de la colecci\u00f3n Eureka de la marca Casasol es una opci\u00f3n c\u00e1lida, ideal para a\u00f1adir un toque r\u00fastico y acogedor a tus proyectos.","robots":{"index":"index","follow":"follow","max-snippet":"max-snippet:-1","max-image-preview":"max-image-preview:large","max-video-preview":"max-video-preview:-1"},"canonical":"https:\/\/elcrochetderose.com\/?product=reade-tubular-table-lamp","og_locale":"es_ES","og_type":"article","og_title":"Ovillo lana merino y acr\u00edlico Teja Eureka - Casasol - El crochet de Rose","og_description":"El ovillo teja de la colecci\u00f3n Eureka de la marca Casasol es una opci\u00f3n c\u00e1lida, ideal para a\u00f1adir un toque r\u00fastico y acogedor a tus proyectos.","og_url":"https:\/\/elcrochetderose.com\/?product=reade-tubular-table-lamp","og_site_name":"El crochet de Rose","article_modified_time":"2025-09-10T11:37:45+00:00","og_image":[{"width":1800,"height":1800,"url":"https:\/\/elcrochetderose.com\/wp-content\/uploads\/2019\/07\/eureka-teja.jpg","type":"image\/jpeg"}],"twitter_card":"summary_large_image","twitter_misc":{"Tiempo de lectura":"1 minuto"},"schema":{"@context":"https:\/\/schema.org","@graph":[{"@type":"WebPage","@id":"https:\/\/elcrochetderose.com\/?product=reade-tubular-table-lamp","url":"https:\/\/elcrochetderose.com\/?product=reade-tubular-table-lamp","name":"Ovillo lana merino y acr\u00edlico Teja Eureka - Casasol - El crochet de Rose","isPartOf":{"@id":"https:\/\/elcrochetderose.com\/#website"},"primaryImageOfPage":{"@id":"https:\/\/elcrochetderose.com\/?product=reade-tubular-table-lamp#primaryimage"},"image":{"@id":"https:\/\/elcrochetderose.com\/?product=reade-tubular-table-lamp#primaryimage"},"thumbnailUrl":"https:\/\/elcrochetderose.com\/wp-content\/uploads\/2019\/07\/eureka-teja.jpg","datePublished":"2024-07-23T02:01:28+00:00","dateModified":"2025-09-10T11:37:45+00:00","description":"El ovillo teja de la colecci\u00f3n Eureka de la marca Casasol es una opci\u00f3n c\u00e1lida, ideal para a\u00f1adir un toque r\u00fastico y acogedor a tus proyectos.","breadcrumb":{"@id":"https:\/\/elcrochetderose.com\/?product=reade-tubular-table-lamp#breadcrumb"},"inLanguage":"es","potentialAction":[{"@type":"ReadAction","target":["https:\/\/elcrochetderose.com\/?product=reade-tubular-table-lamp"]}]},{"@type":"ImageObject","inLanguage":"es","@id":"https:\/\/elcrochetderose.com\/?product=reade-tubular-table-lamp#primaryimage","url":"https:\/\/elcrochetderose.com\/wp-content\/uploads\/2019\/07\/eureka-teja.jpg","contentUrl":"https:\/\/elcrochetderose.com\/wp-content\/uploads\/2019\/07\/eureka-teja.jpg","width":1800,"height":1800,"caption":"Descubre el ovillo teja de la colecci\u00f3n eureka de Casasol"},{"@type":"BreadcrumbList","@id":"https:\/\/elcrochetderose.com\/?product=reade-tubular-table-lamp#breadcrumb","itemListElement":[{"@type":"ListItem","position":1,"name":"Home","item":"https:\/\/elcrochetderose.com\/"},{"@type":"ListItem","position":2,"name":"Tienda de crochet","item":"https:\/\/elcrochetderose.com\/?page_id=1734"},{"@type":"ListItem","position":3,"name":"Ovillo lana merino y acr\u00edlico Teja Eureka &#8211; Casasol"}]},{"@type":"WebSite","@id":"https:\/\/elcrochetderose.com\/#website","url":"https:\/\/elcrochetderose.com\/","name":"El crochet de Rose","description":"","publisher":{"@id":"https:\/\/elcrochetderose.com\/#organization"},"potentialAction":[{"@type":"SearchAction","target":{"@type":"EntryPoint","urlTemplate":"https:\/\/elcrochetderose.com\/?s={search_term_string}"},"query-input":{"@type":"PropertyValueSpecification","valueRequired":true,"valueName":"search_term_string"}}],"inLanguage":"es"},{"@type":"Organization","@id":"https:\/\/elcrochetderose.com\/#organization","name":"El crochet de Rose","url":"https:\/\/elcrochetderose.com\/","logo":{"@type":"ImageObject","inLanguage":"es","@id":"https:\/\/elcrochetderose.com\/#\/schema\/logo\/image\/","url":"https:\/\/elcrochetderose.com\/wp-content\/uploads\/2024\/07\/cropped-logo-mostaza-el-crochet-de-rose.png","contentUrl":"https:\/\/elcrochetderose.com\/wp-content\/uploads\/2024\/07\/cropped-logo-mostaza-el-crochet-de-rose.png","width":266,"height":80,"caption":"El crochet de Rose"},"image":{"@id":"https:\/\/elcrochetderose.com\/#\/schema\/logo\/image\/"}}]}},"_links":{"self":[{"href":"https:\/\/elcrochetderose.com\/index.php?rest_route=\/wp\/v2\/product\/250","targetHints":{"allow":["GET"]}}],"collection":[{"href":"https:\/\/elcrochetderose.com\/index.php?rest_route=\/wp\/v2\/product"}],"about":[{"href":"https:\/\/elcrochetderose.com\/index.php?rest_route=\/wp\/v2\/types\/product"}],"replies":[{"embeddable":true,"href":"https:\/\/elcrochetderose.com\/index.php?rest_route=%2Fwp%2Fv2%2Fcomments&post=250"}],"wp:featuredmedia":[{"embeddable":true,"href":"https:\/\/elcrochetderose.com\/index.php?rest_route=\/wp\/v2\/media\/2396"}],"wp:attachment":[{"href":"https:\/\/elcrochetderose.com\/index.php?rest_route=%2Fwp%2Fv2%2Fmedia&parent=250"}],"wp:term":[{"taxonomy":"product_brand","embeddable":true,"href":"https:\/\/elcrochetderose.com\/index.php?rest_route=%2Fwp%2Fv2%2Fproduct_brand&post=250"},{"taxonomy":"product_cat","embeddable":true,"href":"https:\/\/elcrochetderose.com\/index.php?rest_route=%2Fwp%2Fv2%2Fproduct_cat&post=250"},{"taxonomy":"product_tag","embeddable":true,"href":"https:\/\/elcrochetderose.com\/index.php?rest_route=%2Fwp%2Fv2%2Fproduct_tag&post=250"}],"curies":[{"name":"wp","href":"https:\/\/api.w.org\/{rel}","templated":true}]}}