{"id":2563,"date":"2025-02-04T21:42:12","date_gmt":"2025-02-04T20:42:12","guid":{"rendered":"https:\/\/elcrochetderose.com\/?post_type=product&#038;p=2563"},"modified":"2026-01-27T10:18:44","modified_gmt":"2026-01-27T09:18:44","slug":"taller-de-san-valentin-crochet","status":"publish","type":"product","link":"https:\/\/elcrochetderose.com\/?product=taller-de-san-valentin-crochet","title":{"rendered":"Taller Funda y Portavasos Coraz\u00f3n"},"content":{"rendered":"<p>Tejemos una funda para taza y un portavasos de coraz\u00f3n<\/p>\r\n<h2>Taller de San Valent\u00edn 2025<\/h2>\r\n\r\n<p><strong>D\u00edas<\/strong>: 1 y 8 de febrero de 12,30h-14,30h (s\u00e1bados).<\/p>\r\n\r\n\r\n\r\n<p><strong>Espacio:<\/strong> Estudio Francesc Maci\u00e0 7, 2B. Edificio Snipes Plaza Sant Joan, Lleida. (m\u00e1ximo 5 personas, si se inscriben m\u00e1s abrimos otro d\u00eda).<\/p>\r\n\r\n\r\n\r\n<p><strong>Precio:<\/strong> 42 euros. Incluye: Material, (Excepto ganchillos), coffee break y 4 horas de muy buen ambiente.<\/p>\r\n<div style=\"width: 478px;\" class=\"wp-video\"><video class=\"wp-video-shortcode\" id=\"video-2563-1\" width=\"478\" height=\"850\" preload=\"metadata\" controls=\"controls\"><source type=\"video\/mp4\" src=\"https:\/\/elcrochetderose.com\/wp-content\/uploads\/2025\/02\/Video-de-WhatsApp-2025-01-27-a-las-15.18.20_dcd9dda8.mp4?_=1\" \/><a href=\"https:\/\/elcrochetderose.com\/wp-content\/uploads\/2025\/02\/Video-de-WhatsApp-2025-01-27-a-las-15.18.20_dcd9dda8.mp4\">https:\/\/elcrochetderose.com\/wp-content\/uploads\/2025\/02\/Video-de-WhatsApp-2025-01-27-a-las-15.18.20_dcd9dda8.mp4<\/a><\/video><\/div>\r\n","protected":false},"excerpt":{"rendered":"<p>Tejemos una funda para taza y un portavasos de coraz\u00f3n. Incluye material.<\/p>\n","protected":false},"featured_media":2553,"comment_status":"open","ping_status":"closed","template":"","meta":[],"product_brand":[],"product_cat":[71],"product_tag":[],"class_list":{"0":"post-2563","1":"product","2":"type-product","3":"status-publish","4":"has-post-thumbnail","6":"product_cat-talleres-de-crochet-en-lleida","8":"first","9":"instock","10":"taxable","11":"shipping-taxable","12":"purchasable","13":"product-type-simple"},"yoast_head":"<!-- This site is optimized with the Yoast SEO plugin v27.3 - https:\/\/yoast.com\/product\/yoast-seo-wordpress\/ -->\n<title>Taller Funda y Portavasos Coraz\u00f3n - El crochet de Rose<\/title>\n<meta name=\"description\" content=\"No te pierdas mi taller de San Valent\u00edn 2025. El mejor taller de crochet en Lleida en el que podr\u00e1s hacer una funda y un portavasos.\" \/>\n<meta name=\"robots\" content=\"index, follow, max-snippet:-1, max-image-preview:large, max-video-preview:-1\" \/>\n<link rel=\"canonical\" href=\"https:\/\/elcrochetderose.com\/?product=taller-de-san-valentin-crochet\" \/>\n<meta property=\"og:locale\" content=\"es_ES\" \/>\n<meta property=\"og:type\" content=\"article\" \/>\n<meta property=\"og:title\" content=\"Taller Funda y Portavasos Coraz\u00f3n - El crochet de Rose\" \/>\n<meta property=\"og:description\" content=\"No te pierdas mi taller de San Valent\u00edn 2025. El mejor taller de crochet en Lleida en el que podr\u00e1s hacer una funda y un portavasos.\" \/>\n<meta property=\"og:url\" content=\"https:\/\/elcrochetderose.com\/?product=taller-de-san-valentin-crochet\" \/>\n<meta property=\"og:site_name\" content=\"El crochet de Rose\" \/>\n<meta property=\"article:modified_time\" content=\"2026-01-27T09:18:44+00:00\" \/>\n<meta property=\"og:image\" content=\"https:\/\/elcrochetderose.com\/wp-content\/uploads\/2024\/08\/FUNDA-DE-CROCHET.jpg\" \/>\n\t<meta property=\"og:image:width\" content=\"2158\" \/>\n\t<meta property=\"og:image:height\" content=\"2158\" \/>\n\t<meta property=\"og:image:type\" content=\"image\/jpeg\" \/>\n<meta name=\"twitter:card\" content=\"summary_large_image\" \/>\n<meta name=\"twitter:label1\" content=\"Tiempo de lectura\" \/>\n\t<meta name=\"twitter:data1\" content=\"1 minuto\" \/>\n<script type=\"application\/ld+json\" class=\"yoast-schema-graph\">{\"@context\":\"https:\\\/\\\/schema.org\",\"@graph\":[{\"@type\":\"WebPage\",\"@id\":\"https:\\\/\\\/elcrochetderose.com\\\/?product=taller-de-san-valentin-crochet\",\"url\":\"https:\\\/\\\/elcrochetderose.com\\\/?product=taller-de-san-valentin-crochet\",\"name\":\"Taller Funda y Portavasos Coraz\u00f3n - El crochet de Rose\",\"isPartOf\":{\"@id\":\"https:\\\/\\\/elcrochetderose.com\\\/#website\"},\"primaryImageOfPage\":{\"@id\":\"https:\\\/\\\/elcrochetderose.com\\\/?product=taller-de-san-valentin-crochet#primaryimage\"},\"image\":{\"@id\":\"https:\\\/\\\/elcrochetderose.com\\\/?product=taller-de-san-valentin-crochet#primaryimage\"},\"thumbnailUrl\":\"https:\\\/\\\/elcrochetderose.com\\\/wp-content\\\/uploads\\\/2024\\\/08\\\/FUNDA-DE-CROCHET.jpg\",\"datePublished\":\"2025-02-04T20:42:12+00:00\",\"dateModified\":\"2026-01-27T09:18:44+00:00\",\"description\":\"No te pierdas mi taller de San Valent\u00edn 2025. El mejor taller de crochet en Lleida en el que podr\u00e1s hacer una funda y un portavasos.\",\"breadcrumb\":{\"@id\":\"https:\\\/\\\/elcrochetderose.com\\\/?product=taller-de-san-valentin-crochet#breadcrumb\"},\"inLanguage\":\"es\",\"potentialAction\":[{\"@type\":\"ReadAction\",\"target\":[\"https:\\\/\\\/elcrochetderose.com\\\/?product=taller-de-san-valentin-crochet\"]}]},{\"@type\":\"ImageObject\",\"inLanguage\":\"es\",\"@id\":\"https:\\\/\\\/elcrochetderose.com\\\/?product=taller-de-san-valentin-crochet#primaryimage\",\"url\":\"https:\\\/\\\/elcrochetderose.com\\\/wp-content\\\/uploads\\\/2024\\\/08\\\/FUNDA-DE-CROCHET.jpg\",\"contentUrl\":\"https:\\\/\\\/elcrochetderose.com\\\/wp-content\\\/uploads\\\/2024\\\/08\\\/FUNDA-DE-CROCHET.jpg\",\"width\":2158,\"height\":2158},{\"@type\":\"BreadcrumbList\",\"@id\":\"https:\\\/\\\/elcrochetderose.com\\\/?product=taller-de-san-valentin-crochet#breadcrumb\",\"itemListElement\":[{\"@type\":\"ListItem\",\"position\":1,\"name\":\"Home\",\"item\":\"https:\\\/\\\/elcrochetderose.com\\\/\"},{\"@type\":\"ListItem\",\"position\":2,\"name\":\"Tienda de crochet\",\"item\":\"https:\\\/\\\/elcrochetderose.com\\\/?page_id=1734\"},{\"@type\":\"ListItem\",\"position\":3,\"name\":\"Taller Funda y Portavasos Coraz\u00f3n\"}]},{\"@type\":\"WebSite\",\"@id\":\"https:\\\/\\\/elcrochetderose.com\\\/#website\",\"url\":\"https:\\\/\\\/elcrochetderose.com\\\/\",\"name\":\"El crochet de Rose\",\"description\":\"\",\"publisher\":{\"@id\":\"https:\\\/\\\/elcrochetderose.com\\\/#organization\"},\"potentialAction\":[{\"@type\":\"SearchAction\",\"target\":{\"@type\":\"EntryPoint\",\"urlTemplate\":\"https:\\\/\\\/elcrochetderose.com\\\/?s={search_term_string}\"},\"query-input\":{\"@type\":\"PropertyValueSpecification\",\"valueRequired\":true,\"valueName\":\"search_term_string\"}}],\"inLanguage\":\"es\"},{\"@type\":\"Organization\",\"@id\":\"https:\\\/\\\/elcrochetderose.com\\\/#organization\",\"name\":\"El crochet de Rose\",\"url\":\"https:\\\/\\\/elcrochetderose.com\\\/\",\"logo\":{\"@type\":\"ImageObject\",\"inLanguage\":\"es\",\"@id\":\"https:\\\/\\\/elcrochetderose.com\\\/#\\\/schema\\\/logo\\\/image\\\/\",\"url\":\"https:\\\/\\\/elcrochetderose.com\\\/wp-content\\\/uploads\\\/2024\\\/07\\\/cropped-logo-mostaza-el-crochet-de-rose.png\",\"contentUrl\":\"https:\\\/\\\/elcrochetderose.com\\\/wp-content\\\/uploads\\\/2024\\\/07\\\/cropped-logo-mostaza-el-crochet-de-rose.png\",\"width\":266,\"height\":80,\"caption\":\"El crochet de Rose\"},\"image\":{\"@id\":\"https:\\\/\\\/elcrochetderose.com\\\/#\\\/schema\\\/logo\\\/image\\\/\"}}]}<\/script>\n<!-- \/ Yoast SEO plugin. -->","yoast_head_json":{"title":"Taller Funda y Portavasos Coraz\u00f3n - El crochet de Rose","description":"No te pierdas mi taller de San Valent\u00edn 2025. El mejor taller de crochet en Lleida en el que podr\u00e1s hacer una funda y un portavasos.","robots":{"index":"index","follow":"follow","max-snippet":"max-snippet:-1","max-image-preview":"max-image-preview:large","max-video-preview":"max-video-preview:-1"},"canonical":"https:\/\/elcrochetderose.com\/?product=taller-de-san-valentin-crochet","og_locale":"es_ES","og_type":"article","og_title":"Taller Funda y Portavasos Coraz\u00f3n - El crochet de Rose","og_description":"No te pierdas mi taller de San Valent\u00edn 2025. El mejor taller de crochet en Lleida en el que podr\u00e1s hacer una funda y un portavasos.","og_url":"https:\/\/elcrochetderose.com\/?product=taller-de-san-valentin-crochet","og_site_name":"El crochet de Rose","article_modified_time":"2026-01-27T09:18:44+00:00","og_image":[{"width":2158,"height":2158,"url":"https:\/\/elcrochetderose.com\/wp-content\/uploads\/2024\/08\/FUNDA-DE-CROCHET.jpg","type":"image\/jpeg"}],"twitter_card":"summary_large_image","twitter_misc":{"Tiempo de lectura":"1 minuto"},"schema":{"@context":"https:\/\/schema.org","@graph":[{"@type":"WebPage","@id":"https:\/\/elcrochetderose.com\/?product=taller-de-san-valentin-crochet","url":"https:\/\/elcrochetderose.com\/?product=taller-de-san-valentin-crochet","name":"Taller Funda y Portavasos Coraz\u00f3n - El crochet de Rose","isPartOf":{"@id":"https:\/\/elcrochetderose.com\/#website"},"primaryImageOfPage":{"@id":"https:\/\/elcrochetderose.com\/?product=taller-de-san-valentin-crochet#primaryimage"},"image":{"@id":"https:\/\/elcrochetderose.com\/?product=taller-de-san-valentin-crochet#primaryimage"},"thumbnailUrl":"https:\/\/elcrochetderose.com\/wp-content\/uploads\/2024\/08\/FUNDA-DE-CROCHET.jpg","datePublished":"2025-02-04T20:42:12+00:00","dateModified":"2026-01-27T09:18:44+00:00","description":"No te pierdas mi taller de San Valent\u00edn 2025. El mejor taller de crochet en Lleida en el que podr\u00e1s hacer una funda y un portavasos.","breadcrumb":{"@id":"https:\/\/elcrochetderose.com\/?product=taller-de-san-valentin-crochet#breadcrumb"},"inLanguage":"es","potentialAction":[{"@type":"ReadAction","target":["https:\/\/elcrochetderose.com\/?product=taller-de-san-valentin-crochet"]}]},{"@type":"ImageObject","inLanguage":"es","@id":"https:\/\/elcrochetderose.com\/?product=taller-de-san-valentin-crochet#primaryimage","url":"https:\/\/elcrochetderose.com\/wp-content\/uploads\/2024\/08\/FUNDA-DE-CROCHET.jpg","contentUrl":"https:\/\/elcrochetderose.com\/wp-content\/uploads\/2024\/08\/FUNDA-DE-CROCHET.jpg","width":2158,"height":2158},{"@type":"BreadcrumbList","@id":"https:\/\/elcrochetderose.com\/?product=taller-de-san-valentin-crochet#breadcrumb","itemListElement":[{"@type":"ListItem","position":1,"name":"Home","item":"https:\/\/elcrochetderose.com\/"},{"@type":"ListItem","position":2,"name":"Tienda de crochet","item":"https:\/\/elcrochetderose.com\/?page_id=1734"},{"@type":"ListItem","position":3,"name":"Taller Funda y Portavasos Coraz\u00f3n"}]},{"@type":"WebSite","@id":"https:\/\/elcrochetderose.com\/#website","url":"https:\/\/elcrochetderose.com\/","name":"El crochet de Rose","description":"","publisher":{"@id":"https:\/\/elcrochetderose.com\/#organization"},"potentialAction":[{"@type":"SearchAction","target":{"@type":"EntryPoint","urlTemplate":"https:\/\/elcrochetderose.com\/?s={search_term_string}"},"query-input":{"@type":"PropertyValueSpecification","valueRequired":true,"valueName":"search_term_string"}}],"inLanguage":"es"},{"@type":"Organization","@id":"https:\/\/elcrochetderose.com\/#organization","name":"El crochet de Rose","url":"https:\/\/elcrochetderose.com\/","logo":{"@type":"ImageObject","inLanguage":"es","@id":"https:\/\/elcrochetderose.com\/#\/schema\/logo\/image\/","url":"https:\/\/elcrochetderose.com\/wp-content\/uploads\/2024\/07\/cropped-logo-mostaza-el-crochet-de-rose.png","contentUrl":"https:\/\/elcrochetderose.com\/wp-content\/uploads\/2024\/07\/cropped-logo-mostaza-el-crochet-de-rose.png","width":266,"height":80,"caption":"El crochet de Rose"},"image":{"@id":"https:\/\/elcrochetderose.com\/#\/schema\/logo\/image\/"}}]}},"_links":{"self":[{"href":"https:\/\/elcrochetderose.com\/index.php?rest_route=\/wp\/v2\/product\/2563","targetHints":{"allow":["GET"]}}],"collection":[{"href":"https:\/\/elcrochetderose.com\/index.php?rest_route=\/wp\/v2\/product"}],"about":[{"href":"https:\/\/elcrochetderose.com\/index.php?rest_route=\/wp\/v2\/types\/product"}],"replies":[{"embeddable":true,"href":"https:\/\/elcrochetderose.com\/index.php?rest_route=%2Fwp%2Fv2%2Fcomments&post=2563"}],"wp:featuredmedia":[{"embeddable":true,"href":"https:\/\/elcrochetderose.com\/index.php?rest_route=\/wp\/v2\/media\/2553"}],"wp:attachment":[{"href":"https:\/\/elcrochetderose.com\/index.php?rest_route=%2Fwp%2Fv2%2Fmedia&parent=2563"}],"wp:term":[{"taxonomy":"product_brand","embeddable":true,"href":"https:\/\/elcrochetderose.com\/index.php?rest_route=%2Fwp%2Fv2%2Fproduct_brand&post=2563"},{"taxonomy":"product_cat","embeddable":true,"href":"https:\/\/elcrochetderose.com\/index.php?rest_route=%2Fwp%2Fv2%2Fproduct_cat&post=2563"},{"taxonomy":"product_tag","embeddable":true,"href":"https:\/\/elcrochetderose.com\/index.php?rest_route=%2Fwp%2Fv2%2Fproduct_tag&post=2563"}],"curies":[{"name":"wp","href":"https:\/\/api.w.org\/{rel}","templated":true}]}}