{"id":2571,"date":"2024-12-09T17:47:46","date_gmt":"2024-12-09T16:47:46","guid":{"rendered":"https:\/\/elcrochetderose.com\/?post_type=product&#038;p=2571"},"modified":"2025-11-11T09:39:23","modified_gmt":"2025-11-11T08:39:23","slug":"taller-gnomos-crochet-lleida","status":"publish","type":"product","link":"https:\/\/elcrochetderose.com\/?product=taller-gnomos-crochet-lleida","title":{"rendered":"Taller de gnomos de crochet"},"content":{"rendered":"<h2>Taller de gnomos de crochet de navidad<\/h2>\r\n\r\n\r\n\r\n<p>Tejemos un Gnomo a escoger<\/p>\r\n<p><\/p>\r\n<ul>\r\n<li><strong>Hor\u00e1rios Taller Gnomos<\/strong>\r\n<ul>\r\n<li><strong>Opci\u00f3n 1 (Martes): <\/strong>18 y 25 de Noviembre, 2 de diciembre (3 d\u00edas, 2 horas cada d\u00eda)\r\n<ul>\r\n<li><strong>Horario:<\/strong> de 18-20h<\/li>\r\n<\/ul>\r\n<\/li>\r\n<li><strong>Opci\u00f3n 2 (S\u00e1bados): <\/strong>15, 29 de Noviembre (2 d\u00edas, 3 horas cada d\u00eda)\r\n<ul>\r\n<li><strong>Horario:<\/strong> de 16-19h<\/li>\r\n<\/ul>\r\n<\/li>\r\n<li><strong>Opci\u00f3n 3 (Jueves): <\/strong>20 y 27 de Noviembre, 4 de diciembre (3 d\u00edas, 2 horas cada d\u00eda)\r\n<ul>\r\n<li><strong>Horario:<\/strong> de 10-12h<\/li>\r\n<\/ul>\r\n<\/li>\r\n<\/ul>\r\n<\/li>\r\n<\/ul>\r\n<p>\r\n\r\n\r\n\r\n<\/p>\r\n<p><strong>Precio:<\/strong> 65 euros.<\/p>\r\n<p><strong>Incluye<\/strong>: Material (Excepto ganchillo), coffe break y 6 horas de muy buen ambiente<\/p>\r\n<p><strong>Espacio:<\/strong> Estudio Francesc Maci\u00e0 7, 2B. Edificio Snipes Plaza Sant Joan, Lleida. (m\u00e1ximo 6 personas, si se inscriben m\u00e1s abrimos otro d\u00eda).<\/p>\r\n","protected":false},"excerpt":{"rendered":"<h2>Taller de gnomos de crochet de navidad<\/h2>\n<p><!-- wp:paragraph --><!-- \/wp:paragraph --><\/p>\n<p><!-- wp:paragraph --><\/p>\n<p>Tejemos un Gnomo a escoger<\/p>\n<p><!-- wp:paragraph --><\/p>\n<ul>\n<li><strong>Hor\u00e1rios Taller Gnomos<\/strong>\n<ul>\n<li><strong>Opci\u00f3n 1 (Martes): <\/strong>18 y 25 de Noviembre, 2 de diciembre (3 d\u00edas, 2 horas cada d\u00eda)\n<ul>\n<li><strong>Horario:<\/strong> de 18-20h<\/li>\n<\/ul>\n<\/li>\n<li><strong>Opci\u00f3n 2 (S\u00e1bados): <\/strong>15, 29 de Noviembre (2 d\u00edas, 3 horas cada d\u00eda)\n<ul>\n<li><strong>Horario:<\/strong> de 16-19h<\/li>\n<\/ul>\n<\/li>\n<li><strong>Opci\u00f3n 3 (Jueves): <\/strong>20 y 27 de Noviembre, 4 de diciembre (3 d\u00edas, 2 horas cada d\u00eda)\n<ul>\n<li><strong>Horario:<\/strong> de 10-12h<\/li>\n<\/ul>\n<\/li>\n<\/ul>\n<\/li>\n<\/ul>\n<p><!-- \/wp:paragraph --><\/p>\n<p><!-- wp:paragraph --><!-- \/wp:paragraph --><\/p>\n<p><!-- wp:paragraph --><\/p>\n<p><strong>Precio:<\/strong> 65 euros.<\/p>\n<p><strong>Incluye<\/strong>: Material (Excepto ganchillo), coffe break y 6 horas de muy buen ambiente<\/p>\n<p><strong>Espacio:<\/strong> Estudio Francesc Maci\u00e0 7, 2B. Edificio Snipes Plaza Sant Joan, Lleida. (m\u00e1ximo 6 personas, si se inscriben m\u00e1s abrimos otro d\u00eda).<\/p>\n","protected":false},"featured_media":2290,"comment_status":"open","ping_status":"closed","template":"","meta":[],"product_brand":[],"product_cat":[71],"product_tag":[],"class_list":{"0":"post-2571","1":"product","2":"type-product","3":"status-publish","4":"has-post-thumbnail","6":"product_cat-talleres-de-crochet-en-lleida","8":"first","9":"instock","10":"taxable","11":"shipping-taxable","12":"purchasable","13":"product-type-simple"},"yoast_head":"<!-- This site is optimized with the Yoast SEO plugin v27.3 - https:\/\/yoast.com\/product\/yoast-seo-wordpress\/ -->\n<title>Taller de gnomos de crochet en Lleida El crochet de Rose<\/title>\n<meta name=\"description\" content=\"No te pierdas mi taller de gnomos de crochet. El mejor taller de crochet en Lleida en el que podr\u00e1s hacer un gnomo de navidad.\" \/>\n<meta name=\"robots\" content=\"index, follow, max-snippet:-1, max-image-preview:large, max-video-preview:-1\" \/>\n<link rel=\"canonical\" href=\"https:\/\/elcrochetderose.com\/?product=taller-gnomos-crochet-lleida\" \/>\n<meta property=\"og:locale\" content=\"es_ES\" \/>\n<meta property=\"og:type\" content=\"article\" \/>\n<meta property=\"og:title\" content=\"Taller de gnomos de crochet en Lleida El crochet de Rose\" \/>\n<meta property=\"og:description\" content=\"No te pierdas mi taller de gnomos de crochet. El mejor taller de crochet en Lleida en el que podr\u00e1s hacer un gnomo de navidad.\" \/>\n<meta property=\"og:url\" content=\"https:\/\/elcrochetderose.com\/?product=taller-gnomos-crochet-lleida\" \/>\n<meta property=\"og:site_name\" content=\"El crochet de Rose\" \/>\n<meta property=\"article:modified_time\" content=\"2025-11-11T08:39:23+00:00\" \/>\n<meta property=\"og:image\" content=\"https:\/\/elcrochetderose.com\/wp-content\/uploads\/2024\/08\/gnomos-navidad-crochet-lleida.jpg\" \/>\n\t<meta property=\"og:image:width\" content=\"1800\" \/>\n\t<meta property=\"og:image:height\" content=\"1800\" \/>\n\t<meta property=\"og:image:type\" content=\"image\/jpeg\" \/>\n<meta name=\"twitter:card\" content=\"summary_large_image\" \/>\n<meta name=\"twitter:label1\" content=\"Tiempo de lectura\" \/>\n\t<meta name=\"twitter:data1\" content=\"1 minuto\" \/>\n<script type=\"application\/ld+json\" class=\"yoast-schema-graph\">{\"@context\":\"https:\\\/\\\/schema.org\",\"@graph\":[{\"@type\":\"WebPage\",\"@id\":\"https:\\\/\\\/elcrochetderose.com\\\/?product=taller-gnomos-crochet-lleida\",\"url\":\"https:\\\/\\\/elcrochetderose.com\\\/?product=taller-gnomos-crochet-lleida\",\"name\":\"Taller de gnomos de crochet en Lleida El crochet de Rose\",\"isPartOf\":{\"@id\":\"https:\\\/\\\/elcrochetderose.com\\\/#website\"},\"primaryImageOfPage\":{\"@id\":\"https:\\\/\\\/elcrochetderose.com\\\/?product=taller-gnomos-crochet-lleida#primaryimage\"},\"image\":{\"@id\":\"https:\\\/\\\/elcrochetderose.com\\\/?product=taller-gnomos-crochet-lleida#primaryimage\"},\"thumbnailUrl\":\"https:\\\/\\\/elcrochetderose.com\\\/wp-content\\\/uploads\\\/2024\\\/08\\\/gnomos-navidad-crochet-lleida.jpg\",\"datePublished\":\"2024-12-09T16:47:46+00:00\",\"dateModified\":\"2025-11-11T08:39:23+00:00\",\"description\":\"No te pierdas mi taller de gnomos de crochet. El mejor taller de crochet en Lleida en el que podr\u00e1s hacer un gnomo de navidad.\",\"breadcrumb\":{\"@id\":\"https:\\\/\\\/elcrochetderose.com\\\/?product=taller-gnomos-crochet-lleida#breadcrumb\"},\"inLanguage\":\"es\",\"potentialAction\":[{\"@type\":\"ReadAction\",\"target\":[\"https:\\\/\\\/elcrochetderose.com\\\/?product=taller-gnomos-crochet-lleida\"]}]},{\"@type\":\"ImageObject\",\"inLanguage\":\"es\",\"@id\":\"https:\\\/\\\/elcrochetderose.com\\\/?product=taller-gnomos-crochet-lleida#primaryimage\",\"url\":\"https:\\\/\\\/elcrochetderose.com\\\/wp-content\\\/uploads\\\/2024\\\/08\\\/gnomos-navidad-crochet-lleida.jpg\",\"contentUrl\":\"https:\\\/\\\/elcrochetderose.com\\\/wp-content\\\/uploads\\\/2024\\\/08\\\/gnomos-navidad-crochet-lleida.jpg\",\"width\":1800,\"height\":1800,\"caption\":\"Conoce mi taller de gnomos navide\u00f1os en lleida\"},{\"@type\":\"BreadcrumbList\",\"@id\":\"https:\\\/\\\/elcrochetderose.com\\\/?product=taller-gnomos-crochet-lleida#breadcrumb\",\"itemListElement\":[{\"@type\":\"ListItem\",\"position\":1,\"name\":\"Home\",\"item\":\"https:\\\/\\\/elcrochetderose.com\\\/\"},{\"@type\":\"ListItem\",\"position\":2,\"name\":\"Tienda de crochet\",\"item\":\"https:\\\/\\\/elcrochetderose.com\\\/?page_id=1734\"},{\"@type\":\"ListItem\",\"position\":3,\"name\":\"Taller de gnomos de crochet\"}]},{\"@type\":\"WebSite\",\"@id\":\"https:\\\/\\\/elcrochetderose.com\\\/#website\",\"url\":\"https:\\\/\\\/elcrochetderose.com\\\/\",\"name\":\"El crochet de Rose\",\"description\":\"\",\"publisher\":{\"@id\":\"https:\\\/\\\/elcrochetderose.com\\\/#organization\"},\"potentialAction\":[{\"@type\":\"SearchAction\",\"target\":{\"@type\":\"EntryPoint\",\"urlTemplate\":\"https:\\\/\\\/elcrochetderose.com\\\/?s={search_term_string}\"},\"query-input\":{\"@type\":\"PropertyValueSpecification\",\"valueRequired\":true,\"valueName\":\"search_term_string\"}}],\"inLanguage\":\"es\"},{\"@type\":\"Organization\",\"@id\":\"https:\\\/\\\/elcrochetderose.com\\\/#organization\",\"name\":\"El crochet de Rose\",\"url\":\"https:\\\/\\\/elcrochetderose.com\\\/\",\"logo\":{\"@type\":\"ImageObject\",\"inLanguage\":\"es\",\"@id\":\"https:\\\/\\\/elcrochetderose.com\\\/#\\\/schema\\\/logo\\\/image\\\/\",\"url\":\"https:\\\/\\\/elcrochetderose.com\\\/wp-content\\\/uploads\\\/2024\\\/07\\\/cropped-logo-mostaza-el-crochet-de-rose.png\",\"contentUrl\":\"https:\\\/\\\/elcrochetderose.com\\\/wp-content\\\/uploads\\\/2024\\\/07\\\/cropped-logo-mostaza-el-crochet-de-rose.png\",\"width\":266,\"height\":80,\"caption\":\"El crochet de Rose\"},\"image\":{\"@id\":\"https:\\\/\\\/elcrochetderose.com\\\/#\\\/schema\\\/logo\\\/image\\\/\"}}]}<\/script>\n<!-- \/ Yoast SEO plugin. -->","yoast_head_json":{"title":"Taller de gnomos de crochet en Lleida El crochet de Rose","description":"No te pierdas mi taller de gnomos de crochet. El mejor taller de crochet en Lleida en el que podr\u00e1s hacer un gnomo de navidad.","robots":{"index":"index","follow":"follow","max-snippet":"max-snippet:-1","max-image-preview":"max-image-preview:large","max-video-preview":"max-video-preview:-1"},"canonical":"https:\/\/elcrochetderose.com\/?product=taller-gnomos-crochet-lleida","og_locale":"es_ES","og_type":"article","og_title":"Taller de gnomos de crochet en Lleida El crochet de Rose","og_description":"No te pierdas mi taller de gnomos de crochet. El mejor taller de crochet en Lleida en el que podr\u00e1s hacer un gnomo de navidad.","og_url":"https:\/\/elcrochetderose.com\/?product=taller-gnomos-crochet-lleida","og_site_name":"El crochet de Rose","article_modified_time":"2025-11-11T08:39:23+00:00","og_image":[{"width":1800,"height":1800,"url":"https:\/\/elcrochetderose.com\/wp-content\/uploads\/2024\/08\/gnomos-navidad-crochet-lleida.jpg","type":"image\/jpeg"}],"twitter_card":"summary_large_image","twitter_misc":{"Tiempo de lectura":"1 minuto"},"schema":{"@context":"https:\/\/schema.org","@graph":[{"@type":"WebPage","@id":"https:\/\/elcrochetderose.com\/?product=taller-gnomos-crochet-lleida","url":"https:\/\/elcrochetderose.com\/?product=taller-gnomos-crochet-lleida","name":"Taller de gnomos de crochet en Lleida El crochet de Rose","isPartOf":{"@id":"https:\/\/elcrochetderose.com\/#website"},"primaryImageOfPage":{"@id":"https:\/\/elcrochetderose.com\/?product=taller-gnomos-crochet-lleida#primaryimage"},"image":{"@id":"https:\/\/elcrochetderose.com\/?product=taller-gnomos-crochet-lleida#primaryimage"},"thumbnailUrl":"https:\/\/elcrochetderose.com\/wp-content\/uploads\/2024\/08\/gnomos-navidad-crochet-lleida.jpg","datePublished":"2024-12-09T16:47:46+00:00","dateModified":"2025-11-11T08:39:23+00:00","description":"No te pierdas mi taller de gnomos de crochet. El mejor taller de crochet en Lleida en el que podr\u00e1s hacer un gnomo de navidad.","breadcrumb":{"@id":"https:\/\/elcrochetderose.com\/?product=taller-gnomos-crochet-lleida#breadcrumb"},"inLanguage":"es","potentialAction":[{"@type":"ReadAction","target":["https:\/\/elcrochetderose.com\/?product=taller-gnomos-crochet-lleida"]}]},{"@type":"ImageObject","inLanguage":"es","@id":"https:\/\/elcrochetderose.com\/?product=taller-gnomos-crochet-lleida#primaryimage","url":"https:\/\/elcrochetderose.com\/wp-content\/uploads\/2024\/08\/gnomos-navidad-crochet-lleida.jpg","contentUrl":"https:\/\/elcrochetderose.com\/wp-content\/uploads\/2024\/08\/gnomos-navidad-crochet-lleida.jpg","width":1800,"height":1800,"caption":"Conoce mi taller de gnomos navide\u00f1os en lleida"},{"@type":"BreadcrumbList","@id":"https:\/\/elcrochetderose.com\/?product=taller-gnomos-crochet-lleida#breadcrumb","itemListElement":[{"@type":"ListItem","position":1,"name":"Home","item":"https:\/\/elcrochetderose.com\/"},{"@type":"ListItem","position":2,"name":"Tienda de crochet","item":"https:\/\/elcrochetderose.com\/?page_id=1734"},{"@type":"ListItem","position":3,"name":"Taller de gnomos de crochet"}]},{"@type":"WebSite","@id":"https:\/\/elcrochetderose.com\/#website","url":"https:\/\/elcrochetderose.com\/","name":"El crochet de Rose","description":"","publisher":{"@id":"https:\/\/elcrochetderose.com\/#organization"},"potentialAction":[{"@type":"SearchAction","target":{"@type":"EntryPoint","urlTemplate":"https:\/\/elcrochetderose.com\/?s={search_term_string}"},"query-input":{"@type":"PropertyValueSpecification","valueRequired":true,"valueName":"search_term_string"}}],"inLanguage":"es"},{"@type":"Organization","@id":"https:\/\/elcrochetderose.com\/#organization","name":"El crochet de Rose","url":"https:\/\/elcrochetderose.com\/","logo":{"@type":"ImageObject","inLanguage":"es","@id":"https:\/\/elcrochetderose.com\/#\/schema\/logo\/image\/","url":"https:\/\/elcrochetderose.com\/wp-content\/uploads\/2024\/07\/cropped-logo-mostaza-el-crochet-de-rose.png","contentUrl":"https:\/\/elcrochetderose.com\/wp-content\/uploads\/2024\/07\/cropped-logo-mostaza-el-crochet-de-rose.png","width":266,"height":80,"caption":"El crochet de Rose"},"image":{"@id":"https:\/\/elcrochetderose.com\/#\/schema\/logo\/image\/"}}]}},"_links":{"self":[{"href":"https:\/\/elcrochetderose.com\/index.php?rest_route=\/wp\/v2\/product\/2571","targetHints":{"allow":["GET"]}}],"collection":[{"href":"https:\/\/elcrochetderose.com\/index.php?rest_route=\/wp\/v2\/product"}],"about":[{"href":"https:\/\/elcrochetderose.com\/index.php?rest_route=\/wp\/v2\/types\/product"}],"replies":[{"embeddable":true,"href":"https:\/\/elcrochetderose.com\/index.php?rest_route=%2Fwp%2Fv2%2Fcomments&post=2571"}],"wp:featuredmedia":[{"embeddable":true,"href":"https:\/\/elcrochetderose.com\/index.php?rest_route=\/wp\/v2\/media\/2290"}],"wp:attachment":[{"href":"https:\/\/elcrochetderose.com\/index.php?rest_route=%2Fwp%2Fv2%2Fmedia&parent=2571"}],"wp:term":[{"taxonomy":"product_brand","embeddable":true,"href":"https:\/\/elcrochetderose.com\/index.php?rest_route=%2Fwp%2Fv2%2Fproduct_brand&post=2571"},{"taxonomy":"product_cat","embeddable":true,"href":"https:\/\/elcrochetderose.com\/index.php?rest_route=%2Fwp%2Fv2%2Fproduct_cat&post=2571"},{"taxonomy":"product_tag","embeddable":true,"href":"https:\/\/elcrochetderose.com\/index.php?rest_route=%2Fwp%2Fv2%2Fproduct_tag&post=2571"}],"curies":[{"name":"wp","href":"https:\/\/api.w.org\/{rel}","templated":true}]}}