{"id":2583,"date":"2025-02-11T20:01:29","date_gmt":"2025-02-11T19:01:29","guid":{"rendered":"https:\/\/elcrochetderose.com\/?post_type=product&#038;p=2583"},"modified":"2026-02-01T20:59:16","modified_gmt":"2026-02-01T19:59:16","slug":"taller-de-cupcake","status":"publish","type":"product","link":"https:\/\/elcrochetderose.com\/?product=taller-de-cupcake","title":{"rendered":"Taller de cupcake"},"content":{"rendered":"<p>Tejemos un cup cake lleno de amor<\/p>\r\n<h2>Taller del d\u00eda de los enamorados<\/h2>\r\n\r\n<p><strong>D\u00edas<\/strong>: consulta disponibilidad de hor\u00e1rios por Whatsapp 617831206<\/p>\r\n\r\n\r\n\r\n<p><strong>Espacio:<\/strong> Estudio Francesc Maci\u00e0 7, 2B. Edificio Snipes Plaza Sant Joan, Lleida. (m\u00e1ximo 5 personas, si se inscriben m\u00e1s abrimos otro d\u00eda).<\/p>\r\n\r\n\r\n\r\n<p><strong>Precio:<\/strong> 50 euros. Incluye: Material, (Excepto ganchillos), coffee break y 4 horas de muy buen ambiente.<\/p>\r\n<p><\/p>\r\n<ul>\r\n<li><strong>Hor\u00e1rios Taller Cup cake<\/strong>\r\n<ul>\r\n<li style=\"list-style-type: none;\">\r\n<ul>\r\n<li><strong>Opci\u00f3n 1 (Martes): <\/strong>3 y 10 de Febrero (2 d\u00edas, 3 horas cada d\u00eda)\r\n<ul>\r\n<li><strong>Horario:<\/strong> de 17-20h<\/li>\r\n<\/ul>\r\n<\/li>\r\n<li><strong>Opci\u00f3n 2 (S\u00e1bados): <\/strong>7 y 14 de Febrero (2 d\u00edas, 3 horas cada d\u00eda)\r\n<ul>\r\n<li><strong>Horario:<\/strong> de 17-20h<\/li>\r\n<\/ul>\r\n<\/li>\r\n<\/ul>\r\n<\/li>\r\n<\/ul>\r\n<\/li>\r\n<\/ul>\r\n<p>\r\n\r\n\r\n\r\n<\/p>\r\n<p><strong>Precio:<\/strong> 50 euros.<\/p>\r\n<p><strong>Incluye<\/strong>: Material (Excepto ganchillo), coffe break y 6 horas de muy buen ambiente<\/p>\r\n<p><strong>Espacio:<\/strong> Estudio Francesc Maci\u00e0 7, 2B. Edificio Snipes Plaza Sant Joan, Lleida. (m\u00e1ximo 6 personas, si se inscriben m\u00e1s abrimos otro d\u00eda).<\/p>\r\n<div style=\"width: 478px;\" class=\"wp-video\"><video class=\"wp-video-shortcode\" id=\"video-2583-1\" width=\"478\" height=\"850\" preload=\"metadata\" controls=\"controls\"><source type=\"video\/mp4\" src=\"https:\/\/elcrochetderose.com\/wp-content\/uploads\/2025\/02\/CUP-CAKE-WEB.mp4?_=1\" \/><a href=\"https:\/\/elcrochetderose.com\/wp-content\/uploads\/2025\/02\/CUP-CAKE-WEB.mp4\">https:\/\/elcrochetderose.com\/wp-content\/uploads\/2025\/02\/CUP-CAKE-WEB.mp4<\/a><\/video><\/div>\r\n","protected":false},"excerpt":{"rendered":"<h2>Taller del d\u00eda de los enamorados<\/h2>\n<p><!-- wp:paragraph --><\/p>\n<p><strong>D\u00edas<\/strong>: consulta disponibilidad de hor\u00e1rios por Whatsapp 617831206<\/p>\n<p><!-- \/wp:paragraph --><\/p>\n<p><!-- wp:paragraph --><\/p>\n<p><strong>Espacio:<\/strong> Estudio Francesc Maci\u00e0 7, 2B. Edificio Snipes Plaza Sant Joan, Lleida. (m\u00e1ximo 5 personas, si se inscriben m\u00e1s abrimos otro d\u00eda).<\/p>\n<p><!-- \/wp:paragraph --><\/p>\n<p><!-- wp:paragraph --><\/p>\n<p><strong>Precio:<\/strong> 50 euros. Incluye: Material, (Excepto ganchillos), coffee break y 4 horas de muy buen ambiente.<\/p>\n<p><!-- wp:paragraph --><\/p>\n<ul>\n<li><strong>Hor\u00e1rios Taller Cup cake<\/strong>\n<ul>\n<li style=\"list-style-type: none;\">\n<ul>\n<li><strong>Opci\u00f3n 1 (Martes): <\/strong>3 y 10 de Febrero (2 d\u00edas, 3 horas cada d\u00eda)\n<ul>\n<li><strong>Horario:<\/strong> de 17-20h<\/li>\n<\/ul>\n<\/li>\n<li><strong>Opci\u00f3n 2 (S\u00e1bados): <\/strong>7 y 14 de Febrero (2 d\u00edas, 3 horas cada d\u00eda)\n<ul>\n<li><strong>Horario:<\/strong> de 17-20h<\/li>\n<\/ul>\n<\/li>\n<\/ul>\n<\/li>\n<\/ul>\n<\/li>\n<\/ul>\n<p><!-- \/wp:paragraph --><\/p>\n<p><!-- wp:paragraph --><!-- \/wp:paragraph --><\/p>\n<p><!-- wp:paragraph --><\/p>\n<p><strong>Precio:<\/strong> 50 euros.<\/p>\n<p><strong>Incluye<\/strong>: Material (Excepto ganchillo), coffe break y 6 horas de muy buen ambiente<\/p>\n<p><strong>Espacio:<\/strong> Estudio Francesc Maci\u00e0 7, 2B. Edificio Snipes Plaza Sant Joan, Lleida. (m\u00e1ximo 6 personas, si se inscriben m\u00e1s abrimos otro d\u00eda).<\/p>\n","protected":false},"featured_media":2585,"comment_status":"open","ping_status":"closed","template":"","meta":[],"product_brand":[],"product_cat":[71],"product_tag":[94,93,103,88,99],"class_list":{"0":"post-2583","1":"product","2":"type-product","3":"status-publish","4":"has-post-thumbnail","6":"product_cat-talleres-de-crochet-en-lleida","7":"product_tag-clases-crochet","8":"product_tag-taller-crochet","9":"product_tag-taller-crochet-san-valentin","10":"product_tag-taller-de-crochet","11":"product_tag-taller-de-ganchillo","13":"first","14":"instock","15":"taxable","16":"shipping-taxable","17":"purchasable","18":"product-type-simple"},"yoast_head":"<!-- This site is optimized with the Yoast SEO plugin v27.3 - https:\/\/yoast.com\/product\/yoast-seo-wordpress\/ -->\n<title>Taller de cupcake - El crochet de Rose<\/title>\n<meta name=\"description\" content=\"Impartimos talleres creativos de ganchillo donde aprender\u00e1s a tejer este delicado cupcake de crochet, cuidando forma, textura y acabados.\" \/>\n<meta name=\"robots\" content=\"index, follow, max-snippet:-1, max-image-preview:large, max-video-preview:-1\" \/>\n<link rel=\"canonical\" href=\"https:\/\/elcrochetderose.com\/?product=taller-de-cupcake\" \/>\n<meta property=\"og:locale\" content=\"es_ES\" \/>\n<meta property=\"og:type\" content=\"article\" \/>\n<meta property=\"og:title\" content=\"Taller de cupcake - El crochet de Rose\" \/>\n<meta property=\"og:description\" content=\"Impartimos talleres creativos de ganchillo donde aprender\u00e1s a tejer este delicado cupcake de crochet, cuidando forma, textura y acabados.\" \/>\n<meta property=\"og:url\" content=\"https:\/\/elcrochetderose.com\/?product=taller-de-cupcake\" \/>\n<meta property=\"og:site_name\" content=\"El crochet de Rose\" \/>\n<meta property=\"article:modified_time\" content=\"2026-02-01T19:59:16+00:00\" \/>\n<meta property=\"og:image\" content=\"https:\/\/elcrochetderose.com\/wp-content\/uploads\/2025\/02\/CUP-CAKE-CROCHET_01-999x1024.jpg\" \/>\n\t<meta property=\"og:image:width\" content=\"999\" \/>\n\t<meta property=\"og:image:height\" content=\"1024\" \/>\n\t<meta property=\"og:image:type\" content=\"image\/jpeg\" \/>\n<meta name=\"twitter:card\" content=\"summary_large_image\" \/>\n<meta name=\"twitter:label1\" content=\"Tiempo de lectura\" \/>\n\t<meta name=\"twitter:data1\" content=\"1 minuto\" \/>\n<script type=\"application\/ld+json\" class=\"yoast-schema-graph\">{\"@context\":\"https:\\\/\\\/schema.org\",\"@graph\":[{\"@type\":\"WebPage\",\"@id\":\"https:\\\/\\\/elcrochetderose.com\\\/?product=taller-de-cupcake\",\"url\":\"https:\\\/\\\/elcrochetderose.com\\\/?product=taller-de-cupcake\",\"name\":\"Taller de cupcake - El crochet de Rose\",\"isPartOf\":{\"@id\":\"https:\\\/\\\/elcrochetderose.com\\\/#website\"},\"primaryImageOfPage\":{\"@id\":\"https:\\\/\\\/elcrochetderose.com\\\/?product=taller-de-cupcake#primaryimage\"},\"image\":{\"@id\":\"https:\\\/\\\/elcrochetderose.com\\\/?product=taller-de-cupcake#primaryimage\"},\"thumbnailUrl\":\"https:\\\/\\\/elcrochetderose.com\\\/wp-content\\\/uploads\\\/2025\\\/02\\\/CUP-CAKE-CROCHET_01.jpg\",\"datePublished\":\"2025-02-11T19:01:29+00:00\",\"dateModified\":\"2026-02-01T19:59:16+00:00\",\"description\":\"Impartimos talleres creativos de ganchillo donde aprender\u00e1s a tejer este delicado cupcake de crochet, cuidando forma, textura y acabados.\",\"breadcrumb\":{\"@id\":\"https:\\\/\\\/elcrochetderose.com\\\/?product=taller-de-cupcake#breadcrumb\"},\"inLanguage\":\"es\",\"potentialAction\":[{\"@type\":\"ReadAction\",\"target\":[\"https:\\\/\\\/elcrochetderose.com\\\/?product=taller-de-cupcake\"]}]},{\"@type\":\"ImageObject\",\"inLanguage\":\"es\",\"@id\":\"https:\\\/\\\/elcrochetderose.com\\\/?product=taller-de-cupcake#primaryimage\",\"url\":\"https:\\\/\\\/elcrochetderose.com\\\/wp-content\\\/uploads\\\/2025\\\/02\\\/CUP-CAKE-CROCHET_01.jpg\",\"contentUrl\":\"https:\\\/\\\/elcrochetderose.com\\\/wp-content\\\/uploads\\\/2025\\\/02\\\/CUP-CAKE-CROCHET_01.jpg\",\"width\":2252,\"height\":2308},{\"@type\":\"BreadcrumbList\",\"@id\":\"https:\\\/\\\/elcrochetderose.com\\\/?product=taller-de-cupcake#breadcrumb\",\"itemListElement\":[{\"@type\":\"ListItem\",\"position\":1,\"name\":\"Home\",\"item\":\"https:\\\/\\\/elcrochetderose.com\\\/\"},{\"@type\":\"ListItem\",\"position\":2,\"name\":\"Tienda de crochet\",\"item\":\"https:\\\/\\\/elcrochetderose.com\\\/?page_id=1734\"},{\"@type\":\"ListItem\",\"position\":3,\"name\":\"Taller de cupcake\"}]},{\"@type\":\"WebSite\",\"@id\":\"https:\\\/\\\/elcrochetderose.com\\\/#website\",\"url\":\"https:\\\/\\\/elcrochetderose.com\\\/\",\"name\":\"El crochet de Rose\",\"description\":\"\",\"publisher\":{\"@id\":\"https:\\\/\\\/elcrochetderose.com\\\/#organization\"},\"potentialAction\":[{\"@type\":\"SearchAction\",\"target\":{\"@type\":\"EntryPoint\",\"urlTemplate\":\"https:\\\/\\\/elcrochetderose.com\\\/?s={search_term_string}\"},\"query-input\":{\"@type\":\"PropertyValueSpecification\",\"valueRequired\":true,\"valueName\":\"search_term_string\"}}],\"inLanguage\":\"es\"},{\"@type\":\"Organization\",\"@id\":\"https:\\\/\\\/elcrochetderose.com\\\/#organization\",\"name\":\"El crochet de Rose\",\"url\":\"https:\\\/\\\/elcrochetderose.com\\\/\",\"logo\":{\"@type\":\"ImageObject\",\"inLanguage\":\"es\",\"@id\":\"https:\\\/\\\/elcrochetderose.com\\\/#\\\/schema\\\/logo\\\/image\\\/\",\"url\":\"https:\\\/\\\/elcrochetderose.com\\\/wp-content\\\/uploads\\\/2024\\\/07\\\/cropped-logo-mostaza-el-crochet-de-rose.png\",\"contentUrl\":\"https:\\\/\\\/elcrochetderose.com\\\/wp-content\\\/uploads\\\/2024\\\/07\\\/cropped-logo-mostaza-el-crochet-de-rose.png\",\"width\":266,\"height\":80,\"caption\":\"El crochet de Rose\"},\"image\":{\"@id\":\"https:\\\/\\\/elcrochetderose.com\\\/#\\\/schema\\\/logo\\\/image\\\/\"}}]}<\/script>\n<!-- \/ Yoast SEO plugin. -->","yoast_head_json":{"title":"Taller de cupcake - El crochet de Rose","description":"Impartimos talleres creativos de ganchillo donde aprender\u00e1s a tejer este delicado cupcake de crochet, cuidando forma, textura y acabados.","robots":{"index":"index","follow":"follow","max-snippet":"max-snippet:-1","max-image-preview":"max-image-preview:large","max-video-preview":"max-video-preview:-1"},"canonical":"https:\/\/elcrochetderose.com\/?product=taller-de-cupcake","og_locale":"es_ES","og_type":"article","og_title":"Taller de cupcake - El crochet de Rose","og_description":"Impartimos talleres creativos de ganchillo donde aprender\u00e1s a tejer este delicado cupcake de crochet, cuidando forma, textura y acabados.","og_url":"https:\/\/elcrochetderose.com\/?product=taller-de-cupcake","og_site_name":"El crochet de Rose","article_modified_time":"2026-02-01T19:59:16+00:00","og_image":[{"width":999,"height":1024,"url":"https:\/\/elcrochetderose.com\/wp-content\/uploads\/2025\/02\/CUP-CAKE-CROCHET_01-999x1024.jpg","type":"image\/jpeg"}],"twitter_card":"summary_large_image","twitter_misc":{"Tiempo de lectura":"1 minuto"},"schema":{"@context":"https:\/\/schema.org","@graph":[{"@type":"WebPage","@id":"https:\/\/elcrochetderose.com\/?product=taller-de-cupcake","url":"https:\/\/elcrochetderose.com\/?product=taller-de-cupcake","name":"Taller de cupcake - El crochet de Rose","isPartOf":{"@id":"https:\/\/elcrochetderose.com\/#website"},"primaryImageOfPage":{"@id":"https:\/\/elcrochetderose.com\/?product=taller-de-cupcake#primaryimage"},"image":{"@id":"https:\/\/elcrochetderose.com\/?product=taller-de-cupcake#primaryimage"},"thumbnailUrl":"https:\/\/elcrochetderose.com\/wp-content\/uploads\/2025\/02\/CUP-CAKE-CROCHET_01.jpg","datePublished":"2025-02-11T19:01:29+00:00","dateModified":"2026-02-01T19:59:16+00:00","description":"Impartimos talleres creativos de ganchillo donde aprender\u00e1s a tejer este delicado cupcake de crochet, cuidando forma, textura y acabados.","breadcrumb":{"@id":"https:\/\/elcrochetderose.com\/?product=taller-de-cupcake#breadcrumb"},"inLanguage":"es","potentialAction":[{"@type":"ReadAction","target":["https:\/\/elcrochetderose.com\/?product=taller-de-cupcake"]}]},{"@type":"ImageObject","inLanguage":"es","@id":"https:\/\/elcrochetderose.com\/?product=taller-de-cupcake#primaryimage","url":"https:\/\/elcrochetderose.com\/wp-content\/uploads\/2025\/02\/CUP-CAKE-CROCHET_01.jpg","contentUrl":"https:\/\/elcrochetderose.com\/wp-content\/uploads\/2025\/02\/CUP-CAKE-CROCHET_01.jpg","width":2252,"height":2308},{"@type":"BreadcrumbList","@id":"https:\/\/elcrochetderose.com\/?product=taller-de-cupcake#breadcrumb","itemListElement":[{"@type":"ListItem","position":1,"name":"Home","item":"https:\/\/elcrochetderose.com\/"},{"@type":"ListItem","position":2,"name":"Tienda de crochet","item":"https:\/\/elcrochetderose.com\/?page_id=1734"},{"@type":"ListItem","position":3,"name":"Taller de cupcake"}]},{"@type":"WebSite","@id":"https:\/\/elcrochetderose.com\/#website","url":"https:\/\/elcrochetderose.com\/","name":"El crochet de Rose","description":"","publisher":{"@id":"https:\/\/elcrochetderose.com\/#organization"},"potentialAction":[{"@type":"SearchAction","target":{"@type":"EntryPoint","urlTemplate":"https:\/\/elcrochetderose.com\/?s={search_term_string}"},"query-input":{"@type":"PropertyValueSpecification","valueRequired":true,"valueName":"search_term_string"}}],"inLanguage":"es"},{"@type":"Organization","@id":"https:\/\/elcrochetderose.com\/#organization","name":"El crochet de Rose","url":"https:\/\/elcrochetderose.com\/","logo":{"@type":"ImageObject","inLanguage":"es","@id":"https:\/\/elcrochetderose.com\/#\/schema\/logo\/image\/","url":"https:\/\/elcrochetderose.com\/wp-content\/uploads\/2024\/07\/cropped-logo-mostaza-el-crochet-de-rose.png","contentUrl":"https:\/\/elcrochetderose.com\/wp-content\/uploads\/2024\/07\/cropped-logo-mostaza-el-crochet-de-rose.png","width":266,"height":80,"caption":"El crochet de Rose"},"image":{"@id":"https:\/\/elcrochetderose.com\/#\/schema\/logo\/image\/"}}]}},"_links":{"self":[{"href":"https:\/\/elcrochetderose.com\/index.php?rest_route=\/wp\/v2\/product\/2583","targetHints":{"allow":["GET"]}}],"collection":[{"href":"https:\/\/elcrochetderose.com\/index.php?rest_route=\/wp\/v2\/product"}],"about":[{"href":"https:\/\/elcrochetderose.com\/index.php?rest_route=\/wp\/v2\/types\/product"}],"replies":[{"embeddable":true,"href":"https:\/\/elcrochetderose.com\/index.php?rest_route=%2Fwp%2Fv2%2Fcomments&post=2583"}],"wp:featuredmedia":[{"embeddable":true,"href":"https:\/\/elcrochetderose.com\/index.php?rest_route=\/wp\/v2\/media\/2585"}],"wp:attachment":[{"href":"https:\/\/elcrochetderose.com\/index.php?rest_route=%2Fwp%2Fv2%2Fmedia&parent=2583"}],"wp:term":[{"taxonomy":"product_brand","embeddable":true,"href":"https:\/\/elcrochetderose.com\/index.php?rest_route=%2Fwp%2Fv2%2Fproduct_brand&post=2583"},{"taxonomy":"product_cat","embeddable":true,"href":"https:\/\/elcrochetderose.com\/index.php?rest_route=%2Fwp%2Fv2%2Fproduct_cat&post=2583"},{"taxonomy":"product_tag","embeddable":true,"href":"https:\/\/elcrochetderose.com\/index.php?rest_route=%2Fwp%2Fv2%2Fproduct_tag&post=2583"}],"curies":[{"name":"wp","href":"https:\/\/api.w.org\/{rel}","templated":true}]}}