{"id":269,"date":"2024-10-01T17:18:45","date_gmt":"2024-10-01T15:18:45","guid":{"rendered":"https:\/\/goya.everthemes.com\/demo-decor\/?post_type=product&#038;p=269"},"modified":"2024-10-19T23:29:55","modified_gmt":"2024-10-19T21:29:55","slug":"afteroom-coat-hanger","status":"publish","type":"product","link":"https:\/\/elcrochetderose.com\/?product=afteroom-coat-hanger","title":{"rendered":"Ama la lana &#8211; Grigio chiaro 100GR"},"content":{"rendered":"<div class=\"flex-shrink-0 flex flex-col relative items-end\">\n<div>\n<div class=\"pt-0\">\n<div class=\"gizmo-bot-avatar flex h-8 w-8 items-center justify-center overflow-hidden rounded-full\">\n<div class=\"relative p-1 rounded-sm flex items-center justify-center bg-token-main-surface-primary text-token-text-primary h-8 w-8\">Descubre el delicado hilo Grigio Chiaro de la colecci\u00f3n Ama la Lana de Casasol . Con su suave tonalidad, este hilo es perfecto para quienes buscan un toque sutil y elegante en sus proyectos. Fabricado con materiales de alta calidad, Grigio Chiaro ofrece una textura agradable al tacto, ideal para crear prendas c\u00f3modas, accesorios delicados y amigurumis encantadores.<\/div>\n<\/div>\n<\/div>\n<\/div>\n<\/div>\n<div class=\"group\/conversation-turn relative flex w-full min-w-0 flex-col agent-turn\">\n<div class=\"flex-col gap-1 md:gap-3\">\n<div class=\"flex max-w-full flex-col flex-grow\">\n<div class=\"min-h-8 text-message flex w-full flex-col items-end gap-2 whitespace-normal break-words [.text-message+&amp;]:mt-5\" dir=\"auto\" data-message-author-role=\"assistant\" data-message-id=\"b808c497-0298-4161-b257-a1be79c23c66\" data-message-model-slug=\"gpt-4o\">\n<div class=\"flex w-full flex-col gap-1 empty:hidden first:pt-[3px]\">\n<div class=\"markdown prose w-full break-words dark:prose-invert light\">\n<h2>Hilo Grigio Chiaro, colecci\u00f3n Ama la lana<\/h2>\n<\/div>\n<\/div>\n<\/div>\n<\/div>\n<\/div>\n<\/div>\n<p>Su versatilidad lo convierte en una opci\u00f3n ideal para una amplia gama de proyectos, desde bufandas y gorros hasta mantas acogedoras. Adem\u00e1s, su f\u00e1cil manejo asegura una experiencia de tejido placentera, tanto para principiantes como para expertas. An\u00edmate a explorar tu creatividad y deja que el hilo Grigio Chiaro de Ama la Lana ilumine tus creaciones con su suave y sereno encanto.<\/p>\n<h3>Detalles del producto<\/h3>\n<ul>\n<li><strong>Material:<\/strong> 20% Lana, 50% Viscosa, 30% Nylon<\/li>\n<li><strong>Peso:<\/strong> 100 gr\/ 250 m<\/li>\n<li><strong>Agujas recomendadas:<\/strong> tricot 3.5, ganchillo 5 mm<\/li>\n<li><strong>Color<\/strong>: Grigio Chiaro 203<\/li>\n<li><strong>Fabricante<\/strong>: Casasol<\/li>\n<\/ul>\n","protected":false},"excerpt":{"rendered":"<div class=\"flex-shrink-0 flex flex-col relative items-end\">\n<div class=\"pt-0\">\n<div class=\"gizmo-bot-avatar flex h-8 w-8 items-center justify-center overflow-hidden rounded-full\">\n<div class=\"relative p-1 rounded-sm flex items-center justify-center bg-token-main-surface-primary text-token-text-primary h-8 w-8\">\n<ul>\n<li><strong>Material:<\/strong> 20% Lana, 50% Viscosa, 30% Nylon<\/li>\n<li><strong>Peso:<\/strong> 100 gr\/ 250 m<\/li>\n<li><strong>Agujas recomendadas:<\/strong> tricot 3.5, ganchillo 5 mm<\/li>\n<li><strong>Color<\/strong>: Grigio Chiaro 203<\/li>\n<li><strong>Fabricante<\/strong>: Casasol<\/li>\n<\/ul>\n<\/div>\n<\/div>\n<\/div>\n<\/div>\n","protected":false},"featured_media":2339,"comment_status":"open","ping_status":"closed","template":"","meta":[],"product_brand":[],"product_cat":[67,40],"product_tag":[],"class_list":{"0":"post-269","1":"product","2":"type-product","3":"status-publish","4":"has-post-thumbnail","6":"product_cat-ama-la-lana","7":"product_cat-material-de-crochet","9":"first","10":"instock","11":"taxable","12":"shipping-taxable","13":"purchasable","14":"product-type-simple"},"yoast_head":"<!-- This site is optimized with the Yoast SEO plugin v27.3 - https:\/\/yoast.com\/product\/yoast-seo-wordpress\/ -->\n<title>Ama la lana - Grigio chiaro 100GR - El crochet de Rose<\/title>\n<meta name=\"description\" content=\"El hilo Grigio Chiaro de la colecci\u00f3n Ama la Lana de Casasol es una opci\u00f3n perfecta para una amplia variedad de proyectos. Conocelo aqu\u00ed.\" \/>\n<meta name=\"robots\" content=\"index, follow, max-snippet:-1, max-image-preview:large, max-video-preview:-1\" \/>\n<link rel=\"canonical\" href=\"https:\/\/elcrochetderose.com\/?product=afteroom-coat-hanger\" \/>\n<meta property=\"og:locale\" content=\"es_ES\" \/>\n<meta property=\"og:type\" content=\"article\" \/>\n<meta property=\"og:title\" content=\"Ama la lana - Grigio chiaro 100GR - El crochet de Rose\" \/>\n<meta property=\"og:description\" content=\"El hilo Grigio Chiaro de la colecci\u00f3n Ama la Lana de Casasol es una opci\u00f3n perfecta para una amplia variedad de proyectos. Conocelo aqu\u00ed.\" \/>\n<meta property=\"og:url\" content=\"https:\/\/elcrochetderose.com\/?product=afteroom-coat-hanger\" \/>\n<meta property=\"og:site_name\" content=\"El crochet de Rose\" \/>\n<meta property=\"article:modified_time\" content=\"2024-10-19T21:29:55+00:00\" \/>\n<meta property=\"og:image\" content=\"https:\/\/elcrochetderose.com\/wp-content\/uploads\/2024\/10\/ama-la-lana-grigio-chiaro.jpg\" \/>\n\t<meta property=\"og:image:width\" content=\"1800\" \/>\n\t<meta property=\"og:image:height\" content=\"1800\" \/>\n\t<meta property=\"og:image:type\" content=\"image\/jpeg\" \/>\n<meta name=\"twitter:card\" content=\"summary_large_image\" \/>\n<meta name=\"twitter:label1\" content=\"Tiempo de lectura\" \/>\n\t<meta name=\"twitter:data1\" content=\"1 minuto\" \/>\n<script type=\"application\/ld+json\" class=\"yoast-schema-graph\">{\"@context\":\"https:\\\/\\\/schema.org\",\"@graph\":[{\"@type\":\"WebPage\",\"@id\":\"https:\\\/\\\/elcrochetderose.com\\\/?product=afteroom-coat-hanger\",\"url\":\"https:\\\/\\\/elcrochetderose.com\\\/?product=afteroom-coat-hanger\",\"name\":\"Ama la lana - Grigio chiaro 100GR - El crochet de Rose\",\"isPartOf\":{\"@id\":\"https:\\\/\\\/elcrochetderose.com\\\/#website\"},\"primaryImageOfPage\":{\"@id\":\"https:\\\/\\\/elcrochetderose.com\\\/?product=afteroom-coat-hanger#primaryimage\"},\"image\":{\"@id\":\"https:\\\/\\\/elcrochetderose.com\\\/?product=afteroom-coat-hanger#primaryimage\"},\"thumbnailUrl\":\"https:\\\/\\\/elcrochetderose.com\\\/wp-content\\\/uploads\\\/2024\\\/10\\\/ama-la-lana-grigio-chiaro.jpg\",\"datePublished\":\"2024-10-01T15:18:45+00:00\",\"dateModified\":\"2024-10-19T21:29:55+00:00\",\"description\":\"El hilo Grigio Chiaro de la colecci\u00f3n Ama la Lana de Casasol es una opci\u00f3n perfecta para una amplia variedad de proyectos. Conocelo aqu\u00ed.\",\"breadcrumb\":{\"@id\":\"https:\\\/\\\/elcrochetderose.com\\\/?product=afteroom-coat-hanger#breadcrumb\"},\"inLanguage\":\"es\",\"potentialAction\":[{\"@type\":\"ReadAction\",\"target\":[\"https:\\\/\\\/elcrochetderose.com\\\/?product=afteroom-coat-hanger\"]}]},{\"@type\":\"ImageObject\",\"inLanguage\":\"es\",\"@id\":\"https:\\\/\\\/elcrochetderose.com\\\/?product=afteroom-coat-hanger#primaryimage\",\"url\":\"https:\\\/\\\/elcrochetderose.com\\\/wp-content\\\/uploads\\\/2024\\\/10\\\/ama-la-lana-grigio-chiaro.jpg\",\"contentUrl\":\"https:\\\/\\\/elcrochetderose.com\\\/wp-content\\\/uploads\\\/2024\\\/10\\\/ama-la-lana-grigio-chiaro.jpg\",\"width\":1800,\"height\":1800,\"caption\":\"Conoce el hilo grigio chiaro de Ama la Lana de Casasol\"},{\"@type\":\"BreadcrumbList\",\"@id\":\"https:\\\/\\\/elcrochetderose.com\\\/?product=afteroom-coat-hanger#breadcrumb\",\"itemListElement\":[{\"@type\":\"ListItem\",\"position\":1,\"name\":\"Home\",\"item\":\"https:\\\/\\\/elcrochetderose.com\\\/\"},{\"@type\":\"ListItem\",\"position\":2,\"name\":\"Tienda de crochet\",\"item\":\"https:\\\/\\\/elcrochetderose.com\\\/?page_id=1734\"},{\"@type\":\"ListItem\",\"position\":3,\"name\":\"Ama la lana &#8211; Grigio chiaro 100GR\"}]},{\"@type\":\"WebSite\",\"@id\":\"https:\\\/\\\/elcrochetderose.com\\\/#website\",\"url\":\"https:\\\/\\\/elcrochetderose.com\\\/\",\"name\":\"El crochet de Rose\",\"description\":\"\",\"publisher\":{\"@id\":\"https:\\\/\\\/elcrochetderose.com\\\/#organization\"},\"potentialAction\":[{\"@type\":\"SearchAction\",\"target\":{\"@type\":\"EntryPoint\",\"urlTemplate\":\"https:\\\/\\\/elcrochetderose.com\\\/?s={search_term_string}\"},\"query-input\":{\"@type\":\"PropertyValueSpecification\",\"valueRequired\":true,\"valueName\":\"search_term_string\"}}],\"inLanguage\":\"es\"},{\"@type\":\"Organization\",\"@id\":\"https:\\\/\\\/elcrochetderose.com\\\/#organization\",\"name\":\"El crochet de Rose\",\"url\":\"https:\\\/\\\/elcrochetderose.com\\\/\",\"logo\":{\"@type\":\"ImageObject\",\"inLanguage\":\"es\",\"@id\":\"https:\\\/\\\/elcrochetderose.com\\\/#\\\/schema\\\/logo\\\/image\\\/\",\"url\":\"https:\\\/\\\/elcrochetderose.com\\\/wp-content\\\/uploads\\\/2024\\\/07\\\/cropped-logo-mostaza-el-crochet-de-rose.png\",\"contentUrl\":\"https:\\\/\\\/elcrochetderose.com\\\/wp-content\\\/uploads\\\/2024\\\/07\\\/cropped-logo-mostaza-el-crochet-de-rose.png\",\"width\":266,\"height\":80,\"caption\":\"El crochet de Rose\"},\"image\":{\"@id\":\"https:\\\/\\\/elcrochetderose.com\\\/#\\\/schema\\\/logo\\\/image\\\/\"}}]}<\/script>\n<!-- \/ Yoast SEO plugin. -->","yoast_head_json":{"title":"Ama la lana - Grigio chiaro 100GR - El crochet de Rose","description":"El hilo Grigio Chiaro de la colecci\u00f3n Ama la Lana de Casasol es una opci\u00f3n perfecta para una amplia variedad de proyectos. Conocelo aqu\u00ed.","robots":{"index":"index","follow":"follow","max-snippet":"max-snippet:-1","max-image-preview":"max-image-preview:large","max-video-preview":"max-video-preview:-1"},"canonical":"https:\/\/elcrochetderose.com\/?product=afteroom-coat-hanger","og_locale":"es_ES","og_type":"article","og_title":"Ama la lana - Grigio chiaro 100GR - El crochet de Rose","og_description":"El hilo Grigio Chiaro de la colecci\u00f3n Ama la Lana de Casasol es una opci\u00f3n perfecta para una amplia variedad de proyectos. Conocelo aqu\u00ed.","og_url":"https:\/\/elcrochetderose.com\/?product=afteroom-coat-hanger","og_site_name":"El crochet de Rose","article_modified_time":"2024-10-19T21:29:55+00:00","og_image":[{"width":1800,"height":1800,"url":"https:\/\/elcrochetderose.com\/wp-content\/uploads\/2024\/10\/ama-la-lana-grigio-chiaro.jpg","type":"image\/jpeg"}],"twitter_card":"summary_large_image","twitter_misc":{"Tiempo de lectura":"1 minuto"},"schema":{"@context":"https:\/\/schema.org","@graph":[{"@type":"WebPage","@id":"https:\/\/elcrochetderose.com\/?product=afteroom-coat-hanger","url":"https:\/\/elcrochetderose.com\/?product=afteroom-coat-hanger","name":"Ama la lana - Grigio chiaro 100GR - El crochet de Rose","isPartOf":{"@id":"https:\/\/elcrochetderose.com\/#website"},"primaryImageOfPage":{"@id":"https:\/\/elcrochetderose.com\/?product=afteroom-coat-hanger#primaryimage"},"image":{"@id":"https:\/\/elcrochetderose.com\/?product=afteroom-coat-hanger#primaryimage"},"thumbnailUrl":"https:\/\/elcrochetderose.com\/wp-content\/uploads\/2024\/10\/ama-la-lana-grigio-chiaro.jpg","datePublished":"2024-10-01T15:18:45+00:00","dateModified":"2024-10-19T21:29:55+00:00","description":"El hilo Grigio Chiaro de la colecci\u00f3n Ama la Lana de Casasol es una opci\u00f3n perfecta para una amplia variedad de proyectos. Conocelo aqu\u00ed.","breadcrumb":{"@id":"https:\/\/elcrochetderose.com\/?product=afteroom-coat-hanger#breadcrumb"},"inLanguage":"es","potentialAction":[{"@type":"ReadAction","target":["https:\/\/elcrochetderose.com\/?product=afteroom-coat-hanger"]}]},{"@type":"ImageObject","inLanguage":"es","@id":"https:\/\/elcrochetderose.com\/?product=afteroom-coat-hanger#primaryimage","url":"https:\/\/elcrochetderose.com\/wp-content\/uploads\/2024\/10\/ama-la-lana-grigio-chiaro.jpg","contentUrl":"https:\/\/elcrochetderose.com\/wp-content\/uploads\/2024\/10\/ama-la-lana-grigio-chiaro.jpg","width":1800,"height":1800,"caption":"Conoce el hilo grigio chiaro de Ama la Lana de Casasol"},{"@type":"BreadcrumbList","@id":"https:\/\/elcrochetderose.com\/?product=afteroom-coat-hanger#breadcrumb","itemListElement":[{"@type":"ListItem","position":1,"name":"Home","item":"https:\/\/elcrochetderose.com\/"},{"@type":"ListItem","position":2,"name":"Tienda de crochet","item":"https:\/\/elcrochetderose.com\/?page_id=1734"},{"@type":"ListItem","position":3,"name":"Ama la lana &#8211; Grigio chiaro 100GR"}]},{"@type":"WebSite","@id":"https:\/\/elcrochetderose.com\/#website","url":"https:\/\/elcrochetderose.com\/","name":"El crochet de Rose","description":"","publisher":{"@id":"https:\/\/elcrochetderose.com\/#organization"},"potentialAction":[{"@type":"SearchAction","target":{"@type":"EntryPoint","urlTemplate":"https:\/\/elcrochetderose.com\/?s={search_term_string}"},"query-input":{"@type":"PropertyValueSpecification","valueRequired":true,"valueName":"search_term_string"}}],"inLanguage":"es"},{"@type":"Organization","@id":"https:\/\/elcrochetderose.com\/#organization","name":"El crochet de Rose","url":"https:\/\/elcrochetderose.com\/","logo":{"@type":"ImageObject","inLanguage":"es","@id":"https:\/\/elcrochetderose.com\/#\/schema\/logo\/image\/","url":"https:\/\/elcrochetderose.com\/wp-content\/uploads\/2024\/07\/cropped-logo-mostaza-el-crochet-de-rose.png","contentUrl":"https:\/\/elcrochetderose.com\/wp-content\/uploads\/2024\/07\/cropped-logo-mostaza-el-crochet-de-rose.png","width":266,"height":80,"caption":"El crochet de Rose"},"image":{"@id":"https:\/\/elcrochetderose.com\/#\/schema\/logo\/image\/"}}]}},"_links":{"self":[{"href":"https:\/\/elcrochetderose.com\/index.php?rest_route=\/wp\/v2\/product\/269","targetHints":{"allow":["GET"]}}],"collection":[{"href":"https:\/\/elcrochetderose.com\/index.php?rest_route=\/wp\/v2\/product"}],"about":[{"href":"https:\/\/elcrochetderose.com\/index.php?rest_route=\/wp\/v2\/types\/product"}],"replies":[{"embeddable":true,"href":"https:\/\/elcrochetderose.com\/index.php?rest_route=%2Fwp%2Fv2%2Fcomments&post=269"}],"wp:featuredmedia":[{"embeddable":true,"href":"https:\/\/elcrochetderose.com\/index.php?rest_route=\/wp\/v2\/media\/2339"}],"wp:attachment":[{"href":"https:\/\/elcrochetderose.com\/index.php?rest_route=%2Fwp%2Fv2%2Fmedia&parent=269"}],"wp:term":[{"taxonomy":"product_brand","embeddable":true,"href":"https:\/\/elcrochetderose.com\/index.php?rest_route=%2Fwp%2Fv2%2Fproduct_brand&post=269"},{"taxonomy":"product_cat","embeddable":true,"href":"https:\/\/elcrochetderose.com\/index.php?rest_route=%2Fwp%2Fv2%2Fproduct_cat&post=269"},{"taxonomy":"product_tag","embeddable":true,"href":"https:\/\/elcrochetderose.com\/index.php?rest_route=%2Fwp%2Fv2%2Fproduct_tag&post=269"}],"curies":[{"name":"wp","href":"https:\/\/api.w.org\/{rel}","templated":true}]}}