{"id":2894,"date":"2025-08-14T12:33:11","date_gmt":"2025-08-14T10:33:11","guid":{"rendered":"https:\/\/elcrochetderose.com\/?post_type=product&#038;p=2894"},"modified":"2025-08-17T11:07:15","modified_gmt":"2025-08-17T09:07:15","slug":"hilo-de-algodon-peinado-verde-mint-xl-casasol","status":"publish","type":"product","link":"https:\/\/elcrochetderose.com\/?product=hilo-de-algodon-peinado-verde-mint-xl-casasol","title":{"rendered":"Hilo de Algod\u00f3n peinado Verde Mint XL-Casasol"},"content":{"rendered":"<p>El hilo en <strong>verde mint<\/strong>\u00a0de la colecci\u00f3n <strong>Organic Cotton Detox<\/strong> de <strong>Casasol<\/strong> es la opci\u00f3n perfecta para proyectos que buscan un tono suave y delicado. Este color pastel, ligero y dulce, es ideal para prendas y accesorios infantiles, as\u00ed como para cualquier creaci\u00f3n que requiera un toque de ternura y elegancia.<\/p>\n<h2>Hilo verde mint: algod\u00f3n org\u00e1nico peinado<\/h2>\n<p>El <strong>\u00abalgod\u00f3n peinado\u00bb<\/strong> se refiere a un tipo de algod\u00f3n que ha sido procesado para eliminar impurezas y fibras cortas, lo que da como resultado una tela m\u00e1s suave, fuerte y duradera. Este proceso consiste en peinar las fibras de algod\u00f3n para alinearlas de manera paralela y eliminar las fibras m\u00e1s cortas o los restos de impurezas.<\/p>\n<p>El resultado es un <strong>hilo m\u00e1s fino<\/strong>, suave y resistente, muy valorado en la fabricaci\u00f3n de textiles de alta calidad. Algod\u00f3n libre de sustancias t\u00f3xicas o nocivas en la cadena de suministro.<\/p>\n<p>El hilo es te\u00f1ido sin usar colorantes cancer\u00edgenos o alerg\u00e9nicos, convirti\u00e9ndolo en totalmente hipoalerg\u00e9nico, por eso se certifica con el sello <strong>DETOX TO ZERO<\/strong> por OEKO-TEX\u00ae DETOX TO ZERO de OEKO-TEX\u00ae es un sistema de verificaci\u00f3n eficiente que tiene como objetivo implementar los criterios de la Campa\u00f1a DETOX de Greenpeace dentro de las instalaciones de producci\u00f3n, garantizando un algod\u00f3n libre de sustancias nocivas ni t\u00f3xicas.<\/p>\n<h3>Detalles del producto<\/h3>\n<ul>\n<li><strong>Material<\/strong>: 100% algod\u00f3n peinado org\u00e1nico y d\u00e9tox.<\/li>\n<li><strong>Peso<\/strong>:\n<ul>\n<li>XL=200 gr\/ 200 m<\/li>\n<\/ul>\n<\/li>\n<li><strong>Agujas recomendadas:\u00a0<\/strong>\n<ul>\n<li>XL=tricot y\u00a0 ganchillo 4-6 mm<\/li>\n<\/ul>\n<\/li>\n<li><strong>Color<\/strong>: Verde Mint<\/li>\n<li><strong>Fabricante<\/strong>: Casasol<\/li>\n<\/ul>\n<p style=\"text-align: justify;\">\n","protected":false},"excerpt":{"rendered":"<ul>\n<li><strong>Material<\/strong>: 100% algod\u00f3n peinado org\u00e1nico y d\u00e9tox.<\/li>\n<li><strong>Peso<\/strong>:\n<ul>\n<li>XL=200 gr\/ 200 m<\/li>\n<\/ul>\n<\/li>\n<li><strong>Agujas recomendadas:\u00a0<\/strong>\n<ul>\n<li>XL=tricot y ganchillo 4-6mm<\/li>\n<\/ul>\n<\/li>\n<li><strong>Color<\/strong>: Verde Mint<\/li>\n<li><strong>Fabricante<\/strong>: Casasol<\/li>\n<\/ul>\n","protected":false},"featured_media":0,"comment_status":"open","ping_status":"closed","template":"","meta":[],"product_brand":[74],"product_cat":[77],"product_tag":[72,73,78],"class_list":{"0":"post-2894","1":"product","2":"type-product","3":"status-publish","5":"product_brand-casasol","6":"product_cat-organic-cotton-detox-xl","7":"product_tag-algodon","8":"product_tag-algodon-organico","9":"product_tag-algodon-peinado","11":"first","12":"outofstock","13":"taxable","14":"shipping-taxable","15":"purchasable","16":"product-type-simple"},"yoast_head":"<!-- This site is optimized with the Yoast SEO plugin v27.3 - https:\/\/yoast.com\/product\/yoast-seo-wordpress\/ -->\n<title>Hilo de Algod\u00f3n peinado Verde Mint XL-Casasol - El crochet de Rose<\/title>\n<meta name=\"description\" content=\"El hilo rosa beb\u00e9 es una elecci\u00f3n cl\u00e1sica y vers\u00e1til, ideal para proyectos de ropa para reci\u00e9n nacidos, mantas, gorros y piezas decorativas.\" \/>\n<meta name=\"robots\" content=\"index, follow, max-snippet:-1, max-image-preview:large, max-video-preview:-1\" \/>\n<link rel=\"canonical\" href=\"https:\/\/elcrochetderose.com\/?product=hilo-de-algodon-peinado-verde-mint-xl-casasol\" \/>\n<meta property=\"og:locale\" content=\"es_ES\" \/>\n<meta property=\"og:type\" content=\"article\" \/>\n<meta property=\"og:title\" content=\"Hilo de Algod\u00f3n peinado Verde Mint XL-Casasol - El crochet de Rose\" \/>\n<meta property=\"og:description\" content=\"El hilo rosa beb\u00e9 es una elecci\u00f3n cl\u00e1sica y vers\u00e1til, ideal para proyectos de ropa para reci\u00e9n nacidos, mantas, gorros y piezas decorativas.\" \/>\n<meta property=\"og:url\" content=\"https:\/\/elcrochetderose.com\/?product=hilo-de-algodon-peinado-verde-mint-xl-casasol\" \/>\n<meta property=\"og:site_name\" content=\"El crochet de Rose\" \/>\n<meta property=\"article:modified_time\" content=\"2025-08-17T09:07:15+00:00\" \/>\n<meta name=\"twitter:card\" content=\"summary_large_image\" \/>\n<meta name=\"twitter:label1\" content=\"Tiempo de lectura\" \/>\n\t<meta name=\"twitter:data1\" content=\"2 minutos\" \/>\n<script type=\"application\/ld+json\" class=\"yoast-schema-graph\">{\"@context\":\"https:\\\/\\\/schema.org\",\"@graph\":[{\"@type\":\"WebPage\",\"@id\":\"https:\\\/\\\/elcrochetderose.com\\\/?product=hilo-de-algodon-peinado-verde-mint-xl-casasol\",\"url\":\"https:\\\/\\\/elcrochetderose.com\\\/?product=hilo-de-algodon-peinado-verde-mint-xl-casasol\",\"name\":\"Hilo de Algod\u00f3n peinado Verde Mint XL-Casasol - El crochet de Rose\",\"isPartOf\":{\"@id\":\"https:\\\/\\\/elcrochetderose.com\\\/#website\"},\"datePublished\":\"2025-08-14T10:33:11+00:00\",\"dateModified\":\"2025-08-17T09:07:15+00:00\",\"description\":\"El hilo rosa beb\u00e9 es una elecci\u00f3n cl\u00e1sica y vers\u00e1til, ideal para proyectos de ropa para reci\u00e9n nacidos, mantas, gorros y piezas decorativas.\",\"breadcrumb\":{\"@id\":\"https:\\\/\\\/elcrochetderose.com\\\/?product=hilo-de-algodon-peinado-verde-mint-xl-casasol#breadcrumb\"},\"inLanguage\":\"es\",\"potentialAction\":[{\"@type\":\"ReadAction\",\"target\":[\"https:\\\/\\\/elcrochetderose.com\\\/?product=hilo-de-algodon-peinado-verde-mint-xl-casasol\"]}]},{\"@type\":\"BreadcrumbList\",\"@id\":\"https:\\\/\\\/elcrochetderose.com\\\/?product=hilo-de-algodon-peinado-verde-mint-xl-casasol#breadcrumb\",\"itemListElement\":[{\"@type\":\"ListItem\",\"position\":1,\"name\":\"Home\",\"item\":\"https:\\\/\\\/elcrochetderose.com\\\/\"},{\"@type\":\"ListItem\",\"position\":2,\"name\":\"Tienda de crochet\",\"item\":\"https:\\\/\\\/elcrochetderose.com\\\/?page_id=1734\"},{\"@type\":\"ListItem\",\"position\":3,\"name\":\"Hilo de Algod\u00f3n peinado Verde Mint XL-Casasol\"}]},{\"@type\":\"WebSite\",\"@id\":\"https:\\\/\\\/elcrochetderose.com\\\/#website\",\"url\":\"https:\\\/\\\/elcrochetderose.com\\\/\",\"name\":\"El crochet de Rose\",\"description\":\"\",\"publisher\":{\"@id\":\"https:\\\/\\\/elcrochetderose.com\\\/#organization\"},\"potentialAction\":[{\"@type\":\"SearchAction\",\"target\":{\"@type\":\"EntryPoint\",\"urlTemplate\":\"https:\\\/\\\/elcrochetderose.com\\\/?s={search_term_string}\"},\"query-input\":{\"@type\":\"PropertyValueSpecification\",\"valueRequired\":true,\"valueName\":\"search_term_string\"}}],\"inLanguage\":\"es\"},{\"@type\":\"Organization\",\"@id\":\"https:\\\/\\\/elcrochetderose.com\\\/#organization\",\"name\":\"El crochet de Rose\",\"url\":\"https:\\\/\\\/elcrochetderose.com\\\/\",\"logo\":{\"@type\":\"ImageObject\",\"inLanguage\":\"es\",\"@id\":\"https:\\\/\\\/elcrochetderose.com\\\/#\\\/schema\\\/logo\\\/image\\\/\",\"url\":\"https:\\\/\\\/elcrochetderose.com\\\/wp-content\\\/uploads\\\/2024\\\/07\\\/cropped-logo-mostaza-el-crochet-de-rose.png\",\"contentUrl\":\"https:\\\/\\\/elcrochetderose.com\\\/wp-content\\\/uploads\\\/2024\\\/07\\\/cropped-logo-mostaza-el-crochet-de-rose.png\",\"width\":266,\"height\":80,\"caption\":\"El crochet de Rose\"},\"image\":{\"@id\":\"https:\\\/\\\/elcrochetderose.com\\\/#\\\/schema\\\/logo\\\/image\\\/\"}}]}<\/script>\n<!-- \/ Yoast SEO plugin. -->","yoast_head_json":{"title":"Hilo de Algod\u00f3n peinado Verde Mint XL-Casasol - El crochet de Rose","description":"El hilo rosa beb\u00e9 es una elecci\u00f3n cl\u00e1sica y vers\u00e1til, ideal para proyectos de ropa para reci\u00e9n nacidos, mantas, gorros y piezas decorativas.","robots":{"index":"index","follow":"follow","max-snippet":"max-snippet:-1","max-image-preview":"max-image-preview:large","max-video-preview":"max-video-preview:-1"},"canonical":"https:\/\/elcrochetderose.com\/?product=hilo-de-algodon-peinado-verde-mint-xl-casasol","og_locale":"es_ES","og_type":"article","og_title":"Hilo de Algod\u00f3n peinado Verde Mint XL-Casasol - El crochet de Rose","og_description":"El hilo rosa beb\u00e9 es una elecci\u00f3n cl\u00e1sica y vers\u00e1til, ideal para proyectos de ropa para reci\u00e9n nacidos, mantas, gorros y piezas decorativas.","og_url":"https:\/\/elcrochetderose.com\/?product=hilo-de-algodon-peinado-verde-mint-xl-casasol","og_site_name":"El crochet de Rose","article_modified_time":"2025-08-17T09:07:15+00:00","twitter_card":"summary_large_image","twitter_misc":{"Tiempo de lectura":"2 minutos"},"schema":{"@context":"https:\/\/schema.org","@graph":[{"@type":"WebPage","@id":"https:\/\/elcrochetderose.com\/?product=hilo-de-algodon-peinado-verde-mint-xl-casasol","url":"https:\/\/elcrochetderose.com\/?product=hilo-de-algodon-peinado-verde-mint-xl-casasol","name":"Hilo de Algod\u00f3n peinado Verde Mint XL-Casasol - El crochet de Rose","isPartOf":{"@id":"https:\/\/elcrochetderose.com\/#website"},"datePublished":"2025-08-14T10:33:11+00:00","dateModified":"2025-08-17T09:07:15+00:00","description":"El hilo rosa beb\u00e9 es una elecci\u00f3n cl\u00e1sica y vers\u00e1til, ideal para proyectos de ropa para reci\u00e9n nacidos, mantas, gorros y piezas decorativas.","breadcrumb":{"@id":"https:\/\/elcrochetderose.com\/?product=hilo-de-algodon-peinado-verde-mint-xl-casasol#breadcrumb"},"inLanguage":"es","potentialAction":[{"@type":"ReadAction","target":["https:\/\/elcrochetderose.com\/?product=hilo-de-algodon-peinado-verde-mint-xl-casasol"]}]},{"@type":"BreadcrumbList","@id":"https:\/\/elcrochetderose.com\/?product=hilo-de-algodon-peinado-verde-mint-xl-casasol#breadcrumb","itemListElement":[{"@type":"ListItem","position":1,"name":"Home","item":"https:\/\/elcrochetderose.com\/"},{"@type":"ListItem","position":2,"name":"Tienda de crochet","item":"https:\/\/elcrochetderose.com\/?page_id=1734"},{"@type":"ListItem","position":3,"name":"Hilo de Algod\u00f3n peinado Verde Mint XL-Casasol"}]},{"@type":"WebSite","@id":"https:\/\/elcrochetderose.com\/#website","url":"https:\/\/elcrochetderose.com\/","name":"El crochet de Rose","description":"","publisher":{"@id":"https:\/\/elcrochetderose.com\/#organization"},"potentialAction":[{"@type":"SearchAction","target":{"@type":"EntryPoint","urlTemplate":"https:\/\/elcrochetderose.com\/?s={search_term_string}"},"query-input":{"@type":"PropertyValueSpecification","valueRequired":true,"valueName":"search_term_string"}}],"inLanguage":"es"},{"@type":"Organization","@id":"https:\/\/elcrochetderose.com\/#organization","name":"El crochet de Rose","url":"https:\/\/elcrochetderose.com\/","logo":{"@type":"ImageObject","inLanguage":"es","@id":"https:\/\/elcrochetderose.com\/#\/schema\/logo\/image\/","url":"https:\/\/elcrochetderose.com\/wp-content\/uploads\/2024\/07\/cropped-logo-mostaza-el-crochet-de-rose.png","contentUrl":"https:\/\/elcrochetderose.com\/wp-content\/uploads\/2024\/07\/cropped-logo-mostaza-el-crochet-de-rose.png","width":266,"height":80,"caption":"El crochet de Rose"},"image":{"@id":"https:\/\/elcrochetderose.com\/#\/schema\/logo\/image\/"}}]}},"_links":{"self":[{"href":"https:\/\/elcrochetderose.com\/index.php?rest_route=\/wp\/v2\/product\/2894","targetHints":{"allow":["GET"]}}],"collection":[{"href":"https:\/\/elcrochetderose.com\/index.php?rest_route=\/wp\/v2\/product"}],"about":[{"href":"https:\/\/elcrochetderose.com\/index.php?rest_route=\/wp\/v2\/types\/product"}],"replies":[{"embeddable":true,"href":"https:\/\/elcrochetderose.com\/index.php?rest_route=%2Fwp%2Fv2%2Fcomments&post=2894"}],"wp:attachment":[{"href":"https:\/\/elcrochetderose.com\/index.php?rest_route=%2Fwp%2Fv2%2Fmedia&parent=2894"}],"wp:term":[{"taxonomy":"product_brand","embeddable":true,"href":"https:\/\/elcrochetderose.com\/index.php?rest_route=%2Fwp%2Fv2%2Fproduct_brand&post=2894"},{"taxonomy":"product_cat","embeddable":true,"href":"https:\/\/elcrochetderose.com\/index.php?rest_route=%2Fwp%2Fv2%2Fproduct_cat&post=2894"},{"taxonomy":"product_tag","embeddable":true,"href":"https:\/\/elcrochetderose.com\/index.php?rest_route=%2Fwp%2Fv2%2Fproduct_tag&post=2894"}],"curies":[{"name":"wp","href":"https:\/\/api.w.org\/{rel}","templated":true}]}}