{"id":2942,"date":"2025-08-16T20:35:50","date_gmt":"2025-08-16T18:35:50","guid":{"rendered":"https:\/\/elcrochetderose.com\/?post_type=product&#038;p=2942"},"modified":"2025-08-20T11:11:13","modified_gmt":"2025-08-20T09:11:13","slug":"hilo-de-algodon-peinado-ovillo-marron-choco-m-casasol","status":"publish","type":"product","link":"https:\/\/elcrochetderose.com\/?product=hilo-de-algodon-peinado-ovillo-marron-choco-m-casasol","title":{"rendered":"Hilo de Algod\u00f3n Peinado Ovillo Marr\u00f3n Choco M &#8211; Casasol"},"content":{"rendered":"<p>El <strong>ovillo marr\u00f3n choco<\/strong>\u00a0de la colecci\u00f3n <strong>Organic Cotton Detox<\/strong> de <strong>Casasol<\/strong> es la representaci\u00f3n m\u00e1s pura y natural del algod\u00f3n, ideal para quienes buscan un tono neutro y elegante en sus proyectos de crochet o tejido. Este tono crudo, sin tintes ni tratamientos adicionales, ofrece un aspecto suave y atemporal, perfecto para crear prendas b\u00e1sicas, accesorios delicados o piezas decorativas con un aire natural y aut\u00e9ntico.<\/p>\n<h2>Ovillo marr\u00f3n choco : algod\u00f3n peinado<\/h2>\n<p>El <strong>\u00abalgod\u00f3n peinado\u00bb<\/strong> se refiere a un tipo de algod\u00f3n que ha sido procesado para eliminar impurezas y fibras cortas, lo que da como resultado una tela m\u00e1s suave, fuerte y duradera. Este proceso consiste en peinar las fibras de algod\u00f3n para alinearlas de manera paralela y eliminar las fibras m\u00e1s cortas o los restos de impurezas.<\/p>\n<p>El resultado es un <strong>hilo m\u00e1s fino<\/strong>, suave y resistente, muy valorado en la fabricaci\u00f3n de textiles de alta calidad. Algod\u00f3n libre de sustancias t\u00f3xicas o nocivas en la cadena de suministro.<\/p>\n<p>El hilo es te\u00f1ido sin usar colorantes cancer\u00edgenos o alerg\u00e9nicos, convirti\u00e9ndolo en totalmente hipoalerg\u00e9nico, por eso se certifica con el sello <strong>DETOX TO ZERO<\/strong> por OEKO-TEX\u00ae DETOX TO ZERO de OEKO-TEX\u00ae es un sistema de verificaci\u00f3n eficiente que tiene como objetivo implementar los criterios de la Campa\u00f1a DETOX de Greenpeace dentro de las instalaciones de producci\u00f3n, garantizando un algod\u00f3n libre de sustancias nocivas ni t\u00f3xicas.<\/p>\n<h3>Detalles del producto<\/h3>\n<ul>\n<li><strong>Material<\/strong>: 100% algod\u00f3n peinado org\u00e1nico y d\u00e9tox.<\/li>\n<li><strong>Peso<\/strong>: 100 gr\/ 300 m<\/li>\n<li><strong>Agujas recomendadas:\u00a0<\/strong>tricot y ganchillo: 2 &#8211; 3 mm<\/li>\n<li><strong>Color<\/strong>: Marr\u00f3n choco<\/li>\n<li><strong>Fabricante<\/strong>: Casasol<\/li>\n<\/ul>\n","protected":false},"excerpt":{"rendered":"<ul>\n<li><strong>Material<\/strong>: 100% algod\u00f3n peinado org\u00e1nico y d\u00e9tox.<\/li>\n<li><strong>Peso<\/strong>: 100 gr\/ 300 m<\/li>\n<li><strong>Agujas recomendadas:\u00a0<\/strong>tricot y ganchillo 2-3 mm<\/li>\n<li><strong>Color<\/strong>: Marr\u00f3n Choco<\/li>\n<li><strong>Fabricante<\/strong>: Casasol<\/li>\n<\/ul>\n","protected":false},"featured_media":2961,"comment_status":"open","ping_status":"closed","template":"","meta":[],"product_brand":[74],"product_cat":[70],"product_tag":[72,73,78],"class_list":{"0":"post-2942","1":"product","2":"type-product","3":"status-publish","4":"has-post-thumbnail","6":"product_brand-casasol","7":"product_cat-organic-cotton-detox-m","8":"product_tag-algodon","9":"product_tag-algodon-organico","10":"product_tag-algodon-peinado","12":"first","13":"instock","14":"taxable","15":"shipping-taxable","16":"purchasable","17":"product-type-simple"},"yoast_head":"<!-- This site is optimized with the Yoast SEO plugin v27.3 - https:\/\/yoast.com\/product\/yoast-seo-wordpress\/ -->\n<title>Hilo de Algod\u00f3n Peinado Ovillo Marr\u00f3n Choco M - Casasol - El crochet de Rose<\/title>\n<meta name=\"description\" content=\"Este ovillo crudo est\u00e1 elaborado con algod\u00f3n peinado 100% org\u00e1nico, lo que garantiza suavidad, resistencia y un acabado liso y uniforme.\" \/>\n<meta name=\"robots\" content=\"index, follow, max-snippet:-1, max-image-preview:large, max-video-preview:-1\" \/>\n<link rel=\"canonical\" href=\"https:\/\/elcrochetderose.com\/?product=hilo-de-algodon-peinado-ovillo-marron-choco-m-casasol\" \/>\n<meta property=\"og:locale\" content=\"es_ES\" \/>\n<meta property=\"og:type\" content=\"article\" \/>\n<meta property=\"og:title\" content=\"Hilo de Algod\u00f3n Peinado Ovillo Marr\u00f3n Choco M - Casasol - El crochet de Rose\" \/>\n<meta property=\"og:description\" content=\"Este ovillo crudo est\u00e1 elaborado con algod\u00f3n peinado 100% org\u00e1nico, lo que garantiza suavidad, resistencia y un acabado liso y uniforme.\" \/>\n<meta property=\"og:url\" content=\"https:\/\/elcrochetderose.com\/?product=hilo-de-algodon-peinado-ovillo-marron-choco-m-casasol\" \/>\n<meta property=\"og:site_name\" content=\"El crochet de Rose\" \/>\n<meta property=\"article:modified_time\" content=\"2025-08-20T09:11:13+00:00\" \/>\n<meta property=\"og:image\" content=\"https:\/\/elcrochetderose.com\/wp-content\/uploads\/2025\/08\/HILO-DE-ALGODON-PEINADO-MARRON-CHOCO-M-01.jpg\" \/>\n\t<meta property=\"og:image:width\" content=\"1650\" \/>\n\t<meta property=\"og:image:height\" content=\"1650\" \/>\n\t<meta property=\"og:image:type\" content=\"image\/jpeg\" \/>\n<meta name=\"twitter:card\" content=\"summary_large_image\" \/>\n<meta name=\"twitter:label1\" content=\"Tiempo de lectura\" \/>\n\t<meta name=\"twitter:data1\" content=\"2 minutos\" \/>\n<script type=\"application\/ld+json\" class=\"yoast-schema-graph\">{\"@context\":\"https:\\\/\\\/schema.org\",\"@graph\":[{\"@type\":\"WebPage\",\"@id\":\"https:\\\/\\\/elcrochetderose.com\\\/?product=hilo-de-algodon-peinado-ovillo-marron-choco-m-casasol\",\"url\":\"https:\\\/\\\/elcrochetderose.com\\\/?product=hilo-de-algodon-peinado-ovillo-marron-choco-m-casasol\",\"name\":\"Hilo de Algod\u00f3n Peinado Ovillo Marr\u00f3n Choco M - Casasol - El crochet de Rose\",\"isPartOf\":{\"@id\":\"https:\\\/\\\/elcrochetderose.com\\\/#website\"},\"primaryImageOfPage\":{\"@id\":\"https:\\\/\\\/elcrochetderose.com\\\/?product=hilo-de-algodon-peinado-ovillo-marron-choco-m-casasol#primaryimage\"},\"image\":{\"@id\":\"https:\\\/\\\/elcrochetderose.com\\\/?product=hilo-de-algodon-peinado-ovillo-marron-choco-m-casasol#primaryimage\"},\"thumbnailUrl\":\"https:\\\/\\\/elcrochetderose.com\\\/wp-content\\\/uploads\\\/2025\\\/08\\\/HILO-DE-ALGODON-PEINADO-MARRON-CHOCO-M-01.jpg\",\"datePublished\":\"2025-08-16T18:35:50+00:00\",\"dateModified\":\"2025-08-20T09:11:13+00:00\",\"description\":\"Este ovillo crudo est\u00e1 elaborado con algod\u00f3n peinado 100% org\u00e1nico, lo que garantiza suavidad, resistencia y un acabado liso y uniforme.\",\"breadcrumb\":{\"@id\":\"https:\\\/\\\/elcrochetderose.com\\\/?product=hilo-de-algodon-peinado-ovillo-marron-choco-m-casasol#breadcrumb\"},\"inLanguage\":\"es\",\"potentialAction\":[{\"@type\":\"ReadAction\",\"target\":[\"https:\\\/\\\/elcrochetderose.com\\\/?product=hilo-de-algodon-peinado-ovillo-marron-choco-m-casasol\"]}]},{\"@type\":\"ImageObject\",\"inLanguage\":\"es\",\"@id\":\"https:\\\/\\\/elcrochetderose.com\\\/?product=hilo-de-algodon-peinado-ovillo-marron-choco-m-casasol#primaryimage\",\"url\":\"https:\\\/\\\/elcrochetderose.com\\\/wp-content\\\/uploads\\\/2025\\\/08\\\/HILO-DE-ALGODON-PEINADO-MARRON-CHOCO-M-01.jpg\",\"contentUrl\":\"https:\\\/\\\/elcrochetderose.com\\\/wp-content\\\/uploads\\\/2025\\\/08\\\/HILO-DE-ALGODON-PEINADO-MARRON-CHOCO-M-01.jpg\",\"width\":1650,\"height\":1650},{\"@type\":\"BreadcrumbList\",\"@id\":\"https:\\\/\\\/elcrochetderose.com\\\/?product=hilo-de-algodon-peinado-ovillo-marron-choco-m-casasol#breadcrumb\",\"itemListElement\":[{\"@type\":\"ListItem\",\"position\":1,\"name\":\"Home\",\"item\":\"https:\\\/\\\/elcrochetderose.com\\\/\"},{\"@type\":\"ListItem\",\"position\":2,\"name\":\"Tienda de crochet\",\"item\":\"https:\\\/\\\/elcrochetderose.com\\\/?page_id=1734\"},{\"@type\":\"ListItem\",\"position\":3,\"name\":\"Hilo de Algod\u00f3n Peinado Ovillo Marr\u00f3n Choco M &#8211; Casasol\"}]},{\"@type\":\"WebSite\",\"@id\":\"https:\\\/\\\/elcrochetderose.com\\\/#website\",\"url\":\"https:\\\/\\\/elcrochetderose.com\\\/\",\"name\":\"El crochet de Rose\",\"description\":\"\",\"publisher\":{\"@id\":\"https:\\\/\\\/elcrochetderose.com\\\/#organization\"},\"potentialAction\":[{\"@type\":\"SearchAction\",\"target\":{\"@type\":\"EntryPoint\",\"urlTemplate\":\"https:\\\/\\\/elcrochetderose.com\\\/?s={search_term_string}\"},\"query-input\":{\"@type\":\"PropertyValueSpecification\",\"valueRequired\":true,\"valueName\":\"search_term_string\"}}],\"inLanguage\":\"es\"},{\"@type\":\"Organization\",\"@id\":\"https:\\\/\\\/elcrochetderose.com\\\/#organization\",\"name\":\"El crochet de Rose\",\"url\":\"https:\\\/\\\/elcrochetderose.com\\\/\",\"logo\":{\"@type\":\"ImageObject\",\"inLanguage\":\"es\",\"@id\":\"https:\\\/\\\/elcrochetderose.com\\\/#\\\/schema\\\/logo\\\/image\\\/\",\"url\":\"https:\\\/\\\/elcrochetderose.com\\\/wp-content\\\/uploads\\\/2024\\\/07\\\/cropped-logo-mostaza-el-crochet-de-rose.png\",\"contentUrl\":\"https:\\\/\\\/elcrochetderose.com\\\/wp-content\\\/uploads\\\/2024\\\/07\\\/cropped-logo-mostaza-el-crochet-de-rose.png\",\"width\":266,\"height\":80,\"caption\":\"El crochet de Rose\"},\"image\":{\"@id\":\"https:\\\/\\\/elcrochetderose.com\\\/#\\\/schema\\\/logo\\\/image\\\/\"}}]}<\/script>\n<!-- \/ Yoast SEO plugin. -->","yoast_head_json":{"title":"Hilo de Algod\u00f3n Peinado Ovillo Marr\u00f3n Choco M - Casasol - El crochet de Rose","description":"Este ovillo crudo est\u00e1 elaborado con algod\u00f3n peinado 100% org\u00e1nico, lo que garantiza suavidad, resistencia y un acabado liso y uniforme.","robots":{"index":"index","follow":"follow","max-snippet":"max-snippet:-1","max-image-preview":"max-image-preview:large","max-video-preview":"max-video-preview:-1"},"canonical":"https:\/\/elcrochetderose.com\/?product=hilo-de-algodon-peinado-ovillo-marron-choco-m-casasol","og_locale":"es_ES","og_type":"article","og_title":"Hilo de Algod\u00f3n Peinado Ovillo Marr\u00f3n Choco M - Casasol - El crochet de Rose","og_description":"Este ovillo crudo est\u00e1 elaborado con algod\u00f3n peinado 100% org\u00e1nico, lo que garantiza suavidad, resistencia y un acabado liso y uniforme.","og_url":"https:\/\/elcrochetderose.com\/?product=hilo-de-algodon-peinado-ovillo-marron-choco-m-casasol","og_site_name":"El crochet de Rose","article_modified_time":"2025-08-20T09:11:13+00:00","og_image":[{"width":1650,"height":1650,"url":"https:\/\/elcrochetderose.com\/wp-content\/uploads\/2025\/08\/HILO-DE-ALGODON-PEINADO-MARRON-CHOCO-M-01.jpg","type":"image\/jpeg"}],"twitter_card":"summary_large_image","twitter_misc":{"Tiempo de lectura":"2 minutos"},"schema":{"@context":"https:\/\/schema.org","@graph":[{"@type":"WebPage","@id":"https:\/\/elcrochetderose.com\/?product=hilo-de-algodon-peinado-ovillo-marron-choco-m-casasol","url":"https:\/\/elcrochetderose.com\/?product=hilo-de-algodon-peinado-ovillo-marron-choco-m-casasol","name":"Hilo de Algod\u00f3n Peinado Ovillo Marr\u00f3n Choco M - Casasol - El crochet de Rose","isPartOf":{"@id":"https:\/\/elcrochetderose.com\/#website"},"primaryImageOfPage":{"@id":"https:\/\/elcrochetderose.com\/?product=hilo-de-algodon-peinado-ovillo-marron-choco-m-casasol#primaryimage"},"image":{"@id":"https:\/\/elcrochetderose.com\/?product=hilo-de-algodon-peinado-ovillo-marron-choco-m-casasol#primaryimage"},"thumbnailUrl":"https:\/\/elcrochetderose.com\/wp-content\/uploads\/2025\/08\/HILO-DE-ALGODON-PEINADO-MARRON-CHOCO-M-01.jpg","datePublished":"2025-08-16T18:35:50+00:00","dateModified":"2025-08-20T09:11:13+00:00","description":"Este ovillo crudo est\u00e1 elaborado con algod\u00f3n peinado 100% org\u00e1nico, lo que garantiza suavidad, resistencia y un acabado liso y uniforme.","breadcrumb":{"@id":"https:\/\/elcrochetderose.com\/?product=hilo-de-algodon-peinado-ovillo-marron-choco-m-casasol#breadcrumb"},"inLanguage":"es","potentialAction":[{"@type":"ReadAction","target":["https:\/\/elcrochetderose.com\/?product=hilo-de-algodon-peinado-ovillo-marron-choco-m-casasol"]}]},{"@type":"ImageObject","inLanguage":"es","@id":"https:\/\/elcrochetderose.com\/?product=hilo-de-algodon-peinado-ovillo-marron-choco-m-casasol#primaryimage","url":"https:\/\/elcrochetderose.com\/wp-content\/uploads\/2025\/08\/HILO-DE-ALGODON-PEINADO-MARRON-CHOCO-M-01.jpg","contentUrl":"https:\/\/elcrochetderose.com\/wp-content\/uploads\/2025\/08\/HILO-DE-ALGODON-PEINADO-MARRON-CHOCO-M-01.jpg","width":1650,"height":1650},{"@type":"BreadcrumbList","@id":"https:\/\/elcrochetderose.com\/?product=hilo-de-algodon-peinado-ovillo-marron-choco-m-casasol#breadcrumb","itemListElement":[{"@type":"ListItem","position":1,"name":"Home","item":"https:\/\/elcrochetderose.com\/"},{"@type":"ListItem","position":2,"name":"Tienda de crochet","item":"https:\/\/elcrochetderose.com\/?page_id=1734"},{"@type":"ListItem","position":3,"name":"Hilo de Algod\u00f3n Peinado Ovillo Marr\u00f3n Choco M &#8211; Casasol"}]},{"@type":"WebSite","@id":"https:\/\/elcrochetderose.com\/#website","url":"https:\/\/elcrochetderose.com\/","name":"El crochet de Rose","description":"","publisher":{"@id":"https:\/\/elcrochetderose.com\/#organization"},"potentialAction":[{"@type":"SearchAction","target":{"@type":"EntryPoint","urlTemplate":"https:\/\/elcrochetderose.com\/?s={search_term_string}"},"query-input":{"@type":"PropertyValueSpecification","valueRequired":true,"valueName":"search_term_string"}}],"inLanguage":"es"},{"@type":"Organization","@id":"https:\/\/elcrochetderose.com\/#organization","name":"El crochet de Rose","url":"https:\/\/elcrochetderose.com\/","logo":{"@type":"ImageObject","inLanguage":"es","@id":"https:\/\/elcrochetderose.com\/#\/schema\/logo\/image\/","url":"https:\/\/elcrochetderose.com\/wp-content\/uploads\/2024\/07\/cropped-logo-mostaza-el-crochet-de-rose.png","contentUrl":"https:\/\/elcrochetderose.com\/wp-content\/uploads\/2024\/07\/cropped-logo-mostaza-el-crochet-de-rose.png","width":266,"height":80,"caption":"El crochet de Rose"},"image":{"@id":"https:\/\/elcrochetderose.com\/#\/schema\/logo\/image\/"}}]}},"_links":{"self":[{"href":"https:\/\/elcrochetderose.com\/index.php?rest_route=\/wp\/v2\/product\/2942","targetHints":{"allow":["GET"]}}],"collection":[{"href":"https:\/\/elcrochetderose.com\/index.php?rest_route=\/wp\/v2\/product"}],"about":[{"href":"https:\/\/elcrochetderose.com\/index.php?rest_route=\/wp\/v2\/types\/product"}],"replies":[{"embeddable":true,"href":"https:\/\/elcrochetderose.com\/index.php?rest_route=%2Fwp%2Fv2%2Fcomments&post=2942"}],"wp:featuredmedia":[{"embeddable":true,"href":"https:\/\/elcrochetderose.com\/index.php?rest_route=\/wp\/v2\/media\/2961"}],"wp:attachment":[{"href":"https:\/\/elcrochetderose.com\/index.php?rest_route=%2Fwp%2Fv2%2Fmedia&parent=2942"}],"wp:term":[{"taxonomy":"product_brand","embeddable":true,"href":"https:\/\/elcrochetderose.com\/index.php?rest_route=%2Fwp%2Fv2%2Fproduct_brand&post=2942"},{"taxonomy":"product_cat","embeddable":true,"href":"https:\/\/elcrochetderose.com\/index.php?rest_route=%2Fwp%2Fv2%2Fproduct_cat&post=2942"},{"taxonomy":"product_tag","embeddable":true,"href":"https:\/\/elcrochetderose.com\/index.php?rest_route=%2Fwp%2Fv2%2Fproduct_tag&post=2942"}],"curies":[{"name":"wp","href":"https:\/\/api.w.org\/{rel}","templated":true}]}}