{"id":3039,"date":"2025-08-22T17:44:48","date_gmt":"2025-08-22T15:44:48","guid":{"rendered":"https:\/\/elcrochetderose.com\/?post_type=product&#038;p=3039"},"modified":"2025-09-10T13:38:10","modified_gmt":"2025-09-10T11:38:10","slug":"ovillo-lana-merino-y-acrilico-color-azul-dia-eureka-casasol","status":"publish","type":"product","link":"https:\/\/elcrochetderose.com\/?product=ovillo-lana-merino-y-acrilico-color-azul-dia-eureka-casasol","title":{"rendered":"Ovillo lana merino y acr\u00edlico color Azul d\u00eda Eureka &#8211; Casasol"},"content":{"rendered":"<p>El ovillo <strong>azul d\u00eda<\/strong>\u00a0de la colecci\u00f3n Eureka de Casasol es una elecci\u00f3n atemporal y vers\u00e1til que a\u00f1ade un toque de calidez y simplicidad a tus proyectos. Su tonalidad neutra, que se asemeja a un beige suave, es ideal para crear una amplia gama de prendas, accesorios y decoraciones que se adaptan a cualquier estilo.<\/p>\n<h2>Ovillo azul d\u00eda, colecci\u00f3n Eureka<\/h2>\n<p>Fabricado con materiales de alta calidad, este ovillo ofrece una textura suave y agradable al tacto, garantizando una experiencia de tejido c\u00f3moda y un acabado duradero. Perfecto tanto para principiantes como para expertos, el ovillo color crudo es una base excelente para dar vida a tus ideas creativas.<\/p>\n<h3>Detalles del producto<\/h3>\n<ul>\n<li><strong>Material<\/strong>: 50% Lana, 50% Pc Acr\u00edlico<\/li>\n<li><strong>Peso:<\/strong> 100 gr\/ 200 m<\/li>\n<li><strong>Agujas recomendadas: <\/strong>4 mm, 4,5 mm, 5 mm, 5,5 mm<\/li>\n<li><strong>Color:<\/strong>Azul d\u00eda<\/li>\n<li><strong>Fabricante:<\/strong> Casasol<\/li>\n<\/ul>\n","protected":false},"excerpt":{"rendered":"<ul>\n<li><strong>Material<\/strong>: 50% Lana, 50% Pc Acr\u00edlico<\/li>\n<li><strong>Peso:<\/strong> 100 gr\/ 200 m<\/li>\n<li><strong>Agujas recomendadas: <\/strong>4 mm, 4,5 mm, 5 mm, 5,5 mm<\/li>\n<li><strong>Color:<\/strong> Azul d\u00eda<\/li>\n<li><strong>Fabricante:<\/strong> Casasol<\/li>\n<\/ul>\n","protected":false},"featured_media":3056,"comment_status":"open","ping_status":"closed","template":"","meta":[],"product_brand":[74],"product_cat":[68,40],"product_tag":[80,79],"class_list":{"0":"post-3039","1":"product","2":"type-product","3":"status-publish","4":"has-post-thumbnail","6":"product_brand-casasol","7":"product_cat-hilo-eureka","8":"product_cat-material-de-crochet","9":"product_tag-acrilico","10":"product_tag-lana","12":"first","13":"instock","14":"taxable","15":"shipping-taxable","16":"purchasable","17":"product-type-simple"},"yoast_head":"<!-- This site is optimized with the Yoast SEO plugin v27.3 - https:\/\/yoast.com\/product\/yoast-seo-wordpress\/ -->\n<title>Ovillo lana merino y acr\u00edlico color Azul d\u00eda Eureka - Casasol - El crochet de Rose<\/title>\n<meta name=\"description\" content=\"El ovillo crudo de la colecci\u00f3n Eureka de Casasol es una elecci\u00f3n atemporal y vers\u00e1til que a\u00f1ade un toque de calidez y simplicidad a tus proyectos.\" \/>\n<meta name=\"robots\" content=\"index, follow, max-snippet:-1, max-image-preview:large, max-video-preview:-1\" \/>\n<link rel=\"canonical\" href=\"https:\/\/elcrochetderose.com\/?product=ovillo-lana-merino-y-acrilico-color-azul-dia-eureka-casasol\" \/>\n<meta property=\"og:locale\" content=\"es_ES\" \/>\n<meta property=\"og:type\" content=\"article\" \/>\n<meta property=\"og:title\" content=\"Ovillo lana merino y acr\u00edlico color Azul d\u00eda Eureka - Casasol - El crochet de Rose\" \/>\n<meta property=\"og:description\" content=\"El ovillo crudo de la colecci\u00f3n Eureka de Casasol es una elecci\u00f3n atemporal y vers\u00e1til que a\u00f1ade un toque de calidez y simplicidad a tus proyectos.\" \/>\n<meta property=\"og:url\" content=\"https:\/\/elcrochetderose.com\/?product=ovillo-lana-merino-y-acrilico-color-azul-dia-eureka-casasol\" \/>\n<meta property=\"og:site_name\" content=\"El crochet de Rose\" \/>\n<meta property=\"article:modified_time\" content=\"2025-09-10T11:38:10+00:00\" \/>\n<meta property=\"og:image\" content=\"https:\/\/elcrochetderose.com\/wp-content\/uploads\/2025\/08\/LANA-Y-ACRILICO-EUREKA-AZUL-DIA-06.jpg\" \/>\n\t<meta property=\"og:image:width\" content=\"1250\" \/>\n\t<meta property=\"og:image:height\" content=\"1250\" \/>\n\t<meta property=\"og:image:type\" content=\"image\/jpeg\" \/>\n<meta name=\"twitter:card\" content=\"summary_large_image\" \/>\n<meta name=\"twitter:label1\" content=\"Tiempo de lectura\" \/>\n\t<meta name=\"twitter:data1\" content=\"1 minuto\" \/>\n<script type=\"application\/ld+json\" class=\"yoast-schema-graph\">{\"@context\":\"https:\\\/\\\/schema.org\",\"@graph\":[{\"@type\":\"WebPage\",\"@id\":\"https:\\\/\\\/elcrochetderose.com\\\/?product=ovillo-lana-merino-y-acrilico-color-azul-dia-eureka-casasol\",\"url\":\"https:\\\/\\\/elcrochetderose.com\\\/?product=ovillo-lana-merino-y-acrilico-color-azul-dia-eureka-casasol\",\"name\":\"Ovillo lana merino y acr\u00edlico color Azul d\u00eda Eureka - Casasol - El crochet de Rose\",\"isPartOf\":{\"@id\":\"https:\\\/\\\/elcrochetderose.com\\\/#website\"},\"primaryImageOfPage\":{\"@id\":\"https:\\\/\\\/elcrochetderose.com\\\/?product=ovillo-lana-merino-y-acrilico-color-azul-dia-eureka-casasol#primaryimage\"},\"image\":{\"@id\":\"https:\\\/\\\/elcrochetderose.com\\\/?product=ovillo-lana-merino-y-acrilico-color-azul-dia-eureka-casasol#primaryimage\"},\"thumbnailUrl\":\"https:\\\/\\\/elcrochetderose.com\\\/wp-content\\\/uploads\\\/2025\\\/08\\\/LANA-Y-ACRILICO-EUREKA-AZUL-DIA-06.jpg\",\"datePublished\":\"2025-08-22T15:44:48+00:00\",\"dateModified\":\"2025-09-10T11:38:10+00:00\",\"description\":\"El ovillo crudo de la colecci\u00f3n Eureka de Casasol es una elecci\u00f3n atemporal y vers\u00e1til que a\u00f1ade un toque de calidez y simplicidad a tus proyectos.\",\"breadcrumb\":{\"@id\":\"https:\\\/\\\/elcrochetderose.com\\\/?product=ovillo-lana-merino-y-acrilico-color-azul-dia-eureka-casasol#breadcrumb\"},\"inLanguage\":\"es\",\"potentialAction\":[{\"@type\":\"ReadAction\",\"target\":[\"https:\\\/\\\/elcrochetderose.com\\\/?product=ovillo-lana-merino-y-acrilico-color-azul-dia-eureka-casasol\"]}]},{\"@type\":\"ImageObject\",\"inLanguage\":\"es\",\"@id\":\"https:\\\/\\\/elcrochetderose.com\\\/?product=ovillo-lana-merino-y-acrilico-color-azul-dia-eureka-casasol#primaryimage\",\"url\":\"https:\\\/\\\/elcrochetderose.com\\\/wp-content\\\/uploads\\\/2025\\\/08\\\/LANA-Y-ACRILICO-EUREKA-AZUL-DIA-06.jpg\",\"contentUrl\":\"https:\\\/\\\/elcrochetderose.com\\\/wp-content\\\/uploads\\\/2025\\\/08\\\/LANA-Y-ACRILICO-EUREKA-AZUL-DIA-06.jpg\",\"width\":1250,\"height\":1250},{\"@type\":\"BreadcrumbList\",\"@id\":\"https:\\\/\\\/elcrochetderose.com\\\/?product=ovillo-lana-merino-y-acrilico-color-azul-dia-eureka-casasol#breadcrumb\",\"itemListElement\":[{\"@type\":\"ListItem\",\"position\":1,\"name\":\"Home\",\"item\":\"https:\\\/\\\/elcrochetderose.com\\\/\"},{\"@type\":\"ListItem\",\"position\":2,\"name\":\"Tienda de crochet\",\"item\":\"https:\\\/\\\/elcrochetderose.com\\\/?page_id=1734\"},{\"@type\":\"ListItem\",\"position\":3,\"name\":\"Ovillo lana merino y acr\u00edlico color Azul d\u00eda Eureka &#8211; Casasol\"}]},{\"@type\":\"WebSite\",\"@id\":\"https:\\\/\\\/elcrochetderose.com\\\/#website\",\"url\":\"https:\\\/\\\/elcrochetderose.com\\\/\",\"name\":\"El crochet de Rose\",\"description\":\"\",\"publisher\":{\"@id\":\"https:\\\/\\\/elcrochetderose.com\\\/#organization\"},\"potentialAction\":[{\"@type\":\"SearchAction\",\"target\":{\"@type\":\"EntryPoint\",\"urlTemplate\":\"https:\\\/\\\/elcrochetderose.com\\\/?s={search_term_string}\"},\"query-input\":{\"@type\":\"PropertyValueSpecification\",\"valueRequired\":true,\"valueName\":\"search_term_string\"}}],\"inLanguage\":\"es\"},{\"@type\":\"Organization\",\"@id\":\"https:\\\/\\\/elcrochetderose.com\\\/#organization\",\"name\":\"El crochet de Rose\",\"url\":\"https:\\\/\\\/elcrochetderose.com\\\/\",\"logo\":{\"@type\":\"ImageObject\",\"inLanguage\":\"es\",\"@id\":\"https:\\\/\\\/elcrochetderose.com\\\/#\\\/schema\\\/logo\\\/image\\\/\",\"url\":\"https:\\\/\\\/elcrochetderose.com\\\/wp-content\\\/uploads\\\/2024\\\/07\\\/cropped-logo-mostaza-el-crochet-de-rose.png\",\"contentUrl\":\"https:\\\/\\\/elcrochetderose.com\\\/wp-content\\\/uploads\\\/2024\\\/07\\\/cropped-logo-mostaza-el-crochet-de-rose.png\",\"width\":266,\"height\":80,\"caption\":\"El crochet de Rose\"},\"image\":{\"@id\":\"https:\\\/\\\/elcrochetderose.com\\\/#\\\/schema\\\/logo\\\/image\\\/\"}}]}<\/script>\n<!-- \/ Yoast SEO plugin. -->","yoast_head_json":{"title":"Ovillo lana merino y acr\u00edlico color Azul d\u00eda Eureka - Casasol - El crochet de Rose","description":"El ovillo crudo de la colecci\u00f3n Eureka de Casasol es una elecci\u00f3n atemporal y vers\u00e1til que a\u00f1ade un toque de calidez y simplicidad a tus proyectos.","robots":{"index":"index","follow":"follow","max-snippet":"max-snippet:-1","max-image-preview":"max-image-preview:large","max-video-preview":"max-video-preview:-1"},"canonical":"https:\/\/elcrochetderose.com\/?product=ovillo-lana-merino-y-acrilico-color-azul-dia-eureka-casasol","og_locale":"es_ES","og_type":"article","og_title":"Ovillo lana merino y acr\u00edlico color Azul d\u00eda Eureka - Casasol - El crochet de Rose","og_description":"El ovillo crudo de la colecci\u00f3n Eureka de Casasol es una elecci\u00f3n atemporal y vers\u00e1til que a\u00f1ade un toque de calidez y simplicidad a tus proyectos.","og_url":"https:\/\/elcrochetderose.com\/?product=ovillo-lana-merino-y-acrilico-color-azul-dia-eureka-casasol","og_site_name":"El crochet de Rose","article_modified_time":"2025-09-10T11:38:10+00:00","og_image":[{"width":1250,"height":1250,"url":"https:\/\/elcrochetderose.com\/wp-content\/uploads\/2025\/08\/LANA-Y-ACRILICO-EUREKA-AZUL-DIA-06.jpg","type":"image\/jpeg"}],"twitter_card":"summary_large_image","twitter_misc":{"Tiempo de lectura":"1 minuto"},"schema":{"@context":"https:\/\/schema.org","@graph":[{"@type":"WebPage","@id":"https:\/\/elcrochetderose.com\/?product=ovillo-lana-merino-y-acrilico-color-azul-dia-eureka-casasol","url":"https:\/\/elcrochetderose.com\/?product=ovillo-lana-merino-y-acrilico-color-azul-dia-eureka-casasol","name":"Ovillo lana merino y acr\u00edlico color Azul d\u00eda Eureka - Casasol - El crochet de Rose","isPartOf":{"@id":"https:\/\/elcrochetderose.com\/#website"},"primaryImageOfPage":{"@id":"https:\/\/elcrochetderose.com\/?product=ovillo-lana-merino-y-acrilico-color-azul-dia-eureka-casasol#primaryimage"},"image":{"@id":"https:\/\/elcrochetderose.com\/?product=ovillo-lana-merino-y-acrilico-color-azul-dia-eureka-casasol#primaryimage"},"thumbnailUrl":"https:\/\/elcrochetderose.com\/wp-content\/uploads\/2025\/08\/LANA-Y-ACRILICO-EUREKA-AZUL-DIA-06.jpg","datePublished":"2025-08-22T15:44:48+00:00","dateModified":"2025-09-10T11:38:10+00:00","description":"El ovillo crudo de la colecci\u00f3n Eureka de Casasol es una elecci\u00f3n atemporal y vers\u00e1til que a\u00f1ade un toque de calidez y simplicidad a tus proyectos.","breadcrumb":{"@id":"https:\/\/elcrochetderose.com\/?product=ovillo-lana-merino-y-acrilico-color-azul-dia-eureka-casasol#breadcrumb"},"inLanguage":"es","potentialAction":[{"@type":"ReadAction","target":["https:\/\/elcrochetderose.com\/?product=ovillo-lana-merino-y-acrilico-color-azul-dia-eureka-casasol"]}]},{"@type":"ImageObject","inLanguage":"es","@id":"https:\/\/elcrochetderose.com\/?product=ovillo-lana-merino-y-acrilico-color-azul-dia-eureka-casasol#primaryimage","url":"https:\/\/elcrochetderose.com\/wp-content\/uploads\/2025\/08\/LANA-Y-ACRILICO-EUREKA-AZUL-DIA-06.jpg","contentUrl":"https:\/\/elcrochetderose.com\/wp-content\/uploads\/2025\/08\/LANA-Y-ACRILICO-EUREKA-AZUL-DIA-06.jpg","width":1250,"height":1250},{"@type":"BreadcrumbList","@id":"https:\/\/elcrochetderose.com\/?product=ovillo-lana-merino-y-acrilico-color-azul-dia-eureka-casasol#breadcrumb","itemListElement":[{"@type":"ListItem","position":1,"name":"Home","item":"https:\/\/elcrochetderose.com\/"},{"@type":"ListItem","position":2,"name":"Tienda de crochet","item":"https:\/\/elcrochetderose.com\/?page_id=1734"},{"@type":"ListItem","position":3,"name":"Ovillo lana merino y acr\u00edlico color Azul d\u00eda Eureka &#8211; Casasol"}]},{"@type":"WebSite","@id":"https:\/\/elcrochetderose.com\/#website","url":"https:\/\/elcrochetderose.com\/","name":"El crochet de Rose","description":"","publisher":{"@id":"https:\/\/elcrochetderose.com\/#organization"},"potentialAction":[{"@type":"SearchAction","target":{"@type":"EntryPoint","urlTemplate":"https:\/\/elcrochetderose.com\/?s={search_term_string}"},"query-input":{"@type":"PropertyValueSpecification","valueRequired":true,"valueName":"search_term_string"}}],"inLanguage":"es"},{"@type":"Organization","@id":"https:\/\/elcrochetderose.com\/#organization","name":"El crochet de Rose","url":"https:\/\/elcrochetderose.com\/","logo":{"@type":"ImageObject","inLanguage":"es","@id":"https:\/\/elcrochetderose.com\/#\/schema\/logo\/image\/","url":"https:\/\/elcrochetderose.com\/wp-content\/uploads\/2024\/07\/cropped-logo-mostaza-el-crochet-de-rose.png","contentUrl":"https:\/\/elcrochetderose.com\/wp-content\/uploads\/2024\/07\/cropped-logo-mostaza-el-crochet-de-rose.png","width":266,"height":80,"caption":"El crochet de Rose"},"image":{"@id":"https:\/\/elcrochetderose.com\/#\/schema\/logo\/image\/"}}]}},"_links":{"self":[{"href":"https:\/\/elcrochetderose.com\/index.php?rest_route=\/wp\/v2\/product\/3039","targetHints":{"allow":["GET"]}}],"collection":[{"href":"https:\/\/elcrochetderose.com\/index.php?rest_route=\/wp\/v2\/product"}],"about":[{"href":"https:\/\/elcrochetderose.com\/index.php?rest_route=\/wp\/v2\/types\/product"}],"replies":[{"embeddable":true,"href":"https:\/\/elcrochetderose.com\/index.php?rest_route=%2Fwp%2Fv2%2Fcomments&post=3039"}],"wp:featuredmedia":[{"embeddable":true,"href":"https:\/\/elcrochetderose.com\/index.php?rest_route=\/wp\/v2\/media\/3056"}],"wp:attachment":[{"href":"https:\/\/elcrochetderose.com\/index.php?rest_route=%2Fwp%2Fv2%2Fmedia&parent=3039"}],"wp:term":[{"taxonomy":"product_brand","embeddable":true,"href":"https:\/\/elcrochetderose.com\/index.php?rest_route=%2Fwp%2Fv2%2Fproduct_brand&post=3039"},{"taxonomy":"product_cat","embeddable":true,"href":"https:\/\/elcrochetderose.com\/index.php?rest_route=%2Fwp%2Fv2%2Fproduct_cat&post=3039"},{"taxonomy":"product_tag","embeddable":true,"href":"https:\/\/elcrochetderose.com\/index.php?rest_route=%2Fwp%2Fv2%2Fproduct_tag&post=3039"}],"curies":[{"name":"wp","href":"https:\/\/api.w.org\/{rel}","templated":true}]}}