{"id":313,"date":"2024-09-23T19:56:37","date_gmt":"2024-09-23T17:56:37","guid":{"rendered":"https:\/\/goya.everthemes.com\/demo-decor\/?post_type=product&#038;p=313"},"modified":"2024-10-19T23:27:33","modified_gmt":"2024-10-19T21:27:33","slug":"heavy-sound-travel-speaker","status":"publish","type":"product","link":"https:\/\/elcrochetderose.com\/?product=heavy-sound-travel-speaker","title":{"rendered":"Ama la lana &#8211; Ruggine 100GR"},"content":{"rendered":"<p>Descubre el hilo Ruggine de la colecci\u00f3n Ama la Lana de Casasol. Con su c\u00e1lida tonalidad, este hilo es perfecto para quienes buscan un toque sofisticado y distintivo en sus proyectos. Fabricado con materiales de alta calidad, Ruggine ofrece una textura suave y agradable al tacto, ideal para confeccionar prendas c\u00f3modas, accesorios elegantes y amigurumis encantadores.<\/p>\n<h2>Hilo Ruggine, colecci\u00f3n Ama la lana<\/h2>\n<p>Gracias a su versatilidad, es una excelente elecci\u00f3n para una gran variedad de proyectos, desde bufandas y gorros hasta mantas c\u00e1lidas. Adem\u00e1s, su facilidad de uso garantiza una experiencia de tejido agradable, tanto para principiantes como para expertas. D\u00e9jate llevar por tu creatividad y permite que el hilo Grigio Chiaro de Ama la Lana aporte un toque suave y sereno a tus creaciones.<\/p>\n<h3>Detalles del producto<\/h3>\n<ul>\n<li><strong>Material<\/strong>: 20% Lana, 50% Viscosa, 30% Nylon<\/li>\n<li><strong>Peso<\/strong>: 100 gr\/ 250 m<\/li>\n<li><strong>Agujas recomendadas:<\/strong> tricot 3.5, ganchillo 5 mm<\/li>\n<li><strong>Color<\/strong>: Ruggine 263<\/li>\n<li><strong>Fabricante<\/strong>: Casasol<\/li>\n<\/ul>\n","protected":false},"excerpt":{"rendered":"<ul>\n<li><strong>Material<\/strong>: 20% Lana, 50% Viscosa, 30% Nylon<\/li>\n<li><strong>Peso<\/strong>: 100 gr\/ 250 m<\/li>\n<li><strong>Agujas recomendadas:<\/strong> tricot 3.5, ganchillo 5 mm<\/li>\n<li><strong>Color<\/strong>: Ruggine 263<\/li>\n<li><strong>Fabricante<\/strong>: Casasol<\/li>\n<\/ul>\n","protected":false},"featured_media":2341,"comment_status":"open","ping_status":"closed","template":"","meta":[],"product_brand":[],"product_cat":[67,40],"product_tag":[],"class_list":{"0":"post-313","1":"product","2":"type-product","3":"status-publish","4":"has-post-thumbnail","6":"product_cat-ama-la-lana","7":"product_cat-material-de-crochet","9":"first","10":"instock","11":"taxable","12":"shipping-taxable","13":"purchasable","14":"product-type-simple"},"yoast_head":"<!-- This site is optimized with the Yoast SEO plugin v27.3 - https:\/\/yoast.com\/product\/yoast-seo-wordpress\/ -->\n<title>Ama la lana - Ruggine 100GR - El crochet de Rose<\/title>\n<meta name=\"description\" content=\"Descubre el hilo Ruggine de la colecci\u00f3n Ama la Lana de Casasol. Con su c\u00e1lida tonalidad, este hilo es perfecto para quienes buscan un toque sofisticado\" \/>\n<meta name=\"robots\" content=\"index, follow, max-snippet:-1, max-image-preview:large, max-video-preview:-1\" \/>\n<link rel=\"canonical\" href=\"https:\/\/elcrochetderose.com\/?product=heavy-sound-travel-speaker\" \/>\n<meta property=\"og:locale\" content=\"es_ES\" \/>\n<meta property=\"og:type\" content=\"article\" \/>\n<meta property=\"og:title\" content=\"Ama la lana - Ruggine 100GR - El crochet de Rose\" \/>\n<meta property=\"og:description\" content=\"Descubre el hilo Ruggine de la colecci\u00f3n Ama la Lana de Casasol. Con su c\u00e1lida tonalidad, este hilo es perfecto para quienes buscan un toque sofisticado\" \/>\n<meta property=\"og:url\" content=\"https:\/\/elcrochetderose.com\/?product=heavy-sound-travel-speaker\" \/>\n<meta property=\"og:site_name\" content=\"El crochet de Rose\" \/>\n<meta property=\"article:modified_time\" content=\"2024-10-19T21:27:33+00:00\" \/>\n<meta property=\"og:image\" content=\"https:\/\/elcrochetderose.com\/wp-content\/uploads\/2019\/07\/ama-la-lana-ruggine.jpg\" \/>\n\t<meta property=\"og:image:width\" content=\"1800\" \/>\n\t<meta property=\"og:image:height\" content=\"1800\" \/>\n\t<meta property=\"og:image:type\" content=\"image\/jpeg\" \/>\n<meta name=\"twitter:card\" content=\"summary_large_image\" \/>\n<meta name=\"twitter:label1\" content=\"Tiempo de lectura\" \/>\n\t<meta name=\"twitter:data1\" content=\"1 minuto\" \/>\n<script type=\"application\/ld+json\" class=\"yoast-schema-graph\">{\"@context\":\"https:\\\/\\\/schema.org\",\"@graph\":[{\"@type\":\"WebPage\",\"@id\":\"https:\\\/\\\/elcrochetderose.com\\\/?product=heavy-sound-travel-speaker\",\"url\":\"https:\\\/\\\/elcrochetderose.com\\\/?product=heavy-sound-travel-speaker\",\"name\":\"Ama la lana - Ruggine 100GR - El crochet de Rose\",\"isPartOf\":{\"@id\":\"https:\\\/\\\/elcrochetderose.com\\\/#website\"},\"primaryImageOfPage\":{\"@id\":\"https:\\\/\\\/elcrochetderose.com\\\/?product=heavy-sound-travel-speaker#primaryimage\"},\"image\":{\"@id\":\"https:\\\/\\\/elcrochetderose.com\\\/?product=heavy-sound-travel-speaker#primaryimage\"},\"thumbnailUrl\":\"https:\\\/\\\/elcrochetderose.com\\\/wp-content\\\/uploads\\\/2019\\\/07\\\/ama-la-lana-ruggine.jpg\",\"datePublished\":\"2024-09-23T17:56:37+00:00\",\"dateModified\":\"2024-10-19T21:27:33+00:00\",\"description\":\"Descubre el hilo Ruggine de la colecci\u00f3n Ama la Lana de Casasol. Con su c\u00e1lida tonalidad, este hilo es perfecto para quienes buscan un toque sofisticado\",\"breadcrumb\":{\"@id\":\"https:\\\/\\\/elcrochetderose.com\\\/?product=heavy-sound-travel-speaker#breadcrumb\"},\"inLanguage\":\"es\",\"potentialAction\":[{\"@type\":\"ReadAction\",\"target\":[\"https:\\\/\\\/elcrochetderose.com\\\/?product=heavy-sound-travel-speaker\"]}]},{\"@type\":\"ImageObject\",\"inLanguage\":\"es\",\"@id\":\"https:\\\/\\\/elcrochetderose.com\\\/?product=heavy-sound-travel-speaker#primaryimage\",\"url\":\"https:\\\/\\\/elcrochetderose.com\\\/wp-content\\\/uploads\\\/2019\\\/07\\\/ama-la-lana-ruggine.jpg\",\"contentUrl\":\"https:\\\/\\\/elcrochetderose.com\\\/wp-content\\\/uploads\\\/2019\\\/07\\\/ama-la-lana-ruggine.jpg\",\"width\":1800,\"height\":1800,\"caption\":\"Conoce nuestro hilo ruggine de la colecci\u00f3n Ama la lana de Casasol\"},{\"@type\":\"BreadcrumbList\",\"@id\":\"https:\\\/\\\/elcrochetderose.com\\\/?product=heavy-sound-travel-speaker#breadcrumb\",\"itemListElement\":[{\"@type\":\"ListItem\",\"position\":1,\"name\":\"Home\",\"item\":\"https:\\\/\\\/elcrochetderose.com\\\/\"},{\"@type\":\"ListItem\",\"position\":2,\"name\":\"Tienda de crochet\",\"item\":\"https:\\\/\\\/elcrochetderose.com\\\/?page_id=1734\"},{\"@type\":\"ListItem\",\"position\":3,\"name\":\"Ama la lana &#8211; Ruggine 100GR\"}]},{\"@type\":\"WebSite\",\"@id\":\"https:\\\/\\\/elcrochetderose.com\\\/#website\",\"url\":\"https:\\\/\\\/elcrochetderose.com\\\/\",\"name\":\"El crochet de Rose\",\"description\":\"\",\"publisher\":{\"@id\":\"https:\\\/\\\/elcrochetderose.com\\\/#organization\"},\"potentialAction\":[{\"@type\":\"SearchAction\",\"target\":{\"@type\":\"EntryPoint\",\"urlTemplate\":\"https:\\\/\\\/elcrochetderose.com\\\/?s={search_term_string}\"},\"query-input\":{\"@type\":\"PropertyValueSpecification\",\"valueRequired\":true,\"valueName\":\"search_term_string\"}}],\"inLanguage\":\"es\"},{\"@type\":\"Organization\",\"@id\":\"https:\\\/\\\/elcrochetderose.com\\\/#organization\",\"name\":\"El crochet de Rose\",\"url\":\"https:\\\/\\\/elcrochetderose.com\\\/\",\"logo\":{\"@type\":\"ImageObject\",\"inLanguage\":\"es\",\"@id\":\"https:\\\/\\\/elcrochetderose.com\\\/#\\\/schema\\\/logo\\\/image\\\/\",\"url\":\"https:\\\/\\\/elcrochetderose.com\\\/wp-content\\\/uploads\\\/2024\\\/07\\\/cropped-logo-mostaza-el-crochet-de-rose.png\",\"contentUrl\":\"https:\\\/\\\/elcrochetderose.com\\\/wp-content\\\/uploads\\\/2024\\\/07\\\/cropped-logo-mostaza-el-crochet-de-rose.png\",\"width\":266,\"height\":80,\"caption\":\"El crochet de Rose\"},\"image\":{\"@id\":\"https:\\\/\\\/elcrochetderose.com\\\/#\\\/schema\\\/logo\\\/image\\\/\"}}]}<\/script>\n<!-- \/ Yoast SEO plugin. -->","yoast_head_json":{"title":"Ama la lana - Ruggine 100GR - El crochet de Rose","description":"Descubre el hilo Ruggine de la colecci\u00f3n Ama la Lana de Casasol. Con su c\u00e1lida tonalidad, este hilo es perfecto para quienes buscan un toque sofisticado","robots":{"index":"index","follow":"follow","max-snippet":"max-snippet:-1","max-image-preview":"max-image-preview:large","max-video-preview":"max-video-preview:-1"},"canonical":"https:\/\/elcrochetderose.com\/?product=heavy-sound-travel-speaker","og_locale":"es_ES","og_type":"article","og_title":"Ama la lana - Ruggine 100GR - El crochet de Rose","og_description":"Descubre el hilo Ruggine de la colecci\u00f3n Ama la Lana de Casasol. Con su c\u00e1lida tonalidad, este hilo es perfecto para quienes buscan un toque sofisticado","og_url":"https:\/\/elcrochetderose.com\/?product=heavy-sound-travel-speaker","og_site_name":"El crochet de Rose","article_modified_time":"2024-10-19T21:27:33+00:00","og_image":[{"width":1800,"height":1800,"url":"https:\/\/elcrochetderose.com\/wp-content\/uploads\/2019\/07\/ama-la-lana-ruggine.jpg","type":"image\/jpeg"}],"twitter_card":"summary_large_image","twitter_misc":{"Tiempo de lectura":"1 minuto"},"schema":{"@context":"https:\/\/schema.org","@graph":[{"@type":"WebPage","@id":"https:\/\/elcrochetderose.com\/?product=heavy-sound-travel-speaker","url":"https:\/\/elcrochetderose.com\/?product=heavy-sound-travel-speaker","name":"Ama la lana - Ruggine 100GR - El crochet de Rose","isPartOf":{"@id":"https:\/\/elcrochetderose.com\/#website"},"primaryImageOfPage":{"@id":"https:\/\/elcrochetderose.com\/?product=heavy-sound-travel-speaker#primaryimage"},"image":{"@id":"https:\/\/elcrochetderose.com\/?product=heavy-sound-travel-speaker#primaryimage"},"thumbnailUrl":"https:\/\/elcrochetderose.com\/wp-content\/uploads\/2019\/07\/ama-la-lana-ruggine.jpg","datePublished":"2024-09-23T17:56:37+00:00","dateModified":"2024-10-19T21:27:33+00:00","description":"Descubre el hilo Ruggine de la colecci\u00f3n Ama la Lana de Casasol. Con su c\u00e1lida tonalidad, este hilo es perfecto para quienes buscan un toque sofisticado","breadcrumb":{"@id":"https:\/\/elcrochetderose.com\/?product=heavy-sound-travel-speaker#breadcrumb"},"inLanguage":"es","potentialAction":[{"@type":"ReadAction","target":["https:\/\/elcrochetderose.com\/?product=heavy-sound-travel-speaker"]}]},{"@type":"ImageObject","inLanguage":"es","@id":"https:\/\/elcrochetderose.com\/?product=heavy-sound-travel-speaker#primaryimage","url":"https:\/\/elcrochetderose.com\/wp-content\/uploads\/2019\/07\/ama-la-lana-ruggine.jpg","contentUrl":"https:\/\/elcrochetderose.com\/wp-content\/uploads\/2019\/07\/ama-la-lana-ruggine.jpg","width":1800,"height":1800,"caption":"Conoce nuestro hilo ruggine de la colecci\u00f3n Ama la lana de Casasol"},{"@type":"BreadcrumbList","@id":"https:\/\/elcrochetderose.com\/?product=heavy-sound-travel-speaker#breadcrumb","itemListElement":[{"@type":"ListItem","position":1,"name":"Home","item":"https:\/\/elcrochetderose.com\/"},{"@type":"ListItem","position":2,"name":"Tienda de crochet","item":"https:\/\/elcrochetderose.com\/?page_id=1734"},{"@type":"ListItem","position":3,"name":"Ama la lana &#8211; Ruggine 100GR"}]},{"@type":"WebSite","@id":"https:\/\/elcrochetderose.com\/#website","url":"https:\/\/elcrochetderose.com\/","name":"El crochet de Rose","description":"","publisher":{"@id":"https:\/\/elcrochetderose.com\/#organization"},"potentialAction":[{"@type":"SearchAction","target":{"@type":"EntryPoint","urlTemplate":"https:\/\/elcrochetderose.com\/?s={search_term_string}"},"query-input":{"@type":"PropertyValueSpecification","valueRequired":true,"valueName":"search_term_string"}}],"inLanguage":"es"},{"@type":"Organization","@id":"https:\/\/elcrochetderose.com\/#organization","name":"El crochet de Rose","url":"https:\/\/elcrochetderose.com\/","logo":{"@type":"ImageObject","inLanguage":"es","@id":"https:\/\/elcrochetderose.com\/#\/schema\/logo\/image\/","url":"https:\/\/elcrochetderose.com\/wp-content\/uploads\/2024\/07\/cropped-logo-mostaza-el-crochet-de-rose.png","contentUrl":"https:\/\/elcrochetderose.com\/wp-content\/uploads\/2024\/07\/cropped-logo-mostaza-el-crochet-de-rose.png","width":266,"height":80,"caption":"El crochet de Rose"},"image":{"@id":"https:\/\/elcrochetderose.com\/#\/schema\/logo\/image\/"}}]}},"_links":{"self":[{"href":"https:\/\/elcrochetderose.com\/index.php?rest_route=\/wp\/v2\/product\/313","targetHints":{"allow":["GET"]}}],"collection":[{"href":"https:\/\/elcrochetderose.com\/index.php?rest_route=\/wp\/v2\/product"}],"about":[{"href":"https:\/\/elcrochetderose.com\/index.php?rest_route=\/wp\/v2\/types\/product"}],"replies":[{"embeddable":true,"href":"https:\/\/elcrochetderose.com\/index.php?rest_route=%2Fwp%2Fv2%2Fcomments&post=313"}],"wp:featuredmedia":[{"embeddable":true,"href":"https:\/\/elcrochetderose.com\/index.php?rest_route=\/wp\/v2\/media\/2341"}],"wp:attachment":[{"href":"https:\/\/elcrochetderose.com\/index.php?rest_route=%2Fwp%2Fv2%2Fmedia&parent=313"}],"wp:term":[{"taxonomy":"product_brand","embeddable":true,"href":"https:\/\/elcrochetderose.com\/index.php?rest_route=%2Fwp%2Fv2%2Fproduct_brand&post=313"},{"taxonomy":"product_cat","embeddable":true,"href":"https:\/\/elcrochetderose.com\/index.php?rest_route=%2Fwp%2Fv2%2Fproduct_cat&post=313"},{"taxonomy":"product_tag","embeddable":true,"href":"https:\/\/elcrochetderose.com\/index.php?rest_route=%2Fwp%2Fv2%2Fproduct_tag&post=313"}],"curies":[{"name":"wp","href":"https:\/\/api.w.org\/{rel}","templated":true}]}}