{"id":3162,"date":"2025-10-07T12:03:05","date_gmt":"2025-10-07T10:03:05","guid":{"rendered":"https:\/\/elcrochetderose.com\/?post_type=product&#038;p=3162"},"modified":"2025-10-07T12:07:42","modified_gmt":"2025-10-07T10:07:42","slug":"taller-de-casita-de-calabacita","status":"publish","type":"product","link":"https:\/\/elcrochetderose.com\/?product=taller-de-casita-de-calabacita","title":{"rendered":"Taller de casita de Calabacita"},"content":{"rendered":"<h2>Taller de Halloween<\/h2>\r\n<p>Tejemos una casa de calabacita<\/p>\r\n\r\n<p><strong>Espacio:<\/strong> Estudio Francesc Maci\u00e0 7, 2B. Edificio Snipes Plaza Sant Joan, Lleida. (m\u00e1ximo 6 personas, si se inscriben m\u00e1s abrimos otro d\u00eda).<\/p>\r\n<p><strong>D\u00eda: <\/strong>14,21 y 28 de octubre<\/p>\r\n<p><strong>Horario:<\/strong> de 18-20h<\/p>\r\n\r\n\r\n\r\n\r\n\r\n<p><strong>Precio:<\/strong> 50 euros.<\/p>\r\n<p><strong>Incluye<\/strong>: Material (Excepto ganchillo), coffe break y 6 horas de muy buen ambiente<\/p>\r\n","protected":false},"excerpt":{"rendered":"<h2>Taller de Halloween<\/h2>\n<p>Tejemos una casa de calabacita<\/p>\n<p><!-- wp:paragraph --><\/p>\n<p><strong>Espacio:<\/strong> Estudio Francesc Maci\u00e0 7, 2B. Edificio Snipes Plaza Sant Joan, Lleida. (m\u00e1ximo 6 personas, si se inscriben m\u00e1s abrimos otro d\u00eda).<\/p>\n<p><strong>D\u00eda: <\/strong>14,21 y 28 de octubre<\/p>\n<p><strong>Horario:<\/strong> de 18-20h<\/p>\n<p><!-- \/wp:paragraph --><\/p>\n<p><!-- wp:paragraph --><!-- \/wp:paragraph --><\/p>\n<p><!-- wp:paragraph --><\/p>\n<p><strong>Precio:<\/strong> 50 euros.<\/p>\n<p><strong>Incluye<\/strong>: Material (Excepto ganchillo), coffe break y 6 horas de muy buen ambiente<\/p>\n","protected":false},"featured_media":3175,"comment_status":"open","ping_status":"closed","template":"","meta":[],"product_brand":[],"product_cat":[71],"product_tag":[95,85,87,86,88,89],"class_list":{"0":"post-3162","1":"product","2":"type-product","3":"status-publish","4":"has-post-thumbnail","6":"product_cat-talleres-de-crochet-en-lleida","7":"product_tag-calabacita","8":"product_tag-calaverita","9":"product_tag-clases-de-crochet","10":"product_tag-dia-de-muertos","11":"product_tag-taller-de-crochet","12":"product_tag-taller-de-dia-de-muertos","14":"first","15":"instock","16":"taxable","17":"shipping-taxable","18":"purchasable","19":"product-type-simple"},"yoast_head":"<!-- This site is optimized with the Yoast SEO plugin v27.3 - https:\/\/yoast.com\/product\/yoast-seo-wordpress\/ -->\n<title>Taller de coronas de crochet en Lleida El crochet de Rose<\/title>\n<meta name=\"description\" content=\"No te pierdas mi taller de coronas de crochet para la casta\u00f1ada. El mejor taller de crochet en Lleida en el que podr\u00e1s tejer una corona con bolets y hojas.\" \/>\n<meta name=\"robots\" content=\"index, follow, max-snippet:-1, max-image-preview:large, max-video-preview:-1\" \/>\n<link rel=\"canonical\" href=\"https:\/\/elcrochetderose.com\/?product=taller-de-casita-de-calabacita\" \/>\n<meta property=\"og:locale\" content=\"es_ES\" \/>\n<meta property=\"og:type\" content=\"article\" \/>\n<meta property=\"og:title\" content=\"Taller de coronas de crochet en Lleida El crochet de Rose\" \/>\n<meta property=\"og:description\" content=\"No te pierdas mi taller de coronas de crochet para la casta\u00f1ada. El mejor taller de crochet en Lleida en el que podr\u00e1s tejer una corona con bolets y hojas.\" \/>\n<meta property=\"og:url\" content=\"https:\/\/elcrochetderose.com\/?product=taller-de-casita-de-calabacita\" \/>\n<meta property=\"og:site_name\" content=\"El crochet de Rose\" \/>\n<meta property=\"article:modified_time\" content=\"2025-10-07T10:07:42+00:00\" \/>\n<meta property=\"og:image\" content=\"https:\/\/elcrochetderose.com\/wp-content\/uploads\/2025\/10\/CALABAZA_12.jpg\" \/>\n\t<meta property=\"og:image:width\" content=\"800\" \/>\n\t<meta property=\"og:image:height\" content=\"800\" \/>\n\t<meta property=\"og:image:type\" content=\"image\/jpeg\" \/>\n<meta name=\"twitter:card\" content=\"summary_large_image\" \/>\n<meta name=\"twitter:label1\" content=\"Tiempo de lectura\" \/>\n\t<meta name=\"twitter:data1\" content=\"1 minuto\" \/>\n<script type=\"application\/ld+json\" class=\"yoast-schema-graph\">{\"@context\":\"https:\\\/\\\/schema.org\",\"@graph\":[{\"@type\":\"WebPage\",\"@id\":\"https:\\\/\\\/elcrochetderose.com\\\/?product=taller-de-casita-de-calabacita\",\"url\":\"https:\\\/\\\/elcrochetderose.com\\\/?product=taller-de-casita-de-calabacita\",\"name\":\"Taller de coronas de crochet en Lleida El crochet de Rose\",\"isPartOf\":{\"@id\":\"https:\\\/\\\/elcrochetderose.com\\\/#website\"},\"primaryImageOfPage\":{\"@id\":\"https:\\\/\\\/elcrochetderose.com\\\/?product=taller-de-casita-de-calabacita#primaryimage\"},\"image\":{\"@id\":\"https:\\\/\\\/elcrochetderose.com\\\/?product=taller-de-casita-de-calabacita#primaryimage\"},\"thumbnailUrl\":\"https:\\\/\\\/elcrochetderose.com\\\/wp-content\\\/uploads\\\/2025\\\/10\\\/CALABAZA_12.jpg\",\"datePublished\":\"2025-10-07T10:03:05+00:00\",\"dateModified\":\"2025-10-07T10:07:42+00:00\",\"description\":\"No te pierdas mi taller de coronas de crochet para la casta\u00f1ada. El mejor taller de crochet en Lleida en el que podr\u00e1s tejer una corona con bolets y hojas.\",\"breadcrumb\":{\"@id\":\"https:\\\/\\\/elcrochetderose.com\\\/?product=taller-de-casita-de-calabacita#breadcrumb\"},\"inLanguage\":\"es\",\"potentialAction\":[{\"@type\":\"ReadAction\",\"target\":[\"https:\\\/\\\/elcrochetderose.com\\\/?product=taller-de-casita-de-calabacita\"]}]},{\"@type\":\"ImageObject\",\"inLanguage\":\"es\",\"@id\":\"https:\\\/\\\/elcrochetderose.com\\\/?product=taller-de-casita-de-calabacita#primaryimage\",\"url\":\"https:\\\/\\\/elcrochetderose.com\\\/wp-content\\\/uploads\\\/2025\\\/10\\\/CALABAZA_12.jpg\",\"contentUrl\":\"https:\\\/\\\/elcrochetderose.com\\\/wp-content\\\/uploads\\\/2025\\\/10\\\/CALABAZA_12.jpg\",\"width\":800,\"height\":800},{\"@type\":\"BreadcrumbList\",\"@id\":\"https:\\\/\\\/elcrochetderose.com\\\/?product=taller-de-casita-de-calabacita#breadcrumb\",\"itemListElement\":[{\"@type\":\"ListItem\",\"position\":1,\"name\":\"Home\",\"item\":\"https:\\\/\\\/elcrochetderose.com\\\/\"},{\"@type\":\"ListItem\",\"position\":2,\"name\":\"Tienda de crochet\",\"item\":\"https:\\\/\\\/elcrochetderose.com\\\/?page_id=1734\"},{\"@type\":\"ListItem\",\"position\":3,\"name\":\"Taller de casita de Calabacita\"}]},{\"@type\":\"WebSite\",\"@id\":\"https:\\\/\\\/elcrochetderose.com\\\/#website\",\"url\":\"https:\\\/\\\/elcrochetderose.com\\\/\",\"name\":\"El crochet de Rose\",\"description\":\"\",\"publisher\":{\"@id\":\"https:\\\/\\\/elcrochetderose.com\\\/#organization\"},\"potentialAction\":[{\"@type\":\"SearchAction\",\"target\":{\"@type\":\"EntryPoint\",\"urlTemplate\":\"https:\\\/\\\/elcrochetderose.com\\\/?s={search_term_string}\"},\"query-input\":{\"@type\":\"PropertyValueSpecification\",\"valueRequired\":true,\"valueName\":\"search_term_string\"}}],\"inLanguage\":\"es\"},{\"@type\":\"Organization\",\"@id\":\"https:\\\/\\\/elcrochetderose.com\\\/#organization\",\"name\":\"El crochet de Rose\",\"url\":\"https:\\\/\\\/elcrochetderose.com\\\/\",\"logo\":{\"@type\":\"ImageObject\",\"inLanguage\":\"es\",\"@id\":\"https:\\\/\\\/elcrochetderose.com\\\/#\\\/schema\\\/logo\\\/image\\\/\",\"url\":\"https:\\\/\\\/elcrochetderose.com\\\/wp-content\\\/uploads\\\/2024\\\/07\\\/cropped-logo-mostaza-el-crochet-de-rose.png\",\"contentUrl\":\"https:\\\/\\\/elcrochetderose.com\\\/wp-content\\\/uploads\\\/2024\\\/07\\\/cropped-logo-mostaza-el-crochet-de-rose.png\",\"width\":266,\"height\":80,\"caption\":\"El crochet de Rose\"},\"image\":{\"@id\":\"https:\\\/\\\/elcrochetderose.com\\\/#\\\/schema\\\/logo\\\/image\\\/\"}}]}<\/script>\n<!-- \/ Yoast SEO plugin. -->","yoast_head_json":{"title":"Taller de coronas de crochet en Lleida El crochet de Rose","description":"No te pierdas mi taller de coronas de crochet para la casta\u00f1ada. El mejor taller de crochet en Lleida en el que podr\u00e1s tejer una corona con bolets y hojas.","robots":{"index":"index","follow":"follow","max-snippet":"max-snippet:-1","max-image-preview":"max-image-preview:large","max-video-preview":"max-video-preview:-1"},"canonical":"https:\/\/elcrochetderose.com\/?product=taller-de-casita-de-calabacita","og_locale":"es_ES","og_type":"article","og_title":"Taller de coronas de crochet en Lleida El crochet de Rose","og_description":"No te pierdas mi taller de coronas de crochet para la casta\u00f1ada. El mejor taller de crochet en Lleida en el que podr\u00e1s tejer una corona con bolets y hojas.","og_url":"https:\/\/elcrochetderose.com\/?product=taller-de-casita-de-calabacita","og_site_name":"El crochet de Rose","article_modified_time":"2025-10-07T10:07:42+00:00","og_image":[{"width":800,"height":800,"url":"https:\/\/elcrochetderose.com\/wp-content\/uploads\/2025\/10\/CALABAZA_12.jpg","type":"image\/jpeg"}],"twitter_card":"summary_large_image","twitter_misc":{"Tiempo de lectura":"1 minuto"},"schema":{"@context":"https:\/\/schema.org","@graph":[{"@type":"WebPage","@id":"https:\/\/elcrochetderose.com\/?product=taller-de-casita-de-calabacita","url":"https:\/\/elcrochetderose.com\/?product=taller-de-casita-de-calabacita","name":"Taller de coronas de crochet en Lleida El crochet de Rose","isPartOf":{"@id":"https:\/\/elcrochetderose.com\/#website"},"primaryImageOfPage":{"@id":"https:\/\/elcrochetderose.com\/?product=taller-de-casita-de-calabacita#primaryimage"},"image":{"@id":"https:\/\/elcrochetderose.com\/?product=taller-de-casita-de-calabacita#primaryimage"},"thumbnailUrl":"https:\/\/elcrochetderose.com\/wp-content\/uploads\/2025\/10\/CALABAZA_12.jpg","datePublished":"2025-10-07T10:03:05+00:00","dateModified":"2025-10-07T10:07:42+00:00","description":"No te pierdas mi taller de coronas de crochet para la casta\u00f1ada. El mejor taller de crochet en Lleida en el que podr\u00e1s tejer una corona con bolets y hojas.","breadcrumb":{"@id":"https:\/\/elcrochetderose.com\/?product=taller-de-casita-de-calabacita#breadcrumb"},"inLanguage":"es","potentialAction":[{"@type":"ReadAction","target":["https:\/\/elcrochetderose.com\/?product=taller-de-casita-de-calabacita"]}]},{"@type":"ImageObject","inLanguage":"es","@id":"https:\/\/elcrochetderose.com\/?product=taller-de-casita-de-calabacita#primaryimage","url":"https:\/\/elcrochetderose.com\/wp-content\/uploads\/2025\/10\/CALABAZA_12.jpg","contentUrl":"https:\/\/elcrochetderose.com\/wp-content\/uploads\/2025\/10\/CALABAZA_12.jpg","width":800,"height":800},{"@type":"BreadcrumbList","@id":"https:\/\/elcrochetderose.com\/?product=taller-de-casita-de-calabacita#breadcrumb","itemListElement":[{"@type":"ListItem","position":1,"name":"Home","item":"https:\/\/elcrochetderose.com\/"},{"@type":"ListItem","position":2,"name":"Tienda de crochet","item":"https:\/\/elcrochetderose.com\/?page_id=1734"},{"@type":"ListItem","position":3,"name":"Taller de casita de Calabacita"}]},{"@type":"WebSite","@id":"https:\/\/elcrochetderose.com\/#website","url":"https:\/\/elcrochetderose.com\/","name":"El crochet de Rose","description":"","publisher":{"@id":"https:\/\/elcrochetderose.com\/#organization"},"potentialAction":[{"@type":"SearchAction","target":{"@type":"EntryPoint","urlTemplate":"https:\/\/elcrochetderose.com\/?s={search_term_string}"},"query-input":{"@type":"PropertyValueSpecification","valueRequired":true,"valueName":"search_term_string"}}],"inLanguage":"es"},{"@type":"Organization","@id":"https:\/\/elcrochetderose.com\/#organization","name":"El crochet de Rose","url":"https:\/\/elcrochetderose.com\/","logo":{"@type":"ImageObject","inLanguage":"es","@id":"https:\/\/elcrochetderose.com\/#\/schema\/logo\/image\/","url":"https:\/\/elcrochetderose.com\/wp-content\/uploads\/2024\/07\/cropped-logo-mostaza-el-crochet-de-rose.png","contentUrl":"https:\/\/elcrochetderose.com\/wp-content\/uploads\/2024\/07\/cropped-logo-mostaza-el-crochet-de-rose.png","width":266,"height":80,"caption":"El crochet de Rose"},"image":{"@id":"https:\/\/elcrochetderose.com\/#\/schema\/logo\/image\/"}}]}},"_links":{"self":[{"href":"https:\/\/elcrochetderose.com\/index.php?rest_route=\/wp\/v2\/product\/3162","targetHints":{"allow":["GET"]}}],"collection":[{"href":"https:\/\/elcrochetderose.com\/index.php?rest_route=\/wp\/v2\/product"}],"about":[{"href":"https:\/\/elcrochetderose.com\/index.php?rest_route=\/wp\/v2\/types\/product"}],"replies":[{"embeddable":true,"href":"https:\/\/elcrochetderose.com\/index.php?rest_route=%2Fwp%2Fv2%2Fcomments&post=3162"}],"wp:featuredmedia":[{"embeddable":true,"href":"https:\/\/elcrochetderose.com\/index.php?rest_route=\/wp\/v2\/media\/3175"}],"wp:attachment":[{"href":"https:\/\/elcrochetderose.com\/index.php?rest_route=%2Fwp%2Fv2%2Fmedia&parent=3162"}],"wp:term":[{"taxonomy":"product_brand","embeddable":true,"href":"https:\/\/elcrochetderose.com\/index.php?rest_route=%2Fwp%2Fv2%2Fproduct_brand&post=3162"},{"taxonomy":"product_cat","embeddable":true,"href":"https:\/\/elcrochetderose.com\/index.php?rest_route=%2Fwp%2Fv2%2Fproduct_cat&post=3162"},{"taxonomy":"product_tag","embeddable":true,"href":"https:\/\/elcrochetderose.com\/index.php?rest_route=%2Fwp%2Fv2%2Fproduct_tag&post=3162"}],"curies":[{"name":"wp","href":"https:\/\/api.w.org\/{rel}","templated":true}]}}