{"id":3299,"date":"2026-03-31T08:40:03","date_gmt":"2026-03-31T06:40:03","guid":{"rendered":"https:\/\/elcrochetderose.com\/?post_type=product&#038;p=3299"},"modified":"2026-03-31T09:31:13","modified_gmt":"2026-03-31T07:31:13","slug":"conejo-de-pascua","status":"publish","type":"product","link":"https:\/\/elcrochetderose.com\/?product=conejo-de-pascua","title":{"rendered":"Taller de Pascua \u00abConejo de Pascua\u00bb"},"content":{"rendered":"<p>Tejemos un conejo de pascua lleno de diversi\u00f3n<\/p>\r\n<h2>Taller de Pascua \u00abConejo de Pascua\u00bb<\/h2>\r\n\r\n<p><strong>Opci\u00f3n 1<\/strong><\/p>\r\n<p><strong>D\u00edas<\/strong>:\u00a0 S\u00e1bados 21 y 28 de marzo 2026<\/p>\r\n<p><strong>Horario: <\/strong>17h-20h<\/p>\r\n<p><strong>Opci\u00f3n 2<\/strong><\/p>\r\n<p><strong>D\u00edas<\/strong>:\u00a0 Martes 24 y 31 de marzo 2026<\/p>\r\n<p><strong>Horario: <\/strong>17h-20h<\/p>\r\n<p>&nbsp;<\/p>\r\n\r\n\r\n\r\n<p><strong>Espacio:<\/strong> Estudio Francesc Maci\u00e0 7, 2B. Edificio Snipes Plaza Sant Joan, Lleida. (m\u00e1ximo 5 personas, si se inscriben m\u00e1s abrimos otro d\u00eda).<\/p>\r\n\r\n\r\n\r\n<p><strong>Precio:<\/strong> 60 euros\u00a0<\/p>\r\n<p><strong>Incluye<\/strong>: Material, (Excepto ganchillos), coffee break y 6 horas de muy buen ambiente<\/p>\r\n<p>&nbsp;<\/p>\r\n","protected":false},"excerpt":{"rendered":"<p>Tejemos un conejo de pascua lleno de diversi\u00f3n<\/p>\n<h2>Taller de Pascua \u00abConejo de Pascua\u00bb<\/h2>\n<p><!-- wp:paragraph --><\/p>\n<p><strong>Opci\u00f3n 1<\/strong><\/p>\n<p><strong>D\u00edas<\/strong>:\u00a0 S\u00e1bados 21 y 28 de marzo 2026<\/p>\n<p><strong>Horario: <\/strong>17h-20h<\/p>\n<p><strong>Opci\u00f3n 2<\/strong><\/p>\n<p><strong>D\u00edas<\/strong>:\u00a0 Martes 24 y 31 de marzo 2026<\/p>\n<p><strong>Horario: <\/strong>17h-20h<\/p>\n<p>&nbsp;<\/p>\n<p><!-- \/wp:paragraph --><\/p>\n<p><!-- wp:paragraph --><\/p>\n<p><strong>Espacio:<\/strong> Estudio Francesc Maci\u00e0 7, 2B. Edificio Snipes Plaza Sant Joan, Lleida. (m\u00e1ximo 5 personas, si se inscriben m\u00e1s abrimos otro d\u00eda).<\/p>\n<p><!-- \/wp:paragraph --><\/p>\n<p><!-- wp:paragraph --><\/p>\n<p><strong>Precio:<\/strong> 60 euros\u00a0<\/p>\n<p><strong>Incluye<\/strong>: Material, (Excepto ganchillos), coffee break y 6 horas de muy buen ambiente<\/p>\n","protected":false},"featured_media":3313,"comment_status":"open","ping_status":"closed","template":"","meta":[],"product_brand":[],"product_cat":[71],"product_tag":[106,107,110,109,75,105,76,108,104],"class_list":{"0":"post-3299","1":"product","2":"type-product","3":"status-publish","4":"has-post-thumbnail","6":"product_cat-talleres-de-crochet-en-lleida","7":"product_tag-amigurumi","8":"product_tag-amigurumis","9":"product_tag-conejo","10":"product_tag-conejopascua","11":"product_tag-crochet","12":"product_tag-cup-cake","13":"product_tag-ganchillo","14":"product_tag-ganxet","15":"product_tag-pascua","17":"first","18":"instock","19":"taxable","20":"shipping-taxable","21":"purchasable","22":"product-type-simple"},"yoast_head":"<!-- This site is optimized with the Yoast SEO plugin v27.3 - https:\/\/yoast.com\/product\/yoast-seo-wordpress\/ -->\n<title>Taller de Pascua &quot;Conejo de Pascua&quot; - El crochet de Rose Taller de Pascua<\/title>\n<meta name=\"description\" content=\"Celebra la Pascua con un taller de ganchillo en elcrochetderose donde dar forma a un conejo de crochet lleno de encanto y amor al crochet\" \/>\n<meta name=\"robots\" content=\"index, follow, max-snippet:-1, max-image-preview:large, max-video-preview:-1\" \/>\n<link rel=\"canonical\" href=\"https:\/\/elcrochetderose.com\/?product=conejo-de-pascua\" \/>\n<meta property=\"og:locale\" content=\"es_ES\" \/>\n<meta property=\"og:type\" content=\"article\" \/>\n<meta property=\"og:title\" content=\"Taller de Pascua &quot;Conejo de Pascua&quot; - El crochet de Rose Taller de Pascua\" \/>\n<meta property=\"og:description\" content=\"Celebra la Pascua con un taller de ganchillo en elcrochetderose donde dar forma a un conejo de crochet lleno de encanto y amor al crochet\" \/>\n<meta property=\"og:url\" content=\"https:\/\/elcrochetderose.com\/?product=conejo-de-pascua\" \/>\n<meta property=\"og:site_name\" content=\"El crochet de Rose\" \/>\n<meta property=\"article:modified_time\" content=\"2026-03-31T07:31:13+00:00\" \/>\n<meta property=\"og:image\" content=\"https:\/\/elcrochetderose.com\/wp-content\/uploads\/2026\/03\/CONEJO-DE-PASCUA_14.jpg\" \/>\n\t<meta property=\"og:image:width\" content=\"700\" \/>\n\t<meta property=\"og:image:height\" content=\"700\" \/>\n\t<meta property=\"og:image:type\" content=\"image\/jpeg\" \/>\n<meta name=\"twitter:card\" content=\"summary_large_image\" \/>\n<meta name=\"twitter:label1\" content=\"Tiempo de lectura\" \/>\n\t<meta name=\"twitter:data1\" content=\"1 minuto\" \/>\n<script type=\"application\/ld+json\" class=\"yoast-schema-graph\">{\"@context\":\"https:\\\/\\\/schema.org\",\"@graph\":[{\"@type\":\"WebPage\",\"@id\":\"https:\\\/\\\/elcrochetderose.com\\\/?product=conejo-de-pascua\",\"url\":\"https:\\\/\\\/elcrochetderose.com\\\/?product=conejo-de-pascua\",\"name\":\"Taller de Pascua \\\"Conejo de Pascua\\\" - El crochet de Rose Taller de Pascua\",\"isPartOf\":{\"@id\":\"https:\\\/\\\/elcrochetderose.com\\\/#website\"},\"primaryImageOfPage\":{\"@id\":\"https:\\\/\\\/elcrochetderose.com\\\/?product=conejo-de-pascua#primaryimage\"},\"image\":{\"@id\":\"https:\\\/\\\/elcrochetderose.com\\\/?product=conejo-de-pascua#primaryimage\"},\"thumbnailUrl\":\"https:\\\/\\\/elcrochetderose.com\\\/wp-content\\\/uploads\\\/2026\\\/03\\\/CONEJO-DE-PASCUA_14.jpg\",\"datePublished\":\"2026-03-31T06:40:03+00:00\",\"dateModified\":\"2026-03-31T07:31:13+00:00\",\"description\":\"Celebra la Pascua con un taller de ganchillo en elcrochetderose donde dar forma a un conejo de crochet lleno de encanto y amor al crochet\",\"breadcrumb\":{\"@id\":\"https:\\\/\\\/elcrochetderose.com\\\/?product=conejo-de-pascua#breadcrumb\"},\"inLanguage\":\"es\",\"potentialAction\":[{\"@type\":\"ReadAction\",\"target\":[\"https:\\\/\\\/elcrochetderose.com\\\/?product=conejo-de-pascua\"]}]},{\"@type\":\"ImageObject\",\"inLanguage\":\"es\",\"@id\":\"https:\\\/\\\/elcrochetderose.com\\\/?product=conejo-de-pascua#primaryimage\",\"url\":\"https:\\\/\\\/elcrochetderose.com\\\/wp-content\\\/uploads\\\/2026\\\/03\\\/CONEJO-DE-PASCUA_14.jpg\",\"contentUrl\":\"https:\\\/\\\/elcrochetderose.com\\\/wp-content\\\/uploads\\\/2026\\\/03\\\/CONEJO-DE-PASCUA_14.jpg\",\"width\":700,\"height\":700},{\"@type\":\"BreadcrumbList\",\"@id\":\"https:\\\/\\\/elcrochetderose.com\\\/?product=conejo-de-pascua#breadcrumb\",\"itemListElement\":[{\"@type\":\"ListItem\",\"position\":1,\"name\":\"Home\",\"item\":\"https:\\\/\\\/elcrochetderose.com\\\/\"},{\"@type\":\"ListItem\",\"position\":2,\"name\":\"Tienda de crochet\",\"item\":\"https:\\\/\\\/elcrochetderose.com\\\/?page_id=1734\"},{\"@type\":\"ListItem\",\"position\":3,\"name\":\"Taller de Pascua \u00abConejo de Pascua\u00bb\"}]},{\"@type\":\"WebSite\",\"@id\":\"https:\\\/\\\/elcrochetderose.com\\\/#website\",\"url\":\"https:\\\/\\\/elcrochetderose.com\\\/\",\"name\":\"El crochet de Rose\",\"description\":\"\",\"publisher\":{\"@id\":\"https:\\\/\\\/elcrochetderose.com\\\/#organization\"},\"potentialAction\":[{\"@type\":\"SearchAction\",\"target\":{\"@type\":\"EntryPoint\",\"urlTemplate\":\"https:\\\/\\\/elcrochetderose.com\\\/?s={search_term_string}\"},\"query-input\":{\"@type\":\"PropertyValueSpecification\",\"valueRequired\":true,\"valueName\":\"search_term_string\"}}],\"inLanguage\":\"es\"},{\"@type\":\"Organization\",\"@id\":\"https:\\\/\\\/elcrochetderose.com\\\/#organization\",\"name\":\"El crochet de Rose\",\"url\":\"https:\\\/\\\/elcrochetderose.com\\\/\",\"logo\":{\"@type\":\"ImageObject\",\"inLanguage\":\"es\",\"@id\":\"https:\\\/\\\/elcrochetderose.com\\\/#\\\/schema\\\/logo\\\/image\\\/\",\"url\":\"https:\\\/\\\/elcrochetderose.com\\\/wp-content\\\/uploads\\\/2024\\\/07\\\/cropped-logo-mostaza-el-crochet-de-rose.png\",\"contentUrl\":\"https:\\\/\\\/elcrochetderose.com\\\/wp-content\\\/uploads\\\/2024\\\/07\\\/cropped-logo-mostaza-el-crochet-de-rose.png\",\"width\":266,\"height\":80,\"caption\":\"El crochet de Rose\"},\"image\":{\"@id\":\"https:\\\/\\\/elcrochetderose.com\\\/#\\\/schema\\\/logo\\\/image\\\/\"}}]}<\/script>\n<!-- \/ Yoast SEO plugin. -->","yoast_head_json":{"title":"Taller de Pascua \"Conejo de Pascua\" - El crochet de Rose Taller de Pascua","description":"Celebra la Pascua con un taller de ganchillo en elcrochetderose donde dar forma a un conejo de crochet lleno de encanto y amor al crochet","robots":{"index":"index","follow":"follow","max-snippet":"max-snippet:-1","max-image-preview":"max-image-preview:large","max-video-preview":"max-video-preview:-1"},"canonical":"https:\/\/elcrochetderose.com\/?product=conejo-de-pascua","og_locale":"es_ES","og_type":"article","og_title":"Taller de Pascua \"Conejo de Pascua\" - El crochet de Rose Taller de Pascua","og_description":"Celebra la Pascua con un taller de ganchillo en elcrochetderose donde dar forma a un conejo de crochet lleno de encanto y amor al crochet","og_url":"https:\/\/elcrochetderose.com\/?product=conejo-de-pascua","og_site_name":"El crochet de Rose","article_modified_time":"2026-03-31T07:31:13+00:00","og_image":[{"width":700,"height":700,"url":"https:\/\/elcrochetderose.com\/wp-content\/uploads\/2026\/03\/CONEJO-DE-PASCUA_14.jpg","type":"image\/jpeg"}],"twitter_card":"summary_large_image","twitter_misc":{"Tiempo de lectura":"1 minuto"},"schema":{"@context":"https:\/\/schema.org","@graph":[{"@type":"WebPage","@id":"https:\/\/elcrochetderose.com\/?product=conejo-de-pascua","url":"https:\/\/elcrochetderose.com\/?product=conejo-de-pascua","name":"Taller de Pascua \"Conejo de Pascua\" - El crochet de Rose Taller de Pascua","isPartOf":{"@id":"https:\/\/elcrochetderose.com\/#website"},"primaryImageOfPage":{"@id":"https:\/\/elcrochetderose.com\/?product=conejo-de-pascua#primaryimage"},"image":{"@id":"https:\/\/elcrochetderose.com\/?product=conejo-de-pascua#primaryimage"},"thumbnailUrl":"https:\/\/elcrochetderose.com\/wp-content\/uploads\/2026\/03\/CONEJO-DE-PASCUA_14.jpg","datePublished":"2026-03-31T06:40:03+00:00","dateModified":"2026-03-31T07:31:13+00:00","description":"Celebra la Pascua con un taller de ganchillo en elcrochetderose donde dar forma a un conejo de crochet lleno de encanto y amor al crochet","breadcrumb":{"@id":"https:\/\/elcrochetderose.com\/?product=conejo-de-pascua#breadcrumb"},"inLanguage":"es","potentialAction":[{"@type":"ReadAction","target":["https:\/\/elcrochetderose.com\/?product=conejo-de-pascua"]}]},{"@type":"ImageObject","inLanguage":"es","@id":"https:\/\/elcrochetderose.com\/?product=conejo-de-pascua#primaryimage","url":"https:\/\/elcrochetderose.com\/wp-content\/uploads\/2026\/03\/CONEJO-DE-PASCUA_14.jpg","contentUrl":"https:\/\/elcrochetderose.com\/wp-content\/uploads\/2026\/03\/CONEJO-DE-PASCUA_14.jpg","width":700,"height":700},{"@type":"BreadcrumbList","@id":"https:\/\/elcrochetderose.com\/?product=conejo-de-pascua#breadcrumb","itemListElement":[{"@type":"ListItem","position":1,"name":"Home","item":"https:\/\/elcrochetderose.com\/"},{"@type":"ListItem","position":2,"name":"Tienda de crochet","item":"https:\/\/elcrochetderose.com\/?page_id=1734"},{"@type":"ListItem","position":3,"name":"Taller de Pascua \u00abConejo de Pascua\u00bb"}]},{"@type":"WebSite","@id":"https:\/\/elcrochetderose.com\/#website","url":"https:\/\/elcrochetderose.com\/","name":"El crochet de Rose","description":"","publisher":{"@id":"https:\/\/elcrochetderose.com\/#organization"},"potentialAction":[{"@type":"SearchAction","target":{"@type":"EntryPoint","urlTemplate":"https:\/\/elcrochetderose.com\/?s={search_term_string}"},"query-input":{"@type":"PropertyValueSpecification","valueRequired":true,"valueName":"search_term_string"}}],"inLanguage":"es"},{"@type":"Organization","@id":"https:\/\/elcrochetderose.com\/#organization","name":"El crochet de Rose","url":"https:\/\/elcrochetderose.com\/","logo":{"@type":"ImageObject","inLanguage":"es","@id":"https:\/\/elcrochetderose.com\/#\/schema\/logo\/image\/","url":"https:\/\/elcrochetderose.com\/wp-content\/uploads\/2024\/07\/cropped-logo-mostaza-el-crochet-de-rose.png","contentUrl":"https:\/\/elcrochetderose.com\/wp-content\/uploads\/2024\/07\/cropped-logo-mostaza-el-crochet-de-rose.png","width":266,"height":80,"caption":"El crochet de Rose"},"image":{"@id":"https:\/\/elcrochetderose.com\/#\/schema\/logo\/image\/"}}]}},"_links":{"self":[{"href":"https:\/\/elcrochetderose.com\/index.php?rest_route=\/wp\/v2\/product\/3299","targetHints":{"allow":["GET"]}}],"collection":[{"href":"https:\/\/elcrochetderose.com\/index.php?rest_route=\/wp\/v2\/product"}],"about":[{"href":"https:\/\/elcrochetderose.com\/index.php?rest_route=\/wp\/v2\/types\/product"}],"replies":[{"embeddable":true,"href":"https:\/\/elcrochetderose.com\/index.php?rest_route=%2Fwp%2Fv2%2Fcomments&post=3299"}],"wp:featuredmedia":[{"embeddable":true,"href":"https:\/\/elcrochetderose.com\/index.php?rest_route=\/wp\/v2\/media\/3313"}],"wp:attachment":[{"href":"https:\/\/elcrochetderose.com\/index.php?rest_route=%2Fwp%2Fv2%2Fmedia&parent=3299"}],"wp:term":[{"taxonomy":"product_brand","embeddable":true,"href":"https:\/\/elcrochetderose.com\/index.php?rest_route=%2Fwp%2Fv2%2Fproduct_brand&post=3299"},{"taxonomy":"product_cat","embeddable":true,"href":"https:\/\/elcrochetderose.com\/index.php?rest_route=%2Fwp%2Fv2%2Fproduct_cat&post=3299"},{"taxonomy":"product_tag","embeddable":true,"href":"https:\/\/elcrochetderose.com\/index.php?rest_route=%2Fwp%2Fv2%2Fproduct_tag&post=3299"}],"curies":[{"name":"wp","href":"https:\/\/api.w.org\/{rel}","templated":true}]}}