{"id":3434,"date":"2026-03-31T13:48:02","date_gmt":"2026-03-31T11:48:02","guid":{"rendered":"https:\/\/elcrochetderose.com\/?post_type=product&#038;p=3434"},"modified":"2026-03-31T14:50:53","modified_gmt":"2026-03-31T12:50:53","slug":"taller-de-sant-jordi-pin-rosa","status":"publish","type":"product","link":"https:\/\/elcrochetderose.com\/?product=taller-de-sant-jordi-pin-rosa","title":{"rendered":"Taller de Sant Jordi \u00abPin Rosa\u00bb"},"content":{"rendered":"<p>Tejemos un pin de Rosa para festejar Sant Jordi<\/p>\r\n<h2>Taller de Sant Jordi \u00abPin de Rosa\u00bb<\/h2>\r\n<p><strong>Taller de Crochet \u00b7 Pin Rosa Artesanal<\/strong><\/p>\r\n<p>Descubre el encanto de las peque\u00f1as piezas tejidas a mano en este taller creativo donde aprender\u00e1s a realizar un delicado <strong>pin en forma de rosa de crochet<\/strong>. Una pieza elegante y vers\u00e1til que combina la suavidad del hilo con la estructura de un imperdible met\u00e1lico, perfecta para aportar un acento Sant Jordi, en este d\u00eda tan especial<\/p>\r\n<p>Durante el taller exploraremos paso a paso la construcci\u00f3n de la flor: desde la base del tejido hasta la formaci\u00f3n de los p\u00e9talos en espiral que dan volumen y car\u00e1cter a la rosa. Tambi\u00e9n aprender\u00e1s a crear la hoja que acompa\u00f1a la composici\u00f3n y a montar correctamente el broche para convertir la pieza en un accesorio funcional y duradero.<\/p>\r\n<p>Este proyecto est\u00e1 pensado para personas que disfrutan del crochet y desean realizar una pieza peque\u00f1a pero llena de detalle, ideal tanto para regalar como para incorporar a su propio estilo.<\/p>\r\n<p><strong>Qu\u00e9 aprender\u00e1s en el taller<\/strong><\/p>\r\n<ul>\r\n<li>\r\n<p>T\u00e9cnica para tejer una rosa en relieve con crochet<\/p>\r\n<\/li>\r\n<li>\r\n<p>Construcci\u00f3n de p\u00e9talos con forma natural<\/p>\r\n<\/li>\r\n<li>\r\n<p>Tejido de hojas decorativas<\/p>\r\n<\/li>\r\n<li>\r\n<p>Montaje del pin con imperdible de forma segura<\/p>\r\n<\/li>\r\n<li>\r\n<p>Consejos de acabado para lograr una pieza elegante y bien definida<\/p>\r\n<\/li>\r\n<\/ul>\r\n<p><strong>Nivel recomendado<\/strong><br \/>Apto para personas con conocimientos b\u00e1sicos de crochet que deseen perfeccionar su t\u00e9cnica y explorar nuevas formas tridimensionales.<\/p>\r\n<p>Si no sabes crochet, puedes asistir a este taller, ya que es un proyecto sencillo con tres puntos b\u00e1sicos, f\u00e1ciles de aprender<\/p>\r\n<p>Al finalizar el taller te llevar\u00e1s tu <strong>pin de rosa tejido a mano<\/strong>, una peque\u00f1a joya textil donde cada punto construye una flor \u00fanica. Un proyecto delicado que demuestra c\u00f3mo, a trav\u00e9s del hilo y la aguja, es posible crear piezas con identidad, textura y personalidad. \ud83c\udf39\ud83e\uddf6<\/p>\r\n\r\n<p><strong>Opci\u00f3n 1<\/strong><\/p>\r\n<p><strong>D\u00edas<\/strong>:\u00a0 Martes 7 y 14 de abril 2026<\/p>\r\n<p><strong>Horario: <\/strong>17h-19h<\/p>\r\n<p><strong>Opci\u00f3n 2<\/strong><\/p>\r\n<p><strong>D\u00edas<\/strong>:\u00a0 S\u00e1bados 11 y 18 de abril 2026<\/p>\r\n<p><strong>Horario: <\/strong>17h-19h<\/p>\r\n<p>&nbsp;<\/p>\r\n\r\n\r\n\r\n<p><strong>Espacio:<\/strong> Estudio Francesc Maci\u00e0 7, 2B. Edificio Snipes Plaza Sant Joan, Lleida. (m\u00e1ximo 5 personas, si se inscriben m\u00e1s abrimos otro d\u00eda).<\/p>\r\n\r\n\r\n\r\n<p><strong>Precio:<\/strong> 40 euros\u00a0<\/p>\r\n<p><strong>Incluye<\/strong>: Material para 3 pines, (Excepto ganchillos), coffee break y 4 horas de muy buen ambiente<\/p>\r\n<p>&nbsp;<\/p>\r\n","protected":false},"excerpt":{"rendered":"<p>Tejemos un pin de Rosa para festejar Sant Jordi<\/p>\n<h2>Taller de Sant Jordi \u00abPin de Rosa\u00bb<\/h2>\n<p><strong>Taller de Crochet \u00b7 Pin Rosa Artesanal<\/strong><\/p>\n<p>Descubre el encanto de las peque\u00f1as piezas tejidas a mano en este taller creativo donde aprender\u00e1s a realizar un delicado <strong>pin en forma de rosa de crochet<\/strong>. Una pieza elegante y vers\u00e1til que combina la suavidad del hilo con la estructura de un imperdible met\u00e1lico, perfecta para aportar un acento Sant Jordi, en este d\u00eda tan especial<\/p>\n<p>Durante el taller exploraremos paso a paso la construcci\u00f3n de la flor: desde la base del tejido hasta la formaci\u00f3n de los p\u00e9talos en espiral que dan volumen y car\u00e1cter a la rosa. Tambi\u00e9n aprender\u00e1s a crear la hoja que acompa\u00f1a la composici\u00f3n y a montar correctamente el broche para convertir la pieza en un accesorio funcional y duradero.<\/p>\n<p>Este proyecto est\u00e1 pensado para personas que disfrutan del crochet y desean realizar una pieza peque\u00f1a pero llena de detalle, ideal tanto para regalar como para incorporar a su propio estilo.<\/p>\n<p><strong>Qu\u00e9 aprender\u00e1s en el taller<\/strong><\/p>\n<ul>\n<li>\n<p>T\u00e9cnica para tejer una rosa en relieve con crochet<\/p>\n<\/li>\n<li>\n<p>Construcci\u00f3n de p\u00e9talos con forma natural<\/p>\n<\/li>\n<li>\n<p>Tejido de hojas decorativas<\/p>\n<\/li>\n<li>\n<p>Montaje del pin con imperdible de forma segura<\/p>\n<\/li>\n<li>\n<p>Consejos de acabado para lograr una pieza elegante y bien definida<\/p>\n<\/li>\n<\/ul>\n<p><strong>Nivel recomendado<\/strong><br \/>Apto para personas con conocimientos b\u00e1sicos de crochet que deseen perfeccionar su t\u00e9cnica y explorar nuevas formas tridimensionales.<\/p>\n<p>Si no sabes crochet, puedes asistir a este taller, ya que es un proyecto sencillo con tres puntos b\u00e1sicos, f\u00e1ciles de aprender<\/p>\n<p>Al finalizar el taller te llevar\u00e1s tu <strong>pin de rosa tejido a mano<\/strong>, una peque\u00f1a joya textil donde cada punto construye una flor \u00fanica. Un proyecto delicado que demuestra c\u00f3mo, a trav\u00e9s del hilo y la aguja, es posible crear piezas con identidad, textura y personalidad. \ud83c\udf39\ud83e\uddf6<\/p>\n<p><!-- wp:paragraph --><\/p>\n<p><strong>Opci\u00f3n 1<\/strong><\/p>\n<p><strong>D\u00edas<\/strong>:\u00a0 Martes 7 y 14 de abril 2026<\/p>\n<p><strong>Horario: <\/strong>17h-19h<\/p>\n<p><strong>Opci\u00f3n 2<\/strong><\/p>\n<p><strong>D\u00edas<\/strong>:\u00a0 S\u00e1bados 11 y 18 de abril 2026<\/p>\n<p><strong>Horario: <\/strong>17h-19h<\/p>\n<p>&nbsp;<\/p>\n<p><!-- \/wp:paragraph --><\/p>\n<p><!-- wp:paragraph --><\/p>\n<p><strong>Espacio:<\/strong> Estudio Francesc Maci\u00e0 7, 2B. Edificio Snipes Plaza Sant Joan, Lleida. (m\u00e1ximo 5 personas, si se inscriben m\u00e1s abrimos otro d\u00eda).<\/p>\n<p><!-- \/wp:paragraph --><\/p>\n<p><!-- wp:paragraph --><\/p>\n<p><strong>Precio:<\/strong> 40 euros\u00a0<\/p>\n<p><strong>Incluye<\/strong>: Material para 3 pines, (Excepto ganchillos), coffee break y 4 horas de muy buen ambiente<\/p>\n","protected":false},"featured_media":3444,"comment_status":"open","ping_status":"closed","template":"","meta":[],"product_brand":[74],"product_cat":[71],"product_tag":[106,107,75,76,108,115,113,114],"class_list":{"0":"post-3434","1":"product","2":"type-product","3":"status-publish","4":"has-post-thumbnail","6":"product_brand-casasol","7":"product_cat-talleres-de-crochet-en-lleida","8":"product_tag-amigurumi","9":"product_tag-amigurumis","10":"product_tag-crochet","11":"product_tag-ganchillo","12":"product_tag-ganxet","13":"product_tag-rosa-sant-jordi","14":"product_tag-sant-jordi","15":"product_tag-taller-crochet-sant-jordi","17":"first","18":"instock","19":"taxable","20":"shipping-taxable","21":"purchasable","22":"product-type-simple"},"yoast_head":"<!-- This site is optimized with the Yoast SEO plugin v27.3 - https:\/\/yoast.com\/product\/yoast-seo-wordpress\/ -->\n<title>Taller de Sant Jordi &quot;Pin Rosa&quot; - El crochet de Rose<\/title>\n<meta name=\"description\" content=\"Taller de crochet de Sant Jordi crear un elegante pin de rosa tejido a mano. Aprende a dar forma a p\u00e9talos y hojas delicadas, ideal para regalar\" \/>\n<meta name=\"robots\" content=\"index, follow, max-snippet:-1, max-image-preview:large, max-video-preview:-1\" \/>\n<link rel=\"canonical\" href=\"https:\/\/elcrochetderose.com\/?product=taller-de-sant-jordi-pin-rosa\" \/>\n<meta property=\"og:locale\" content=\"es_ES\" \/>\n<meta property=\"og:type\" content=\"article\" \/>\n<meta property=\"og:title\" content=\"Taller de Sant Jordi &quot;Pin Rosa&quot; - El crochet de Rose\" \/>\n<meta property=\"og:description\" content=\"Taller de crochet de Sant Jordi crear un elegante pin de rosa tejido a mano. Aprende a dar forma a p\u00e9talos y hojas delicadas, ideal para regalar\" \/>\n<meta property=\"og:url\" content=\"https:\/\/elcrochetderose.com\/?product=taller-de-sant-jordi-pin-rosa\" \/>\n<meta property=\"og:site_name\" content=\"El crochet de Rose\" \/>\n<meta property=\"article:modified_time\" content=\"2026-03-31T12:50:53+00:00\" \/>\n<meta property=\"og:image\" content=\"https:\/\/elcrochetderose.com\/wp-content\/uploads\/2026\/03\/PIN-ROSA_13.jpg\" \/>\n\t<meta property=\"og:image:width\" content=\"600\" \/>\n\t<meta property=\"og:image:height\" content=\"600\" \/>\n\t<meta property=\"og:image:type\" content=\"image\/jpeg\" \/>\n<meta name=\"twitter:card\" content=\"summary_large_image\" \/>\n<meta name=\"twitter:label1\" content=\"Tiempo de lectura\" \/>\n\t<meta name=\"twitter:data1\" content=\"2 minutos\" \/>\n<script type=\"application\/ld+json\" class=\"yoast-schema-graph\">{\"@context\":\"https:\\\/\\\/schema.org\",\"@graph\":[{\"@type\":\"WebPage\",\"@id\":\"https:\\\/\\\/elcrochetderose.com\\\/?product=taller-de-sant-jordi-pin-rosa\",\"url\":\"https:\\\/\\\/elcrochetderose.com\\\/?product=taller-de-sant-jordi-pin-rosa\",\"name\":\"Taller de Sant Jordi \\\"Pin Rosa\\\" - El crochet de Rose\",\"isPartOf\":{\"@id\":\"https:\\\/\\\/elcrochetderose.com\\\/#website\"},\"primaryImageOfPage\":{\"@id\":\"https:\\\/\\\/elcrochetderose.com\\\/?product=taller-de-sant-jordi-pin-rosa#primaryimage\"},\"image\":{\"@id\":\"https:\\\/\\\/elcrochetderose.com\\\/?product=taller-de-sant-jordi-pin-rosa#primaryimage\"},\"thumbnailUrl\":\"https:\\\/\\\/elcrochetderose.com\\\/wp-content\\\/uploads\\\/2026\\\/03\\\/PIN-ROSA_13.jpg\",\"datePublished\":\"2026-03-31T11:48:02+00:00\",\"dateModified\":\"2026-03-31T12:50:53+00:00\",\"description\":\"Taller de crochet de Sant Jordi crear un elegante pin de rosa tejido a mano. Aprende a dar forma a p\u00e9talos y hojas delicadas, ideal para regalar\",\"breadcrumb\":{\"@id\":\"https:\\\/\\\/elcrochetderose.com\\\/?product=taller-de-sant-jordi-pin-rosa#breadcrumb\"},\"inLanguage\":\"es\",\"potentialAction\":[{\"@type\":\"ReadAction\",\"target\":[\"https:\\\/\\\/elcrochetderose.com\\\/?product=taller-de-sant-jordi-pin-rosa\"]}]},{\"@type\":\"ImageObject\",\"inLanguage\":\"es\",\"@id\":\"https:\\\/\\\/elcrochetderose.com\\\/?product=taller-de-sant-jordi-pin-rosa#primaryimage\",\"url\":\"https:\\\/\\\/elcrochetderose.com\\\/wp-content\\\/uploads\\\/2026\\\/03\\\/PIN-ROSA_13.jpg\",\"contentUrl\":\"https:\\\/\\\/elcrochetderose.com\\\/wp-content\\\/uploads\\\/2026\\\/03\\\/PIN-ROSA_13.jpg\",\"width\":600,\"height\":600},{\"@type\":\"BreadcrumbList\",\"@id\":\"https:\\\/\\\/elcrochetderose.com\\\/?product=taller-de-sant-jordi-pin-rosa#breadcrumb\",\"itemListElement\":[{\"@type\":\"ListItem\",\"position\":1,\"name\":\"Home\",\"item\":\"https:\\\/\\\/elcrochetderose.com\\\/\"},{\"@type\":\"ListItem\",\"position\":2,\"name\":\"Tienda de crochet\",\"item\":\"https:\\\/\\\/elcrochetderose.com\\\/?page_id=1734\"},{\"@type\":\"ListItem\",\"position\":3,\"name\":\"Taller de Sant Jordi \u00abPin Rosa\u00bb\"}]},{\"@type\":\"WebSite\",\"@id\":\"https:\\\/\\\/elcrochetderose.com\\\/#website\",\"url\":\"https:\\\/\\\/elcrochetderose.com\\\/\",\"name\":\"El crochet de Rose\",\"description\":\"\",\"publisher\":{\"@id\":\"https:\\\/\\\/elcrochetderose.com\\\/#organization\"},\"potentialAction\":[{\"@type\":\"SearchAction\",\"target\":{\"@type\":\"EntryPoint\",\"urlTemplate\":\"https:\\\/\\\/elcrochetderose.com\\\/?s={search_term_string}\"},\"query-input\":{\"@type\":\"PropertyValueSpecification\",\"valueRequired\":true,\"valueName\":\"search_term_string\"}}],\"inLanguage\":\"es\"},{\"@type\":\"Organization\",\"@id\":\"https:\\\/\\\/elcrochetderose.com\\\/#organization\",\"name\":\"El crochet de Rose\",\"url\":\"https:\\\/\\\/elcrochetderose.com\\\/\",\"logo\":{\"@type\":\"ImageObject\",\"inLanguage\":\"es\",\"@id\":\"https:\\\/\\\/elcrochetderose.com\\\/#\\\/schema\\\/logo\\\/image\\\/\",\"url\":\"https:\\\/\\\/elcrochetderose.com\\\/wp-content\\\/uploads\\\/2024\\\/07\\\/cropped-logo-mostaza-el-crochet-de-rose.png\",\"contentUrl\":\"https:\\\/\\\/elcrochetderose.com\\\/wp-content\\\/uploads\\\/2024\\\/07\\\/cropped-logo-mostaza-el-crochet-de-rose.png\",\"width\":266,\"height\":80,\"caption\":\"El crochet de Rose\"},\"image\":{\"@id\":\"https:\\\/\\\/elcrochetderose.com\\\/#\\\/schema\\\/logo\\\/image\\\/\"}}]}<\/script>\n<!-- \/ Yoast SEO plugin. -->","yoast_head_json":{"title":"Taller de Sant Jordi \"Pin Rosa\" - El crochet de Rose","description":"Taller de crochet de Sant Jordi crear un elegante pin de rosa tejido a mano. Aprende a dar forma a p\u00e9talos y hojas delicadas, ideal para regalar","robots":{"index":"index","follow":"follow","max-snippet":"max-snippet:-1","max-image-preview":"max-image-preview:large","max-video-preview":"max-video-preview:-1"},"canonical":"https:\/\/elcrochetderose.com\/?product=taller-de-sant-jordi-pin-rosa","og_locale":"es_ES","og_type":"article","og_title":"Taller de Sant Jordi \"Pin Rosa\" - El crochet de Rose","og_description":"Taller de crochet de Sant Jordi crear un elegante pin de rosa tejido a mano. Aprende a dar forma a p\u00e9talos y hojas delicadas, ideal para regalar","og_url":"https:\/\/elcrochetderose.com\/?product=taller-de-sant-jordi-pin-rosa","og_site_name":"El crochet de Rose","article_modified_time":"2026-03-31T12:50:53+00:00","og_image":[{"width":600,"height":600,"url":"https:\/\/elcrochetderose.com\/wp-content\/uploads\/2026\/03\/PIN-ROSA_13.jpg","type":"image\/jpeg"}],"twitter_card":"summary_large_image","twitter_misc":{"Tiempo de lectura":"2 minutos"},"schema":{"@context":"https:\/\/schema.org","@graph":[{"@type":"WebPage","@id":"https:\/\/elcrochetderose.com\/?product=taller-de-sant-jordi-pin-rosa","url":"https:\/\/elcrochetderose.com\/?product=taller-de-sant-jordi-pin-rosa","name":"Taller de Sant Jordi \"Pin Rosa\" - El crochet de Rose","isPartOf":{"@id":"https:\/\/elcrochetderose.com\/#website"},"primaryImageOfPage":{"@id":"https:\/\/elcrochetderose.com\/?product=taller-de-sant-jordi-pin-rosa#primaryimage"},"image":{"@id":"https:\/\/elcrochetderose.com\/?product=taller-de-sant-jordi-pin-rosa#primaryimage"},"thumbnailUrl":"https:\/\/elcrochetderose.com\/wp-content\/uploads\/2026\/03\/PIN-ROSA_13.jpg","datePublished":"2026-03-31T11:48:02+00:00","dateModified":"2026-03-31T12:50:53+00:00","description":"Taller de crochet de Sant Jordi crear un elegante pin de rosa tejido a mano. Aprende a dar forma a p\u00e9talos y hojas delicadas, ideal para regalar","breadcrumb":{"@id":"https:\/\/elcrochetderose.com\/?product=taller-de-sant-jordi-pin-rosa#breadcrumb"},"inLanguage":"es","potentialAction":[{"@type":"ReadAction","target":["https:\/\/elcrochetderose.com\/?product=taller-de-sant-jordi-pin-rosa"]}]},{"@type":"ImageObject","inLanguage":"es","@id":"https:\/\/elcrochetderose.com\/?product=taller-de-sant-jordi-pin-rosa#primaryimage","url":"https:\/\/elcrochetderose.com\/wp-content\/uploads\/2026\/03\/PIN-ROSA_13.jpg","contentUrl":"https:\/\/elcrochetderose.com\/wp-content\/uploads\/2026\/03\/PIN-ROSA_13.jpg","width":600,"height":600},{"@type":"BreadcrumbList","@id":"https:\/\/elcrochetderose.com\/?product=taller-de-sant-jordi-pin-rosa#breadcrumb","itemListElement":[{"@type":"ListItem","position":1,"name":"Home","item":"https:\/\/elcrochetderose.com\/"},{"@type":"ListItem","position":2,"name":"Tienda de crochet","item":"https:\/\/elcrochetderose.com\/?page_id=1734"},{"@type":"ListItem","position":3,"name":"Taller de Sant Jordi \u00abPin Rosa\u00bb"}]},{"@type":"WebSite","@id":"https:\/\/elcrochetderose.com\/#website","url":"https:\/\/elcrochetderose.com\/","name":"El crochet de Rose","description":"","publisher":{"@id":"https:\/\/elcrochetderose.com\/#organization"},"potentialAction":[{"@type":"SearchAction","target":{"@type":"EntryPoint","urlTemplate":"https:\/\/elcrochetderose.com\/?s={search_term_string}"},"query-input":{"@type":"PropertyValueSpecification","valueRequired":true,"valueName":"search_term_string"}}],"inLanguage":"es"},{"@type":"Organization","@id":"https:\/\/elcrochetderose.com\/#organization","name":"El crochet de Rose","url":"https:\/\/elcrochetderose.com\/","logo":{"@type":"ImageObject","inLanguage":"es","@id":"https:\/\/elcrochetderose.com\/#\/schema\/logo\/image\/","url":"https:\/\/elcrochetderose.com\/wp-content\/uploads\/2024\/07\/cropped-logo-mostaza-el-crochet-de-rose.png","contentUrl":"https:\/\/elcrochetderose.com\/wp-content\/uploads\/2024\/07\/cropped-logo-mostaza-el-crochet-de-rose.png","width":266,"height":80,"caption":"El crochet de Rose"},"image":{"@id":"https:\/\/elcrochetderose.com\/#\/schema\/logo\/image\/"}}]}},"_links":{"self":[{"href":"https:\/\/elcrochetderose.com\/index.php?rest_route=\/wp\/v2\/product\/3434","targetHints":{"allow":["GET"]}}],"collection":[{"href":"https:\/\/elcrochetderose.com\/index.php?rest_route=\/wp\/v2\/product"}],"about":[{"href":"https:\/\/elcrochetderose.com\/index.php?rest_route=\/wp\/v2\/types\/product"}],"replies":[{"embeddable":true,"href":"https:\/\/elcrochetderose.com\/index.php?rest_route=%2Fwp%2Fv2%2Fcomments&post=3434"}],"wp:featuredmedia":[{"embeddable":true,"href":"https:\/\/elcrochetderose.com\/index.php?rest_route=\/wp\/v2\/media\/3444"}],"wp:attachment":[{"href":"https:\/\/elcrochetderose.com\/index.php?rest_route=%2Fwp%2Fv2%2Fmedia&parent=3434"}],"wp:term":[{"taxonomy":"product_brand","embeddable":true,"href":"https:\/\/elcrochetderose.com\/index.php?rest_route=%2Fwp%2Fv2%2Fproduct_brand&post=3434"},{"taxonomy":"product_cat","embeddable":true,"href":"https:\/\/elcrochetderose.com\/index.php?rest_route=%2Fwp%2Fv2%2Fproduct_cat&post=3434"},{"taxonomy":"product_tag","embeddable":true,"href":"https:\/\/elcrochetderose.com\/index.php?rest_route=%2Fwp%2Fv2%2Fproduct_tag&post=3434"}],"curies":[{"name":"wp","href":"https:\/\/api.w.org\/{rel}","templated":true}]}}